{"id":16055,"date":"2021-01-24T16:22:31","date_gmt":"2021-01-24T15:22:31","guid":{"rendered":"https:\/\/www.caledoniaspa.com\/investigazioni\/"},"modified":"2024-03-19T16:35:37","modified_gmt":"2024-03-19T15:35:37","slug":"investigations","status":"publish","type":"page","link":"https:\/\/www.caledoniaspa.com\/fr\/investigations\/","title":{"rendered":"Investigations"},"content":{"rendered":"<div class=\"wpb-content-wrapper\">[vc_section full_width=\u00a0\u00bbstretch_row\u00a0\u00bb fade_in_opacity=\u00a0\u00bbpix-opacity-8&Prime; pix_over_visibility=\u00a0\u00bb\u00a0\u00bb responsive_css=\u00a0\u00bb{\u00ab\u00a0pix_res_sm_pt\u00ab\u00a0:\u00ab\u00a010px\u00ab\u00a0,\u00ab\u00a0pix_res_sm_pb\u00ab\u00a0:\u00ab\u00a040px\u00ab\u00a0,\u00ab\u00a0pix_res_md_pt\u00ab\u00a0:\u00ab\u00a010px\u00ab\u00a0,\u00ab\u00a0pix_res_md_pb\u00ab\u00a0:\u00ab\u00a040px\u00ab\u00a0}\u00a0\u00bb css=\u00a0\u00bb.vc_custom_1612279492257{padding-top: 150px !important;padding-bottom: 110px !important;background-color: #f8f9fa !important;}\u00a0\u00bb fade_in_intro=\u00a0\u00bb14052&Prime;][vc_row pix_particles_check=\u00a0\u00bb\u00a0\u00bb][vc_column]<div id=\"H1\" class=\"pix-heading-el text-left  vc_custom_1618395081276\"><div class=\"d-inline-block\" style=\"max-width:1000px;\"><h1 class=\"text-primary font-weight-bold h1 heading-text el-title_custom_color mb-12\" style=\"\" data-anim-type=\"\" data-anim-delay=\"0\">Investigations, respect et protection des int\u00e9r\u00eats sont notre unique valeur<\/h1><\/div><\/div><div class=\"pix-el-text w-100   vc_custom_1618395088025\" ><div class=\"d-inline-block\" style=\"max-width:1000px;\"><p class=\"text-24  text-body-default  \" ><span class=\"text-body-default animate-in d-inline-block\" data-anim-delay=\"200\" data-anim-type=\"fade-in-up\">Dans le champ des investigations qui s\u2019\u00e9tend des enqu\u00eates d\u2019entreprise, d\u2019assurances et financi\u00e8res jusqu\u2019aux enqu\u00eates men\u00e9es dans la sph\u00e8re priv\u00e9e, Caledonia place toujours la protection et le respect des int\u00e9r\u00eats du client au c\u0153ur de son \u00e9cosyst\u00e8me de services.<\/span><\/p><\/div><\/div><div class=\"pix-el-text w-100   vc_custom_1618395094843\" ><div class=\"d-inline-block\" style=\"max-width:1000px;\"><p class=\"text-18  text-body-default  \" ><span class=\"text-body-default animate-in d-inline-block\" data-anim-delay=\"200\" data-anim-type=\"fade-in-up\">Des comp\u00e9tences sp\u00e9cialis\u00e9es et une bonne compr\u00e9hension des faits sont des facteurs cl\u00e9s pour donner \u00e0 chaque preuve une valeur unique pour le client, fournissant ainsi \u00e0 chaque \u00e9tape un soutien personnalis\u00e9. L\u2019alliance d\u2019une sp\u00e9cialisation pointue et d\u2019une capacit\u00e9 relationnelle permet d\u2019arriver \u00e0 une compr\u00e9hension profonde de la personne et de ses besoins, en pr\u00e9servant constamment le facteur humain.<\/span><\/p><\/div><\/div>[\/vc_column][\/vc_row][vc_row content_placement=\u00a0\u00bbmiddle\u00a0\u00bb pix_particles_check=\u00a0\u00bb\u00a0\u00bb css=\u00a0\u00bb.vc_custom_1611851634148{padding-top: 60px !important;}\u00a0\u00bb][vc_column width=\u00a0\u00bb1\/2&Prime; css=\u00a0\u00bb.vc_custom_1611850908283{margin-bottom: 35px !important;}\u00a0\u00bb]<div class=\"card pix-content-box pix-card-element bg-white2 rounded-xl   vc_custom_1618395155701  rounded-xl  overflow-hidden shadow shadow-hover\" ><a   href=\"http:\/\/caledoniaspa.com\/fr\/investigations\/enquetes-dans-le-cadre-de-lentreprise\/\"><img decoding=\"async\" class=\"w-100\"   srcset=\"https:\/\/www.caledoniaspa.com\/wp-content\/uploads\/caledonia-bonifiche-ambientali-header-300x150.jpg 300w, https:\/\/www.caledoniaspa.com\/wp-content\/uploads\/caledonia-bonifiche-ambientali-header-1024x512.jpg 1024w, https:\/\/www.caledoniaspa.com\/wp-content\/uploads\/caledonia-bonifiche-ambientali-header-150x75.jpg 150w, https:\/\/www.caledoniaspa.com\/wp-content\/uploads\/caledonia-bonifiche-ambientali-header-768x384.jpg 768w, https:\/\/www.caledoniaspa.com\/wp-content\/uploads\/caledonia-bonifiche-ambientali-header-1536x768.jpg 1536w, https:\/\/www.caledoniaspa.com\/wp-content\/uploads\/caledonia-bonifiche-ambientali-header.jpg 1600w\" src=\"https:\/\/www.caledoniaspa.com\/wp-content\/uploads\/caledonia-bonifiche-ambientali-header.jpg\" alt=\"Enqu\u00eates dans le cadre de l\u2019entreprise\"><\/a><div class=\"pix-card-content bg-white\"><div class=\"card-body py-3\"><div style=\"\" class=\"card-title font-weight-bold text-primary h3 heading-font\">Enqu\u00eates dans le cadre de l\u2019entreprise<\/div><p class=\"card-text text-body-default \" >Les enqu\u00eates men\u00e9es dans le cadre de l\u2019entreprise prot\u00e8gent sa valeur contre les actes de concurrence d\u00e9loyale, de contrefa\u00e7on de marques et de brevets et les manquements des salari\u00e9s \u00e0 leur obligation de loyaut\u00e9.<\/p><\/div><div class=\"card-footer text-right\"><a   href=\"http:\/\/caledoniaspa.com\/fr\/investigations\/enquetes-dans-le-cadre-de-lentreprise\/\"  class=\"pix-card-link d-flex align-items-center justify-content-end font-weight-bold text-secondary text-sm\"><span class=\"d-inline-block\">Pour approfondir<\/span><svg class=\"pixfort-icon ml-1\" width=\"24\" height=\"24\"  data-name=\"Line\/pixfort-icon-arrow-right-2\" viewBox=\"2 2 20 20\"><polyline fill=\"none\" stroke=\"var(--pf-icon-color)\" stroke-linecap=\"round\" stroke-linejoin=\"round\" stroke-width=\"var(--pf-icon-stroke-width)\" points=\"9.5 17 14.5 12 9.5 7\"\/><\/svg><\/a><\/div><\/div><\/div>[\/vc_column][vc_column width=\u00a0\u00bb1\/2&Prime; css=\u00a0\u00bb.vc_custom_1611850965097{margin-bottom: 35px !important;}\u00a0\u00bb]<div class=\"card pix-content-box pix-card-element bg-white2 rounded-xl   vc_custom_1710862507184  rounded-xl  overflow-hidden shadow shadow-hover\" ><a   href=\"http:\/\/caledoniaspa.com\/fr\/investigations\/enquetes-en-matiere-dassurances\/\"><img decoding=\"async\" class=\"w-100\"   srcset=\"https:\/\/www.caledoniaspa.com\/wp-content\/uploads\/caledonia-indagini-assicurative-1-300x150.jpg 300w, https:\/\/www.caledoniaspa.com\/wp-content\/uploads\/caledonia-indagini-assicurative-1-1024x512.jpg 1024w, https:\/\/www.caledoniaspa.com\/wp-content\/uploads\/caledonia-indagini-assicurative-1-150x75.jpg 150w, https:\/\/www.caledoniaspa.com\/wp-content\/uploads\/caledonia-indagini-assicurative-1-768x384.jpg 768w, https:\/\/www.caledoniaspa.com\/wp-content\/uploads\/caledonia-indagini-assicurative-1-1536x768.jpg 1536w, https:\/\/www.caledoniaspa.com\/wp-content\/uploads\/caledonia-indagini-assicurative-1.jpg 1600w\" src=\"https:\/\/www.caledoniaspa.com\/wp-content\/uploads\/caledonia-indagini-assicurative-1.jpg\" alt=\"Enqu\u00eates en mati\u00e8re d\u2019assurances\"><\/a><div class=\"pix-card-content bg-white\"><div class=\"card-body py-3\"><div style=\"\" class=\"card-title font-weight-bold text-primary h3 heading-font\">Enqu\u00eates en mati\u00e8re d\u2019assurances<\/div><p class=\"card-text text-body-default \" >Les enqu\u00eates effectu\u00e9es en mati\u00e8re d\u2019assurances apportent une aide aux compagnies d\u2019assurances dans la pr\u00e9vention et la gestion de cas de fraude lors de sinistres, vols et dommages.<\/p><\/div><div class=\"card-footer text-right\"><a   href=\"http:\/\/caledoniaspa.com\/fr\/investigations\/enquetes-en-matiere-dassurances\/\"  class=\"pix-card-link d-flex align-items-center justify-content-end font-weight-bold text-secondary text-sm\"><span class=\"d-inline-block\">Pour approfondir<\/span><svg class=\"pixfort-icon ml-1\" width=\"24\" height=\"24\"  data-name=\"Line\/pixfort-icon-arrow-right-2\" viewBox=\"2 2 20 20\"><polyline fill=\"none\" stroke=\"var(--pf-icon-color)\" stroke-linecap=\"round\" stroke-linejoin=\"round\" stroke-width=\"var(--pf-icon-stroke-width)\" points=\"9.5 17 14.5 12 9.5 7\"\/><\/svg><\/a><\/div><\/div><\/div>[\/vc_column][\/vc_row][vc_row content_placement=\u00a0\u00bbmiddle\u00a0\u00bb pix_particles_check=\u00a0\u00bb\u00a0\u00bb][vc_column width=\u00a0\u00bb1\/3&Prime; css=\u00a0\u00bb.vc_custom_1611850914524{margin-bottom: 35px !important;}\u00a0\u00bb]<div class=\"card pix-content-box pix-card-element bg-white2 rounded-xl   vc_custom_1618395253591  rounded-xl  overflow-hidden shadow shadow-hover\" ><a   href=\"http:\/\/caledoniaspa.com\/fr\/investigations\/enquetes-economiques-et-financieres\"><img decoding=\"async\" class=\"w-100\"   srcset=\"https:\/\/www.caledoniaspa.com\/wp-content\/uploads\/caledonia-indagini-finanziarie-300x150.jpg 300w, https:\/\/www.caledoniaspa.com\/wp-content\/uploads\/caledonia-indagini-finanziarie-1024x512.jpg 1024w, https:\/\/www.caledoniaspa.com\/wp-content\/uploads\/caledonia-indagini-finanziarie-150x75.jpg 150w, https:\/\/www.caledoniaspa.com\/wp-content\/uploads\/caledonia-indagini-finanziarie-768x384.jpg 768w, https:\/\/www.caledoniaspa.com\/wp-content\/uploads\/caledonia-indagini-finanziarie-1536x768.jpg 1536w, https:\/\/www.caledoniaspa.com\/wp-content\/uploads\/caledonia-indagini-finanziarie.jpg 1600w\" src=\"https:\/\/www.caledoniaspa.com\/wp-content\/uploads\/caledonia-indagini-finanziarie.jpg\" alt=\"Enqu\u00eates \u00e9conomiques et financi\u00e8res\"><\/a><div class=\"pix-card-content bg-white\"><div class=\"card-body py-3\"><div style=\"\" class=\"card-title font-weight-bold text-primary h3 heading-font\">Enqu\u00eates \u00e9conomiques et financi\u00e8res<\/div><p class=\"card-text text-body-default \" >Les enqu\u00eates \u00e9conomiques et financi\u00e8res visent \u00e0 v\u00e9rifier la solidit\u00e9 \u00e9conomique et financi\u00e8re de personnes physiques et morales pour multiplier les occasions de conclure des affaires.<\/p><\/div><div class=\"card-footer text-right\"><a   href=\"http:\/\/caledoniaspa.com\/fr\/investigations\/enquetes-economiques-et-financieres\"  class=\"pix-card-link d-flex align-items-center justify-content-end font-weight-bold text-secondary text-sm\"><span class=\"d-inline-block\">Pour approfondir<\/span><svg class=\"pixfort-icon ml-1\" width=\"24\" height=\"24\"  data-name=\"Line\/pixfort-icon-arrow-right-2\" viewBox=\"2 2 20 20\"><polyline fill=\"none\" stroke=\"var(--pf-icon-color)\" stroke-linecap=\"round\" stroke-linejoin=\"round\" stroke-width=\"var(--pf-icon-stroke-width)\" points=\"9.5 17 14.5 12 9.5 7\"\/><\/svg><\/a><\/div><\/div><\/div>[\/vc_column][vc_column width=\u00a0\u00bb1\/3&Prime; css=\u00a0\u00bb.vc_custom_1611850937961{margin-bottom: 35px !important;}\u00a0\u00bb]<div class=\"card pix-content-box pix-card-element bg-white2 rounded-xl   vc_custom_1618395298623  rounded-xl  overflow-hidden shadow shadow-hover\" ><a   href=\"http:\/\/caledoniaspa.com\/fr\/investigations\/enquetes-aux-fins-de-defense-en-justice\"><img decoding=\"async\" class=\"w-100\"   srcset=\"https:\/\/www.caledoniaspa.com\/wp-content\/uploads\/caledonia-indagini-economiche-300x150.jpg 300w, https:\/\/www.caledoniaspa.com\/wp-content\/uploads\/caledonia-indagini-economiche-1024x512.jpg 1024w, https:\/\/www.caledoniaspa.com\/wp-content\/uploads\/caledonia-indagini-economiche-150x75.jpg 150w, https:\/\/www.caledoniaspa.com\/wp-content\/uploads\/caledonia-indagini-economiche-768x384.jpg 768w, https:\/\/www.caledoniaspa.com\/wp-content\/uploads\/caledonia-indagini-economiche-1536x768.jpg 1536w, https:\/\/www.caledoniaspa.com\/wp-content\/uploads\/caledonia-indagini-economiche.jpg 1600w\" src=\"https:\/\/www.caledoniaspa.com\/wp-content\/uploads\/caledonia-indagini-economiche.jpg\" alt=\"Enqu\u00eates aux fins de d\u00e9fense en justice\"><\/a><div class=\"pix-card-content bg-white\"><div class=\"card-body py-3\"><div style=\"\" class=\"card-title font-weight-bold text-primary h3 heading-font\">Enqu\u00eates aux fins de d\u00e9fense en justice<\/div><p class=\"card-text text-body-default \" >Les enqu\u00eates men\u00e9es aux fins de d\u00e9fense en justice constituent un service sp\u00e9cialis\u00e9 que Caledonia propose aux cabinets d\u2019avocats pour d\u00e9couvrir des informations essentielles \u00e0 utiliser dans le cadre de proc\u00e9dures p\u00e9nales.<\/p><\/div><div class=\"card-footer text-right\"><a   href=\"http:\/\/caledoniaspa.com\/fr\/investigations\/enquetes-aux-fins-de-defense-en-justice\"  class=\"pix-card-link d-flex align-items-center justify-content-end font-weight-bold text-secondary text-sm\"><span class=\"d-inline-block\">Pour approfondir<\/span><svg class=\"pixfort-icon ml-1\" width=\"24\" height=\"24\"  data-name=\"Line\/pixfort-icon-arrow-right-2\" viewBox=\"2 2 20 20\"><polyline fill=\"none\" stroke=\"var(--pf-icon-color)\" stroke-linecap=\"round\" stroke-linejoin=\"round\" stroke-width=\"var(--pf-icon-stroke-width)\" points=\"9.5 17 14.5 12 9.5 7\"\/><\/svg><\/a><\/div><\/div><\/div>[\/vc_column][vc_column width=\u00a0\u00bb1\/3&Prime; css=\u00a0\u00bb.vc_custom_1611850943440{margin-bottom: 35px !important;}\u00a0\u00bb]<div class=\"card pix-content-box pix-card-element bg-white2 rounded-xl   vc_custom_1618395344325  rounded-xl  overflow-hidden shadow shadow-hover\" ><a   href=\"http:\/\/caledoniaspa.com\/fr\/investigations\/enquetes-dans-la-sphere-privee\/\"><img decoding=\"async\" class=\"w-100\"   srcset=\"https:\/\/www.caledoniaspa.com\/wp-content\/uploads\/caledonia-indagini-private-300x150.jpg 300w, https:\/\/www.caledoniaspa.com\/wp-content\/uploads\/caledonia-indagini-private-1024x512.jpg 1024w, https:\/\/www.caledoniaspa.com\/wp-content\/uploads\/caledonia-indagini-private-150x75.jpg 150w, https:\/\/www.caledoniaspa.com\/wp-content\/uploads\/caledonia-indagini-private-768x384.jpg 768w, https:\/\/www.caledoniaspa.com\/wp-content\/uploads\/caledonia-indagini-private-1536x768.jpg 1536w, https:\/\/www.caledoniaspa.com\/wp-content\/uploads\/caledonia-indagini-private.jpg 1600w\" src=\"https:\/\/www.caledoniaspa.com\/wp-content\/uploads\/caledonia-indagini-private.jpg\" alt=\"Enqu\u00eates dans la sph\u00e8re priv\u00e9e\"><\/a><div class=\"pix-card-content bg-white\"><div class=\"card-body py-3\"><div style=\"\" class=\"card-title font-weight-bold text-primary h3 heading-font\">Enqu\u00eates dans la sph\u00e8re priv\u00e9e<\/div><p class=\"card-text text-body-default \" >Les enqu\u00eates r\u00e9alis\u00e9es dans la sph\u00e8re priv\u00e9e prot\u00e8gent la personne en cas d\u2019infid\u00e9lit\u00e9 conjugale, enqu\u00eates patrimoniales ainsi que des mineurs pour garantir leur int\u00e9grit\u00e9 corporelle.<\/p><\/div><div class=\"card-footer text-right\"><a   href=\"http:\/\/caledoniaspa.com\/fr\/investigations\/enquetes-dans-la-sphere-privee\/\"  class=\"pix-card-link d-flex align-items-center justify-content-end font-weight-bold text-secondary text-sm\"><span class=\"d-inline-block\">Pour approfondir<\/span><svg class=\"pixfort-icon ml-1\" width=\"24\" height=\"24\"  data-name=\"Line\/pixfort-icon-arrow-right-2\" viewBox=\"2 2 20 20\"><polyline fill=\"none\" stroke=\"var(--pf-icon-color)\" stroke-linecap=\"round\" stroke-linejoin=\"round\" stroke-width=\"var(--pf-icon-stroke-width)\" points=\"9.5 17 14.5 12 9.5 7\"\/><\/svg><\/a><\/div><\/div><\/div>[\/vc_column][\/vc_row][\/vc_section]<\/div>","protected":false},"excerpt":{"rendered":"[vc_section full_width=\u00a0\u00bbstretch_row\u00a0\u00bb fade_in_opacity=\u00a0\u00bbpix-opacity-8&Prime; pix_over_visibility=\u00a0\u00bb\u00a0\u00bb responsive_css=\u00a0\u00bb{\u00ab\u00a0pix_res_sm_pt\u00ab\u00a0:\u00ab\u00a010px\u00ab\u00a0,\u00ab\u00a0pix_res_sm_pb\u00ab\u00a0:\u00ab\u00a040px\u00ab\u00a0,\u00ab\u00a0pix_res_md_pt\u00ab\u00a0:\u00ab\u00a010px\u00ab\u00a0,\u00ab\u00a0pix_res_md_pb\u00ab\u00a0:\u00ab\u00a040px\u00ab\u00a0}\u00a0\u00bb css=\u00a0\u00bb.vc_custom_1612279492257{padding-top: 150px !important;padding-bottom: 110px !important;background-color: #f8f9fa !important;}\u00a0\u00bb fade_in_intro=\u00a0\u00bb14052&Prime;][vc_row pix_particles_check=\u00a0\u00bb\u00a0\u00bb][vc_column][\/vc_column][\/vc_row][vc_row content_placement=\u00a0\u00bbmiddle\u00a0\u00bb pix_particles_check=\u00a0\u00bb\u00a0\u00bb css=\u00a0\u00bb.vc_custom_1611851634148{padding-top: 60px !important;}\u00a0\u00bb][vc_column width=\u00a0\u00bb1\/2&Prime; css=\u00a0\u00bb.vc_custom_1611850908283{margin-bottom: 35px !important;}\u00a0\u00bb][\/vc_column][vc_column width=\u00a0\u00bb1\/2&Prime; css=\u00a0\u00bb.vc_custom_1611850965097{margin-bottom: 35px !important;}\u00a0\u00bb][\/vc_column][\/vc_row][vc_row content_placement=\u00a0\u00bbmiddle\u00a0\u00bb pix_particles_check=\u00a0\u00bb\u00a0\u00bb][vc_column width=\u00a0\u00bb1\/3&Prime; css=\u00a0\u00bb.vc_custom_1611850914524{margin-bottom: 35px !important;}\u00a0\u00bb][\/vc_column][vc_column width=\u00a0\u00bb1\/3&Prime; css=\u00a0\u00bb.vc_custom_1611850937961{margin-bottom: 35px !important;}\u00a0\u00bb][\/vc_column][vc_column width=\u00a0\u00bb1\/3&Prime; css=\u00a0\u00bb.vc_custom_1611850943440{margin-bottom: 35px&#8230;","protected":false},"author":1,"featured_media":0,"parent":0,"menu_order":0,"comment_status":"closed","ping_status":"closed","template":"","meta":{"inline_featured_image":false,"_monsterinsights_skip_tracking":false,"_monsterinsights_sitenote_active":false,"_monsterinsights_sitenote_note":"","_monsterinsights_sitenote_category":0,"footnotes":""},"class_list":["post-16055","page","type-page","status-publish","hentry"],"yoast_head":"<!-- This site is optimized with the Yoast SEO plugin v26.8 - https:\/\/yoast.com\/product\/yoast-seo-wordpress\/ -->\n<title>Inestigations et enqu\u00eates pour prot\u00e9ger la valeur d&#039;entreprise et priv\u00e9e<\/title>\n<meta name=\"description\" content=\"Invetigations dans les domaines des affaires, des assurances, de l&#039;\u00e9conomie et de la finance et enqu\u00eates priv\u00e9es pour prot\u00e9ger l&#039;entreprise ou la personne.\" \/>\n<meta name=\"robots\" content=\"index, follow, max-snippet:-1, max-image-preview:large, max-video-preview:-1\" \/>\n<link rel=\"canonical\" href=\"https:\/\/www.caledoniaspa.com\/fr\/investigations\/\" \/>\n<meta property=\"og:locale\" content=\"fr_FR\" \/>\n<meta property=\"og:type\" content=\"article\" \/>\n<meta property=\"og:title\" content=\"Inestigations et enqu\u00eates pour prot\u00e9ger la valeur d&#039;entreprise et priv\u00e9e\" \/>\n<meta property=\"og:description\" content=\"Invetigations dans les domaines des affaires, des assurances, de l&#039;\u00e9conomie et de la finance et enqu\u00eates priv\u00e9es pour prot\u00e9ger l&#039;entreprise ou la personne.\" \/>\n<meta property=\"og:url\" content=\"https:\/\/www.caledoniaspa.com\/fr\/investigations\/\" \/>\n<meta property=\"og:site_name\" content=\"Caledonia Spa\" \/>\n<meta property=\"article:modified_time\" content=\"2024-03-19T15:35:37+00:00\" \/>\n<meta name=\"twitter:card\" content=\"summary_large_image\" \/>\n<meta name=\"twitter:label1\" content=\"Dur\u00e9e de lecture estim\u00e9e\" \/>\n\t<meta name=\"twitter:data1\" content=\"3 minutes\" \/>\n<script type=\"application\/ld+json\" class=\"yoast-schema-graph\">{\"@context\":\"https:\/\/schema.org\",\"@graph\":[{\"@type\":\"WebPage\",\"@id\":\"https:\/\/www.caledoniaspa.com\/fr\/investigations\/\",\"url\":\"https:\/\/www.caledoniaspa.com\/fr\/investigations\/\",\"name\":\"Inestigations et enqu\u00eates pour prot\u00e9ger la valeur d'entreprise et priv\u00e9e\",\"isPartOf\":{\"@id\":\"https:\/\/www.caledoniaspa.com\/fr\/#website\"},\"datePublished\":\"2021-01-24T15:22:31+00:00\",\"dateModified\":\"2024-03-19T15:35:37+00:00\",\"description\":\"Invetigations dans les domaines des affaires, des assurances, de l'\u00e9conomie et de la finance et enqu\u00eates priv\u00e9es pour prot\u00e9ger l'entreprise ou la personne.\",\"inLanguage\":\"fr-FR\",\"potentialAction\":[{\"@type\":\"ReadAction\",\"target\":[\"https:\/\/www.caledoniaspa.com\/fr\/investigations\/\"]}]},{\"@type\":\"WebSite\",\"@id\":\"https:\/\/www.caledoniaspa.com\/fr\/#website\",\"url\":\"https:\/\/www.caledoniaspa.com\/fr\/\",\"name\":\"Caledonia Spa\",\"description\":\"Protect Your Interests\",\"publisher\":{\"@id\":\"https:\/\/www.caledoniaspa.com\/fr\/#organization\"},\"potentialAction\":[{\"@type\":\"SearchAction\",\"target\":{\"@type\":\"EntryPoint\",\"urlTemplate\":\"https:\/\/www.caledoniaspa.com\/fr\/?s={search_term_string}\"},\"query-input\":{\"@type\":\"PropertyValueSpecification\",\"valueRequired\":true,\"valueName\":\"search_term_string\"}}],\"inLanguage\":\"fr-FR\"},{\"@type\":\"Organization\",\"@id\":\"https:\/\/www.caledoniaspa.com\/fr\/#organization\",\"name\":\"Caledonia Spa\",\"url\":\"https:\/\/www.caledoniaspa.com\/fr\/\",\"logo\":{\"@type\":\"ImageObject\",\"inLanguage\":\"fr-FR\",\"@id\":\"https:\/\/www.caledoniaspa.com\/fr\/#\/schema\/logo\/image\/\",\"url\":\"https:\/\/www.caledoniaspa.com\/wp-content\/uploads\/logo.svg\",\"contentUrl\":\"https:\/\/www.caledoniaspa.com\/wp-content\/uploads\/logo.svg\",\"caption\":\"Caledonia Spa\"},\"image\":{\"@id\":\"https:\/\/www.caledoniaspa.com\/fr\/#\/schema\/logo\/image\/\"},\"sameAs\":[\"https:\/\/it.linkedin.com\/company\/caledonia-s-p-a\"]}]}<\/script>\n<!-- \/ Yoast SEO plugin. -->","yoast_head_json":{"title":"Inestigations et enqu\u00eates pour prot\u00e9ger la valeur d'entreprise et priv\u00e9e","description":"Invetigations dans les domaines des affaires, des assurances, de l'\u00e9conomie et de la finance et enqu\u00eates priv\u00e9es pour prot\u00e9ger l'entreprise ou la personne.","robots":{"index":"index","follow":"follow","max-snippet":"max-snippet:-1","max-image-preview":"max-image-preview:large","max-video-preview":"max-video-preview:-1"},"canonical":"https:\/\/www.caledoniaspa.com\/fr\/investigations\/","og_locale":"fr_FR","og_type":"article","og_title":"Inestigations et enqu\u00eates pour prot\u00e9ger la valeur d'entreprise et priv\u00e9e","og_description":"Invetigations dans les domaines des affaires, des assurances, de l'\u00e9conomie et de la finance et enqu\u00eates priv\u00e9es pour prot\u00e9ger l'entreprise ou la personne.","og_url":"https:\/\/www.caledoniaspa.com\/fr\/investigations\/","og_site_name":"Caledonia Spa","article_modified_time":"2024-03-19T15:35:37+00:00","twitter_card":"summary_large_image","twitter_misc":{"Dur\u00e9e de lecture estim\u00e9e":"3 minutes"},"schema":{"@context":"https:\/\/schema.org","@graph":[{"@type":"WebPage","@id":"https:\/\/www.caledoniaspa.com\/fr\/investigations\/","url":"https:\/\/www.caledoniaspa.com\/fr\/investigations\/","name":"Inestigations et enqu\u00eates pour prot\u00e9ger la valeur d'entreprise et priv\u00e9e","isPartOf":{"@id":"https:\/\/www.caledoniaspa.com\/fr\/#website"},"datePublished":"2021-01-24T15:22:31+00:00","dateModified":"2024-03-19T15:35:37+00:00","description":"Invetigations dans les domaines des affaires, des assurances, de l'\u00e9conomie et de la finance et enqu\u00eates priv\u00e9es pour prot\u00e9ger l'entreprise ou la personne.","inLanguage":"fr-FR","potentialAction":[{"@type":"ReadAction","target":["https:\/\/www.caledoniaspa.com\/fr\/investigations\/"]}]},{"@type":"WebSite","@id":"https:\/\/www.caledoniaspa.com\/fr\/#website","url":"https:\/\/www.caledoniaspa.com\/fr\/","name":"Caledonia Spa","description":"Protect Your Interests","publisher":{"@id":"https:\/\/www.caledoniaspa.com\/fr\/#organization"},"potentialAction":[{"@type":"SearchAction","target":{"@type":"EntryPoint","urlTemplate":"https:\/\/www.caledoniaspa.com\/fr\/?s={search_term_string}"},"query-input":{"@type":"PropertyValueSpecification","valueRequired":true,"valueName":"search_term_string"}}],"inLanguage":"fr-FR"},{"@type":"Organization","@id":"https:\/\/www.caledoniaspa.com\/fr\/#organization","name":"Caledonia Spa","url":"https:\/\/www.caledoniaspa.com\/fr\/","logo":{"@type":"ImageObject","inLanguage":"fr-FR","@id":"https:\/\/www.caledoniaspa.com\/fr\/#\/schema\/logo\/image\/","url":"https:\/\/www.caledoniaspa.com\/wp-content\/uploads\/logo.svg","contentUrl":"https:\/\/www.caledoniaspa.com\/wp-content\/uploads\/logo.svg","caption":"Caledonia Spa"},"image":{"@id":"https:\/\/www.caledoniaspa.com\/fr\/#\/schema\/logo\/image\/"},"sameAs":["https:\/\/it.linkedin.com\/company\/caledonia-s-p-a"]}]}},"_links":{"self":[{"href":"https:\/\/www.caledoniaspa.com\/fr\/wp-json\/wp\/v2\/pages\/16055","targetHints":{"allow":["GET"]}}],"collection":[{"href":"https:\/\/www.caledoniaspa.com\/fr\/wp-json\/wp\/v2\/pages"}],"about":[{"href":"https:\/\/www.caledoniaspa.com\/fr\/wp-json\/wp\/v2\/types\/page"}],"author":[{"embeddable":true,"href":"https:\/\/www.caledoniaspa.com\/fr\/wp-json\/wp\/v2\/users\/1"}],"replies":[{"embeddable":true,"href":"https:\/\/www.caledoniaspa.com\/fr\/wp-json\/wp\/v2\/comments?post=16055"}],"version-history":[{"count":3,"href":"https:\/\/www.caledoniaspa.com\/fr\/wp-json\/wp\/v2\/pages\/16055\/revisions"}],"predecessor-version":[{"id":17138,"href":"https:\/\/www.caledoniaspa.com\/fr\/wp-json\/wp\/v2\/pages\/16055\/revisions\/17138"}],"wp:attachment":[{"href":"https:\/\/www.caledoniaspa.com\/fr\/wp-json\/wp\/v2\/media?parent=16055"}],"curies":[{"name":"wp","href":"https:\/\/api.w.org\/{rel}","templated":true}]}}