{"id":16043,"date":"2020-12-16T16:00:29","date_gmt":"2020-12-16T15:00:29","guid":{"rendered":"https:\/\/www.caledoniaspa.com\/gestion-des-creances\/gestione-e-recupero-crediti\/"},"modified":"2024-03-19T16:19:12","modified_gmt":"2024-03-19T15:19:12","slug":"gestion-et-recouvrement-de-creances","status":"publish","type":"page","link":"https:\/\/www.caledoniaspa.com\/fr\/gestion-des-creances\/gestion-et-recouvrement-de-creances\/","title":{"rendered":"Gestion et recouvrement de cr\u00e9ances"},"content":{"rendered":"<div class=\"wpb-content-wrapper\">[vc_section full_width=\u00a0\u00bbstretch_row\u00a0\u00bb content_placement=\u00a0\u00bbmiddle\u00a0\u00bb fade_in_opacity=\u00a0\u00bbpix-opacity-7&Prime; pix_over_visibility=\u00a0\u00bb\u00a0\u00bb pix_overlay_color=\u00a0\u00bbblack\u00a0\u00bb css=\u00a0\u00bb.vc_custom_1710861548681{background-color: #ffffff !important;}\u00a0\u00bb pix_overlay_opacity=\u00a0\u00bb1&Prime; b_custom_height=\u00a0\u00bb300px\u00a0\u00bb fade_in_intro=\u00a0\u00bb17112&Prime;][vc_row pix_particles_check=\u00a0\u00bb\u00a0\u00bb responsive_css=\u00a0\u00bb{\u00ab\u00a0pix_res_sm_pt\u00ab\u00a0:\u00ab\u00a00px\u00ab\u00a0,\u00ab\u00a0pix_res_md_pt\u00ab\u00a0:\u00ab\u00a00px\u00ab\u00a0}\u00a0\u00bb css=\u00a0\u00bb.vc_custom_1612279093745{padding-top: 150px !important;padding-bottom: 70px !important;}\u00a0\u00bb][vc_column css=\u00a0\u00bb.vc_custom_1589595508057{padding-top: 20px !important;padding-bottom: 20px !important;}\u00a0\u00bb]<div id=\"H1\" class=\"pix-heading-el text-left  vc_custom_1618419781176\"><div class=\"d-inline-block\" style=\"max-width:1000px;\"><h1 class=\"text-white font-weight-bold h1 animate-in heading-text el-title_custom_color mb-12\" style=\"\" data-anim-type=\"fade-in\" data-anim-delay=\"200\">La gestion et le recouvrement de cr\u00e9ances \u00e9lev\u00e9s au rang de science<\/h1><\/div><\/div><div class=\"pix-el-text w-100   vc_custom_1618419788590\" ><div class=\"d-inline-block\" style=\"max-width:900px;\"><p class=\"text-24  text-white  \" ><span class=\"text-white animate-in d-inline-block\" data-anim-delay=\"400\" data-anim-type=\"fade-in-up\">Forte de ses nombreuses ann\u00e9es d\u2019exp\u00e9rience, Caledonia a mis au point une approche hautement sp\u00e9cialis\u00e9e dans la gestion des cr\u00e9ances pour les particuliers et les entreprises des secteurs bancaire et financier et pour des soci\u00e9t\u00e9s de leasing et de location.<\/span><\/p><\/div><\/div><a  href=\"http:\/\/www.caledoniaspa.com\/fr\/contacts\/\" class=\"btn mb-2    vc_custom_1618393784826  shadow-sm shadow-hover-sm text-primary btn-white d-inline-flex align-items-center pix-hover-item       btn-md\"     ><span class=\"font-weight-bold \" >Nous contacter<\/span><svg class=\"pixfort-icon font-weight-bold  pix-hover-right  ml-2\" width=\"24\" height=\"24\"  data-name=\"Line\/pixfort-icon-arrow-right-2\" viewBox=\"2 2 20 20\"><polyline fill=\"none\" stroke=\"var(--pf-icon-color)\" stroke-linecap=\"round\" stroke-linejoin=\"round\" stroke-width=\"var(--pf-icon-stroke-width)\" points=\"9.5 17 14.5 12 9.5 7\"\/><\/svg><\/a>[\/vc_column][\/vc_row][\/vc_section][vc_section full_width=\u00a0\u00bbstretch_row\u00a0\u00bb pix_over_visibility=\u00a0\u00bb\u00a0\u00bb css=\u00a0\u00bb.vc_custom_1611338618988{background-color: #f8f9fa !important;}\u00a0\u00bb fade_in_intro=\u00a0\u00bb14052&Prime;][vc_row full_width=\u00a0\u00bbstretch_row\u00a0\u00bb gap=\u00a0\u00bb35&Prime; content_placement=\u00a0\u00bbtop\u00a0\u00bb pix_particles_check=\u00a0\u00bb\u00a0\u00bb css=\u00a0\u00bb.vc_custom_1612436460514{padding-top: 70px !important;padding-bottom: 75px !important;}\u00a0\u00bb][vc_column width=\u00a0\u00bb1\/2&Prime;][vc_column_text]\r\n<h2><strong>Pr\u00e9venir le risque d\u2019entreprise?<\/strong>\r\n<strong>Avec Caledonia, c\u2019est devenu une v\u00e9ritable science.<\/strong><\/h2>\r\n[\/vc_column_text][vc_separator color=\u00a0\u00bbcustom\u00a0\u00bb align=\u00a0\u00bbalign_left\u00a0\u00bb border_width=\u00a0\u00bb3&Prime; accent_color=\u00a0\u00bb#3dc4f2&Prime;][\/vc_column][vc_column width=\u00a0\u00bb1\/2&Prime;][vc_column_text]\r\n\r\n<strong>Nous \u00e9tudions en d\u00e9tails chaque facteur de risque pour r\u00e9soudre de la mani\u00e8re la plus efficace et dans les meilleurs d\u00e9lais toute difficult\u00e9 li\u00e9e \u00e0 la <span style=\"color: #3dc4f2;\">gestion des cr\u00e9ances<\/span>. Pr\u00e9venir, g\u00e9rer et minimiser les risques \u00e0 l\u2019aide d\u2019une technique de recouvrement rapide, telle est la m\u00e9thode Caledonia.\r\nEn associant de mani\u00e8re synergique les actions de <span style=\"color: #3dc4f2;\">recouvrement \u00e0 domicile et t\u00e9l\u00e9phonique<\/span>, nous parvenons rapidement \u00e0 trouver une solution au dommage subi, \u00e9vitant ainsi les frais li\u00e9s \u00e0 une \u00e9ventuelle action en justice.\r\nChaque intervention est trait\u00e9e en fonction du type et de l\u2019anciennet\u00e9 de la cr\u00e9ance pour \u00e9laborer, de mani\u00e8re personnalis\u00e9e, la strat\u00e9gie la plus adapt\u00e9e \u00e0 vos besoins tout en cherchant \u00e0 maintenir des co\u00fbts r\u00e9duits.<\/strong>\r\n\r\n[\/vc_column_text][\/vc_column][\/vc_row][\/vc_section][vc_section full_width=\u00a0\u00bbstretch_row\u00a0\u00bb pix_over_visibility=\u00a0\u00bb\u00a0\u00bb css=\u00a0\u00bb.vc_custom_1611338363375{padding-bottom: 100px !important;background-color: #ffffff !important;}\u00a0\u00bb][vc_row full_width=\u00a0\u00bbstretch_row\u00a0\u00bb gap=\u00a0\u00bb35&Prime; content_placement=\u00a0\u00bbtop\u00a0\u00bb pix_particles_check=\u00a0\u00bb\u00a0\u00bb css=\u00a0\u00bb.vc_custom_1611335785260{padding-top: 80px !important;padding-bottom: 35px !important;}\u00a0\u00bb][vc_column width=\u00a0\u00bb1\/6&Prime; content_align=\u00a0\u00bbtext-center\u00a0\u00bb]<div id=\"duo-icon-53362526\" class=\"pix-icon text-left  vc_custom_1611335752009\"><div class=\"pix-icon-bg rounded-circle feature_img position-relative d-inline-flex align-items-center justify-content-center bg-secondary shadow-sm\"   style=\" width:153px;height:153px;position:relative;line-height:153px;text-align:center;\"><span style=\"font-size:85px;line-height:85px;\" class=\"text-white d-inline-flex align-middle\"><svg class=\"pixfort-icon \" width=\"85\" height=\"85\"  data-name=\"Line\/pixfort-icon-headphones-3\" viewBox=\"2 2 20 20\"><path fill=\"none\" stroke=\"var(--pf-icon-color)\" stroke-linecap=\"round\" stroke-linejoin=\"round\" stroke-width=\"var(--pf-icon-stroke-width)\" d=\"M15,20 L17,20 C18.6568542,20 20,18.6568542 20,17 L20,14 L20,14 C20,13.6146301 20,12.4479634 20,10.5 C20,5.80557963 16,3 12,3 C8,3 3.99989551,6 3.99989551,10.5 C3.99989551,12.4363993 3.99989551,13.2697326 3.99989551,13 M12.9998955,19 L13.9998955,19 C14.5521803,19 14.9998955,19.4477153 14.9998955,20 C14.9998955,20.5522847 14.5521803,21 13.9998955,21 L12.9998955,21 C12.4476108,21 11.9998955,20.5522847 11.9998955,20 C11.9998955,19.4477153 12.4476108,19 12.9998955,19 Z M5.99989551,11 C7.10446501,11 7.99989551,11.8954305 7.99989551,13 L7.99989551,14 C7.99989551,15.1045695 7.10446501,16 5.99989551,16 C4.89532601,16 3.99989551,15.1045695 3.99989551,14 L3.99989551,13 C3.99989551,11.8954305 4.89532601,11 5.99989551,11 Z M17.9998955,11 C19.104465,11 19.9998955,11.8954305 19.9998955,13 L19.9998955,14 C19.9998955,15.1045695 19.104465,16 17.9998955,16 C16.895326,16 15.9998955,15.1045695 15.9998955,14 L15.9998955,13 C15.9998955,11.8954305 16.895326,11 17.9998955,11 Z\"\/><\/svg><\/span><\/div><\/div>[\/vc_column][vc_column width=\u00a0\u00bb5\/6&Prime; css=\u00a0\u00bb.vc_custom_1611307619713{padding-left: 50px !important;}\u00a0\u00bb]<div id=\"H2\" class=\"pix-heading-el text-left  vc_custom_1618393914644\"><h2 class=\"text-primary font-weight-bold h2 heading-text el-title_custom_color mb-12\" style=\"\" data-anim-type=\"\" data-anim-delay=\"0\">Recouvrement t\u00e9l\u00e9phonique<\/h2><\/div><div id=\"H3\" class=\"pix-heading-el text-left  vc_custom_1618393921293\"><h3 class=\"text-secondary font-weight-bold h3 heading-text el-title_custom_color mb-12\" style=\"\" data-anim-type=\"\" data-anim-delay=\"0\">Lorsque l\u2019objectif est d\u2019agir avec une efficacit\u00e9 maximale et dans les meilleurs d\u00e9lais<\/h3><\/div>[vc_column_text]\r\n\r\nLa rapidit\u00e9 et le tranchant de l\u2019intervention sont des facteurs cl\u00e9s dans la <strong>gestion des cr\u00e9ances<\/strong>.\r\nLe <strong>recouvrement t\u00e9l\u00e9phonique<\/strong> s\u2019effectue enti\u00e8rement \u00e0 l\u2019aide d\u2019op\u00e9rateurs internes qui ont suivi des cours de formation et de sp\u00e9cialisation garantissant que l\u2019intervention sera r\u00e9alis\u00e9e avec comp\u00e9tence et rapidit\u00e9.\r\n\r\nL\u2019action se concentre sur des <strong>sollicitations t\u00e9l\u00e9phoniques<\/strong>, effectu\u00e9es sur <strong>plusieurs jours et diff\u00e9rentes plages<\/strong> horaires durant la p\u00e9riode de traitement du dossier qui sera g\u00e9r\u00e9 de la mani\u00e8re la plus efficace.\r\n\r\n[\/vc_column_text][\/vc_column][\/vc_row][vc_row pix_particles_check=\u00a0\u00bb\u00a0\u00bb][vc_column][vc_separator border_width=\u00a0\u00bb2&Prime;][\/vc_column][\/vc_row][vc_row full_width=\u00a0\u00bbstretch_row\u00a0\u00bb gap=\u00a0\u00bb35&Prime; content_placement=\u00a0\u00bbtop\u00a0\u00bb pix_particles_check=\u00a0\u00bb\u00a0\u00bb css=\u00a0\u00bb.vc_custom_1611335819394{padding-top: 35px !important;}\u00a0\u00bb][vc_column width=\u00a0\u00bb1\/6&Prime; content_align=\u00a0\u00bbtext-center\u00a0\u00bb]<div id=\"duo-icon-115404799\" class=\"pix-icon text-left  vc_custom_1611308237597\"><div class=\"pix-icon-bg rounded-circle feature_img position-relative d-inline-flex align-items-center justify-content-center bg-secondary shadow-sm\"   style=\" width:153px;height:153px;position:relative;line-height:153px;text-align:center;\"><span style=\"font-size:85px;line-height:85px;\" class=\"text-white d-inline-flex align-middle\"><svg class=\"pixfort-icon \" width=\"85\" height=\"85\"  data-name=\"Line\/pixfort-icon-user-circle-pin-1\" viewBox=\"2 2 20 20\"><path fill=\"none\" stroke=\"var(--pf-icon-color)\" stroke-linecap=\"round\" stroke-linejoin=\"round\" stroke-width=\"var(--pf-icon-stroke-width)\" d=\"M21,12 C21,7.02943725 16.9705627,3 12,3 C7.02943725,3 3,7.02943725 3,12 C3,16.9705627 7.02943725,21 12,21 C12.6782175,21 13.3389135,20.924981 13.9742424,20.7827883 M5.63686238,18.367264 C7.12663784,16.789088 9.24768372,16 12,16 C12.3442044,16 12.6785358,16.0123413 13.0029941,16.037024 M12,13 C13.6568542,13 15,11.6568542 15,10 C15,8.34314575 13.6568542,7 12,7 C10.3431458,7 9,8.34314575 9,10 C9,11.6568542 10.3431458,13 12,13 Z M18.5294118,21.6 C20.1764706,19.6784314 21,18.1686275 21,17.0705882 C21,15.8352941 20.1212913,14.6 18.5294118,14.6 C16.9375322,14.6 16.0588235,15.8352941 16.0588235,17.0705882 C16.0588235,18.1686275 16.8823529,19.6784314 18.5294118,21.6 Z\"\/><\/svg><\/span><\/div><\/div>[\/vc_column][vc_column width=\u00a0\u00bb5\/6&Prime; css=\u00a0\u00bb.vc_custom_1611336217637{padding-left: 50px !important;}\u00a0\u00bb]<div id=\"H2\" class=\"pix-heading-el text-left  vc_custom_1618394032596\"><h2 class=\"text-primary font-weight-bold h2 heading-text el-title_custom_color mb-12\" style=\"\" data-anim-type=\"\" data-anim-delay=\"0\">Recouvrement \u00e0 domicile<\/h2><\/div><div id=\"H3\" class=\"pix-heading-el text-left  vc_custom_1618394045995\"><h3 class=\"text-secondary font-weight-bold h3 heading-text el-title_custom_color mb-12\" style=\"\" data-anim-type=\"\" data-anim-delay=\"0\">Recouvrer votre cr\u00e9ance devient notre priorit\u00e9<\/h3><\/div>[vc_column_text]\r\n\r\nCaledonia intervient avec dynamisme et souplesse sur l\u2019ensemble du territoire national et \u00e0 l\u2019\u00e9tranger.\r\nLe <strong>recouvrement \u00e0 domicile<\/strong> s\u2019effectue \u00e0 travers le maillage de professionnels internes et du r\u00e9seau de recouvrement, en mesure de traiter avec sensibilit\u00e9 et efficacit\u00e9 toute difficult\u00e9 gr\u00e2ce \u00e0 une surveillance constante du territoire.\r\n\r\nToutes les strat\u00e9gies \u00e9labor\u00e9es par Caledonia ont pour principal objectif de <strong>recouvrer la cr\u00e9ance<\/strong> le plus rapidement possible pour \u00e9viter les frais li\u00e9s \u00e0 une \u00e9ventuelle action en justice.\r\n\r\n[\/vc_column_text][\/vc_column][\/vc_row][\/vc_section]<\/div>","protected":false},"excerpt":{"rendered":"[vc_section full_width=\u00a0\u00bbstretch_row\u00a0\u00bb content_placement=\u00a0\u00bbmiddle\u00a0\u00bb fade_in_opacity=\u00a0\u00bbpix-opacity-7&Prime; pix_over_visibility=\u00a0\u00bb\u00a0\u00bb pix_overlay_color=\u00a0\u00bbblack\u00a0\u00bb css=\u00a0\u00bb.vc_custom_1710861548681{background-color: #ffffff !important;}\u00a0\u00bb pix_overlay_opacity=\u00a0\u00bb1&Prime; b_custom_height=\u00a0\u00bb300px\u00a0\u00bb fade_in_intro=\u00a0\u00bb17112&Prime;][vc_row pix_particles_check=\u00a0\u00bb\u00a0\u00bb responsive_css=\u00a0\u00bb{\u00ab\u00a0pix_res_sm_pt\u00ab\u00a0:\u00ab\u00a00px\u00ab\u00a0,\u00ab\u00a0pix_res_md_pt\u00ab\u00a0:\u00ab\u00a00px\u00ab\u00a0}\u00a0\u00bb css=\u00a0\u00bb.vc_custom_1612279093745{padding-top: 150px !important;padding-bottom: 70px !important;}\u00a0\u00bb][vc_column css=\u00a0\u00bb.vc_custom_1589595508057{padding-top: 20px !important;padding-bottom: 20px !important;}\u00a0\u00bb][\/vc_column][\/vc_row][\/vc_section][vc_section full_width=\u00a0\u00bbstretch_row\u00a0\u00bb pix_over_visibility=\u00a0\u00bb\u00a0\u00bb css=\u00a0\u00bb.vc_custom_1611338618988{background-color: #f8f9fa !important;}\u00a0\u00bb fade_in_intro=\u00a0\u00bb14052&Prime;][vc_row full_width=\u00a0\u00bbstretch_row\u00a0\u00bb gap=\u00a0\u00bb35&Prime; content_placement=\u00a0\u00bbtop\u00a0\u00bb pix_particles_check=\u00a0\u00bb\u00a0\u00bb css=\u00a0\u00bb.vc_custom_1612436460514{padding-top: 70px !important;padding-bottom: 75px !important;}\u00a0\u00bb][vc_column width=\u00a0\u00bb1\/2&Prime;][vc_column_text]&#8230;","protected":false},"author":1,"featured_media":0,"parent":16040,"menu_order":0,"comment_status":"closed","ping_status":"closed","template":"","meta":{"inline_featured_image":false,"_monsterinsights_skip_tracking":false,"_monsterinsights_sitenote_active":false,"_monsterinsights_sitenote_note":"","_monsterinsights_sitenote_category":0,"footnotes":""},"class_list":["post-16043","page","type-page","status-publish","hentry"],"yoast_head":"<!-- This site is optimized with the Yoast SEO plugin v26.8 - https:\/\/yoast.com\/product\/yoast-seo-wordpress\/ -->\n<title>Gestion du cr\u00e9dit: synergie collecte \u00e0 domicile et collecte t\u00e9l\u00e9phonique<\/title>\n<meta name=\"description\" content=\"Caledonia SpA est sp\u00e9cialis\u00e9e dans la gestion de cr\u00e9dit et op\u00e8re avec une strat\u00e9gie combin\u00e9e de collecte de t\u00e9l\u00e9phone et de collecte \u00e0 domicile.\" \/>\n<meta name=\"robots\" content=\"index, follow, max-snippet:-1, max-image-preview:large, max-video-preview:-1\" \/>\n<link rel=\"canonical\" href=\"https:\/\/www.caledoniaspa.com\/fr\/gestion-des-creances\/gestion-et-recouvrement-de-creances\/\" \/>\n<meta property=\"og:locale\" content=\"fr_FR\" \/>\n<meta property=\"og:type\" content=\"article\" \/>\n<meta property=\"og:title\" content=\"Gestion du cr\u00e9dit: synergie collecte \u00e0 domicile et collecte t\u00e9l\u00e9phonique\" \/>\n<meta property=\"og:description\" content=\"Caledonia SpA est sp\u00e9cialis\u00e9e dans la gestion de cr\u00e9dit et op\u00e8re avec une strat\u00e9gie combin\u00e9e de collecte de t\u00e9l\u00e9phone et de collecte \u00e0 domicile.\" \/>\n<meta property=\"og:url\" content=\"https:\/\/www.caledoniaspa.com\/fr\/gestion-des-creances\/gestion-et-recouvrement-de-creances\/\" \/>\n<meta property=\"og:site_name\" content=\"Caledonia Spa\" \/>\n<meta property=\"article:modified_time\" content=\"2024-03-19T15:19:12+00:00\" \/>\n<meta name=\"twitter:card\" content=\"summary_large_image\" \/>\n<meta name=\"twitter:label1\" content=\"Dur\u00e9e de lecture estim\u00e9e\" \/>\n\t<meta name=\"twitter:data1\" content=\"3 minutes\" \/>\n<script type=\"application\/ld+json\" class=\"yoast-schema-graph\">{\"@context\":\"https:\/\/schema.org\",\"@graph\":[{\"@type\":\"WebPage\",\"@id\":\"https:\/\/www.caledoniaspa.com\/fr\/gestion-des-creances\/gestion-et-recouvrement-de-creances\/\",\"url\":\"https:\/\/www.caledoniaspa.com\/fr\/gestion-des-creances\/gestion-et-recouvrement-de-creances\/\",\"name\":\"Gestion du cr\u00e9dit: synergie collecte \u00e0 domicile et collecte t\u00e9l\u00e9phonique\",\"isPartOf\":{\"@id\":\"https:\/\/www.caledoniaspa.com\/fr\/#website\"},\"datePublished\":\"2020-12-16T15:00:29+00:00\",\"dateModified\":\"2024-03-19T15:19:12+00:00\",\"description\":\"Caledonia SpA est sp\u00e9cialis\u00e9e dans la gestion de cr\u00e9dit et op\u00e8re avec une strat\u00e9gie combin\u00e9e de collecte de t\u00e9l\u00e9phone et de collecte \u00e0 domicile.\",\"breadcrumb\":{\"@id\":\"https:\/\/www.caledoniaspa.com\/fr\/gestion-des-creances\/gestion-et-recouvrement-de-creances\/#breadcrumb\"},\"inLanguage\":\"fr-FR\",\"potentialAction\":[{\"@type\":\"ReadAction\",\"target\":[\"https:\/\/www.caledoniaspa.com\/fr\/gestion-des-creances\/gestion-et-recouvrement-de-creances\/\"]}]},{\"@type\":\"BreadcrumbList\",\"@id\":\"https:\/\/www.caledoniaspa.com\/fr\/gestion-des-creances\/gestion-et-recouvrement-de-creances\/#breadcrumb\",\"itemListElement\":[{\"@type\":\"ListItem\",\"position\":1,\"name\":\"Gestion des cr\u00e9ances\",\"item\":\"https:\/\/www.caledoniaspa.com\/fr\/gestion-des-creances\/\"},{\"@type\":\"ListItem\",\"position\":2,\"name\":\"Gestion et recouvrement de cr\u00e9ances\"}]},{\"@type\":\"WebSite\",\"@id\":\"https:\/\/www.caledoniaspa.com\/fr\/#website\",\"url\":\"https:\/\/www.caledoniaspa.com\/fr\/\",\"name\":\"Caledonia Spa\",\"description\":\"Protect Your Interests\",\"publisher\":{\"@id\":\"https:\/\/www.caledoniaspa.com\/fr\/#organization\"},\"potentialAction\":[{\"@type\":\"SearchAction\",\"target\":{\"@type\":\"EntryPoint\",\"urlTemplate\":\"https:\/\/www.caledoniaspa.com\/fr\/?s={search_term_string}\"},\"query-input\":{\"@type\":\"PropertyValueSpecification\",\"valueRequired\":true,\"valueName\":\"search_term_string\"}}],\"inLanguage\":\"fr-FR\"},{\"@type\":\"Organization\",\"@id\":\"https:\/\/www.caledoniaspa.com\/fr\/#organization\",\"name\":\"Caledonia Spa\",\"url\":\"https:\/\/www.caledoniaspa.com\/fr\/\",\"logo\":{\"@type\":\"ImageObject\",\"inLanguage\":\"fr-FR\",\"@id\":\"https:\/\/www.caledoniaspa.com\/fr\/#\/schema\/logo\/image\/\",\"url\":\"https:\/\/www.caledoniaspa.com\/wp-content\/uploads\/logo.svg\",\"contentUrl\":\"https:\/\/www.caledoniaspa.com\/wp-content\/uploads\/logo.svg\",\"caption\":\"Caledonia Spa\"},\"image\":{\"@id\":\"https:\/\/www.caledoniaspa.com\/fr\/#\/schema\/logo\/image\/\"},\"sameAs\":[\"https:\/\/it.linkedin.com\/company\/caledonia-s-p-a\"]}]}<\/script>\n<!-- \/ Yoast SEO plugin. -->","yoast_head_json":{"title":"Gestion du cr\u00e9dit: synergie collecte \u00e0 domicile et collecte t\u00e9l\u00e9phonique","description":"Caledonia SpA est sp\u00e9cialis\u00e9e dans la gestion de cr\u00e9dit et op\u00e8re avec une strat\u00e9gie combin\u00e9e de collecte de t\u00e9l\u00e9phone et de collecte \u00e0 domicile.","robots":{"index":"index","follow":"follow","max-snippet":"max-snippet:-1","max-image-preview":"max-image-preview:large","max-video-preview":"max-video-preview:-1"},"canonical":"https:\/\/www.caledoniaspa.com\/fr\/gestion-des-creances\/gestion-et-recouvrement-de-creances\/","og_locale":"fr_FR","og_type":"article","og_title":"Gestion du cr\u00e9dit: synergie collecte \u00e0 domicile et collecte t\u00e9l\u00e9phonique","og_description":"Caledonia SpA est sp\u00e9cialis\u00e9e dans la gestion de cr\u00e9dit et op\u00e8re avec une strat\u00e9gie combin\u00e9e de collecte de t\u00e9l\u00e9phone et de collecte \u00e0 domicile.","og_url":"https:\/\/www.caledoniaspa.com\/fr\/gestion-des-creances\/gestion-et-recouvrement-de-creances\/","og_site_name":"Caledonia Spa","article_modified_time":"2024-03-19T15:19:12+00:00","twitter_card":"summary_large_image","twitter_misc":{"Dur\u00e9e de lecture estim\u00e9e":"3 minutes"},"schema":{"@context":"https:\/\/schema.org","@graph":[{"@type":"WebPage","@id":"https:\/\/www.caledoniaspa.com\/fr\/gestion-des-creances\/gestion-et-recouvrement-de-creances\/","url":"https:\/\/www.caledoniaspa.com\/fr\/gestion-des-creances\/gestion-et-recouvrement-de-creances\/","name":"Gestion du cr\u00e9dit: synergie collecte \u00e0 domicile et collecte t\u00e9l\u00e9phonique","isPartOf":{"@id":"https:\/\/www.caledoniaspa.com\/fr\/#website"},"datePublished":"2020-12-16T15:00:29+00:00","dateModified":"2024-03-19T15:19:12+00:00","description":"Caledonia SpA est sp\u00e9cialis\u00e9e dans la gestion de cr\u00e9dit et op\u00e8re avec une strat\u00e9gie combin\u00e9e de collecte de t\u00e9l\u00e9phone et de collecte \u00e0 domicile.","breadcrumb":{"@id":"https:\/\/www.caledoniaspa.com\/fr\/gestion-des-creances\/gestion-et-recouvrement-de-creances\/#breadcrumb"},"inLanguage":"fr-FR","potentialAction":[{"@type":"ReadAction","target":["https:\/\/www.caledoniaspa.com\/fr\/gestion-des-creances\/gestion-et-recouvrement-de-creances\/"]}]},{"@type":"BreadcrumbList","@id":"https:\/\/www.caledoniaspa.com\/fr\/gestion-des-creances\/gestion-et-recouvrement-de-creances\/#breadcrumb","itemListElement":[{"@type":"ListItem","position":1,"name":"Gestion des cr\u00e9ances","item":"https:\/\/www.caledoniaspa.com\/fr\/gestion-des-creances\/"},{"@type":"ListItem","position":2,"name":"Gestion et recouvrement de cr\u00e9ances"}]},{"@type":"WebSite","@id":"https:\/\/www.caledoniaspa.com\/fr\/#website","url":"https:\/\/www.caledoniaspa.com\/fr\/","name":"Caledonia Spa","description":"Protect Your Interests","publisher":{"@id":"https:\/\/www.caledoniaspa.com\/fr\/#organization"},"potentialAction":[{"@type":"SearchAction","target":{"@type":"EntryPoint","urlTemplate":"https:\/\/www.caledoniaspa.com\/fr\/?s={search_term_string}"},"query-input":{"@type":"PropertyValueSpecification","valueRequired":true,"valueName":"search_term_string"}}],"inLanguage":"fr-FR"},{"@type":"Organization","@id":"https:\/\/www.caledoniaspa.com\/fr\/#organization","name":"Caledonia Spa","url":"https:\/\/www.caledoniaspa.com\/fr\/","logo":{"@type":"ImageObject","inLanguage":"fr-FR","@id":"https:\/\/www.caledoniaspa.com\/fr\/#\/schema\/logo\/image\/","url":"https:\/\/www.caledoniaspa.com\/wp-content\/uploads\/logo.svg","contentUrl":"https:\/\/www.caledoniaspa.com\/wp-content\/uploads\/logo.svg","caption":"Caledonia Spa"},"image":{"@id":"https:\/\/www.caledoniaspa.com\/fr\/#\/schema\/logo\/image\/"},"sameAs":["https:\/\/it.linkedin.com\/company\/caledonia-s-p-a"]}]}},"_links":{"self":[{"href":"https:\/\/www.caledoniaspa.com\/fr\/wp-json\/wp\/v2\/pages\/16043","targetHints":{"allow":["GET"]}}],"collection":[{"href":"https:\/\/www.caledoniaspa.com\/fr\/wp-json\/wp\/v2\/pages"}],"about":[{"href":"https:\/\/www.caledoniaspa.com\/fr\/wp-json\/wp\/v2\/types\/page"}],"author":[{"embeddable":true,"href":"https:\/\/www.caledoniaspa.com\/fr\/wp-json\/wp\/v2\/users\/1"}],"replies":[{"embeddable":true,"href":"https:\/\/www.caledoniaspa.com\/fr\/wp-json\/wp\/v2\/comments?post=16043"}],"version-history":[{"count":5,"href":"https:\/\/www.caledoniaspa.com\/fr\/wp-json\/wp\/v2\/pages\/16043\/revisions"}],"predecessor-version":[{"id":17122,"href":"https:\/\/www.caledoniaspa.com\/fr\/wp-json\/wp\/v2\/pages\/16043\/revisions\/17122"}],"up":[{"embeddable":true,"href":"https:\/\/www.caledoniaspa.com\/fr\/wp-json\/wp\/v2\/pages\/16040"}],"wp:attachment":[{"href":"https:\/\/www.caledoniaspa.com\/fr\/wp-json\/wp\/v2\/media?parent=16043"}],"curies":[{"name":"wp","href":"https:\/\/api.w.org\/{rel}","templated":true}]}}