{"id":16040,"date":"2020-12-14T18:14:15","date_gmt":"2020-12-14T17:14:15","guid":{"rendered":"https:\/\/www.caledoniaspa.com\/gestione-del-credito\/"},"modified":"2024-03-19T16:14:00","modified_gmt":"2024-03-19T15:14:00","slug":"gestion-des-creances","status":"publish","type":"page","link":"https:\/\/www.caledoniaspa.com\/fr\/gestion-des-creances\/","title":{"rendered":"Gestion des cr\u00e9ances"},"content":{"rendered":"<div class=\"wpb-content-wrapper\">[vc_section full_width=\u00a0\u00bbstretch_row\u00a0\u00bb fade_in_opacity=\u00a0\u00bbpix-opacity-8&Prime; pix_over_visibility=\u00a0\u00bb\u00a0\u00bb responsive_css=\u00a0\u00bb{\u00ab\u00a0pix_res_sm_pt\u00ab\u00a0:\u00ab\u00a010px\u00ab\u00a0,\u00ab\u00a0pix_res_sm_pb\u00ab\u00a0:\u00ab\u00a040px\u00ab\u00a0,\u00ab\u00a0pix_res_md_pt\u00ab\u00a0:\u00ab\u00a010px\u00ab\u00a0,\u00ab\u00a0pix_res_md_pb\u00ab\u00a0:\u00ab\u00a040px\u00ab\u00a0}\u00a0\u00bb css=\u00a0\u00bb.vc_custom_1612279429806{padding-top: 150px !important;padding-bottom: 110px !important;background-color: #f8f9fa !important;}\u00a0\u00bb fade_in_intro=\u00a0\u00bb14052&Prime;][vc_row pix_particles_check=\u00a0\u00bb\u00a0\u00bb][vc_column]<div id=\"H1\" class=\"pix-heading-el text-left  vc_custom_1618393465033\"><h1 class=\"text-primary font-weight-bold h1 heading-text el-title_custom_color mb-12\" style=\"\" data-anim-type=\"\" data-anim-delay=\"0\">Gestion des cr\u00e9ances<\/h1><\/div><div class=\"pix-el-text w-100   vc_custom_1618393479298\" ><div class=\"d-inline-block\" style=\"max-width:1100px;\"><p class=\"text-24  text-body-default  \" ><span class=\"text-body-default animate-in d-inline-block\" data-anim-delay=\"200\" data-anim-type=\"fade-in-up\">Une m\u00e9thode hautement sp\u00e9cialis\u00e9e en mati\u00e8re de recouvrement de cr\u00e9ances, de tra\u00e7age et de r\u00e9cup\u00e9ration des biens fond\u00e9e sur les techniques conjointes de recouvrement rapide et de recouvrement \u00e0 domicile et par t\u00e9l\u00e9phone.<\/span><\/p><\/div><\/div>[\/vc_column][\/vc_row][vc_row content_placement=\u00a0\u00bbmiddle\u00a0\u00bb pix_particles_check=\u00a0\u00bb\u00a0\u00bb css=\u00a0\u00bb.vc_custom_1611851605415{padding-top: 50px !important;}\u00a0\u00bb][vc_column width=\u00a0\u00bb1\/2&Prime; css=\u00a0\u00bb.vc_custom_1611851297974{margin-bottom: 35px !important;}\u00a0\u00bb]<div class=\"card pix-content-box pix-card-element bg-white2 rounded-xl   vc_custom_1710861236615  rounded-xl  overflow-hidden shadow shadow-hover\" ><a   href=\"http:\/\/caledoniaspa.com\/fr\/gestion-des-creances\/gestion-et-recouvrement-de-creances\/\"><img decoding=\"async\" class=\"w-100\"   srcset=\"https:\/\/www.caledoniaspa.com\/wp-content\/uploads\/caledonia-recupero-crediti-1-300x150.jpg 300w, https:\/\/www.caledoniaspa.com\/wp-content\/uploads\/caledonia-recupero-crediti-1-1024x512.jpg 1024w, https:\/\/www.caledoniaspa.com\/wp-content\/uploads\/caledonia-recupero-crediti-1-150x75.jpg 150w, https:\/\/www.caledoniaspa.com\/wp-content\/uploads\/caledonia-recupero-crediti-1-768x384.jpg 768w, https:\/\/www.caledoniaspa.com\/wp-content\/uploads\/caledonia-recupero-crediti-1-1536x768.jpg 1536w, https:\/\/www.caledoniaspa.com\/wp-content\/uploads\/caledonia-recupero-crediti-1.jpg 1600w\" src=\"https:\/\/www.caledoniaspa.com\/wp-content\/uploads\/caledonia-recupero-crediti-1.jpg\" alt=\"Gestion et recouvrement de cr\u00e9ances\"><\/a><div class=\"pix-card-content bg-white\"><div class=\"card-body py-3\"><div style=\"\" class=\"card-title font-weight-bold text-primary h3 heading-font\">Gestion et recouvrement de cr\u00e9ances<\/div><p class=\"card-text text-body-default \" >Sp\u00e9cialis\u00e9s dans la gestion des cr\u00e9ances, nous appliquons une strat\u00e9gie combin\u00e9e de recouvrement \u00e0 domicile et par t\u00e9l\u00e9phone pour minimiser les pertes.<\/p><\/div><div class=\"card-footer text-right\"><a   href=\"http:\/\/caledoniaspa.com\/fr\/gestion-des-creances\/gestion-et-recouvrement-de-creances\/\"  class=\"pix-card-link d-flex align-items-center justify-content-end font-weight-bold text-secondary text-sm\"><span class=\"d-inline-block\">Pour approfondir<\/span><svg class=\"pixfort-icon ml-1\" width=\"24\" height=\"24\"  data-name=\"Line\/pixfort-icon-arrow-right-2\" viewBox=\"2 2 20 20\"><polyline fill=\"none\" stroke=\"var(--pf-icon-color)\" stroke-linecap=\"round\" stroke-linejoin=\"round\" stroke-width=\"var(--pf-icon-stroke-width)\" points=\"9.5 17 14.5 12 9.5 7\"\/><\/svg><\/a><\/div><\/div><\/div>[\/vc_column][vc_column width=\u00a0\u00bb1\/2&Prime; css=\u00a0\u00bb.vc_custom_1611851314984{margin-bottom: 35px !important;}\u00a0\u00bb]<div class=\"card pix-content-box pix-card-element bg-white2 rounded-xl   vc_custom_1618393602562  rounded-xl  overflow-hidden shadow shadow-hover\" ><a   href=\"http:\/\/caledoniaspa.com\/fr\/gestion-des-creances\/tracage-et-recuperation-de-biens\/\"><img decoding=\"async\" class=\"w-100\"   srcset=\"https:\/\/www.caledoniaspa.com\/wp-content\/uploads\/caledonia-rintraccio-beni-300x150.jpg 300w, https:\/\/www.caledoniaspa.com\/wp-content\/uploads\/caledonia-rintraccio-beni-1024x512.jpg 1024w, https:\/\/www.caledoniaspa.com\/wp-content\/uploads\/caledonia-rintraccio-beni-150x75.jpg 150w, https:\/\/www.caledoniaspa.com\/wp-content\/uploads\/caledonia-rintraccio-beni-768x384.jpg 768w, https:\/\/www.caledoniaspa.com\/wp-content\/uploads\/caledonia-rintraccio-beni-1536x768.jpg 1536w, https:\/\/www.caledoniaspa.com\/wp-content\/uploads\/caledonia-rintraccio-beni.jpg 1600w\" src=\"https:\/\/www.caledoniaspa.com\/wp-content\/uploads\/caledonia-rintraccio-beni.jpg\" alt=\"Tra\u00e7age et r\u00e9cup\u00e9ration de biens\"><\/a><div class=\"pix-card-content bg-white\"><div class=\"card-body py-3\"><div style=\"\" class=\"card-title font-weight-bold text-primary h3 heading-font\">Tra\u00e7age et r\u00e9cup\u00e9ration de biens<\/div><p class=\"card-text text-body-default \" >Sp\u00e9cialis\u00e9s dans le tra\u00e7age et la r\u00e9cup\u00e9ration de biens et de v\u00e9hicules d\u2019entreprise, tant en phase pr\u00e9-contentieuse que contentieuse, en appliquant des strat\u00e9gies sp\u00e9cifiques \u00e0 chaque type d\u2019intervention.<\/p><\/div><div class=\"card-footer text-right\"><a   href=\"http:\/\/caledoniaspa.com\/fr\/gestion-des-creances\/tracage-et-recuperation-de-biens\/\"  class=\"pix-card-link d-flex align-items-center justify-content-end font-weight-bold text-secondary text-sm\"><span class=\"d-inline-block\">Pour approfondir<\/span><svg class=\"pixfort-icon ml-1\" width=\"24\" height=\"24\"  data-name=\"Line\/pixfort-icon-arrow-right-2\" viewBox=\"2 2 20 20\"><polyline fill=\"none\" stroke=\"var(--pf-icon-color)\" stroke-linecap=\"round\" stroke-linejoin=\"round\" stroke-width=\"var(--pf-icon-stroke-width)\" points=\"9.5 17 14.5 12 9.5 7\"\/><\/svg><\/a><\/div><\/div><\/div>[\/vc_column][\/vc_row][\/vc_section]<\/div>","protected":false},"excerpt":{"rendered":"[vc_section full_width=\u00a0\u00bbstretch_row\u00a0\u00bb fade_in_opacity=\u00a0\u00bbpix-opacity-8&Prime; pix_over_visibility=\u00a0\u00bb\u00a0\u00bb responsive_css=\u00a0\u00bb{\u00ab\u00a0pix_res_sm_pt\u00ab\u00a0:\u00ab\u00a010px\u00ab\u00a0,\u00ab\u00a0pix_res_sm_pb\u00ab\u00a0:\u00ab\u00a040px\u00ab\u00a0,\u00ab\u00a0pix_res_md_pt\u00ab\u00a0:\u00ab\u00a010px\u00ab\u00a0,\u00ab\u00a0pix_res_md_pb\u00ab\u00a0:\u00ab\u00a040px\u00ab\u00a0}\u00a0\u00bb css=\u00a0\u00bb.vc_custom_1612279429806{padding-top: 150px !important;padding-bottom: 110px !important;background-color: #f8f9fa !important;}\u00a0\u00bb fade_in_intro=\u00a0\u00bb14052&Prime;][vc_row pix_particles_check=\u00a0\u00bb\u00a0\u00bb][vc_column][\/vc_column][\/vc_row][vc_row content_placement=\u00a0\u00bbmiddle\u00a0\u00bb pix_particles_check=\u00a0\u00bb\u00a0\u00bb css=\u00a0\u00bb.vc_custom_1611851605415{padding-top: 50px !important;}\u00a0\u00bb][vc_column width=\u00a0\u00bb1\/2&Prime; css=\u00a0\u00bb.vc_custom_1611851297974{margin-bottom: 35px !important;}\u00a0\u00bb][\/vc_column][vc_column width=\u00a0\u00bb1\/2&Prime; css=\u00a0\u00bb.vc_custom_1611851314984{margin-bottom: 35px !important;}\u00a0\u00bb][\/vc_column][\/vc_row][\/vc_section]","protected":false},"author":1,"featured_media":0,"parent":0,"menu_order":0,"comment_status":"closed","ping_status":"closed","template":"","meta":{"inline_featured_image":false,"_monsterinsights_skip_tracking":false,"_monsterinsights_sitenote_active":false,"_monsterinsights_sitenote_note":"","_monsterinsights_sitenote_category":0,"footnotes":""},"class_list":["post-16040","page","type-page","status-publish","hentry"],"yoast_head":"<!-- This site is optimized with the Yoast SEO plugin v26.8 - https:\/\/yoast.com\/product\/yoast-seo-wordpress\/ -->\n<title>Caledonia Spa, gestion et recouvrement de cr\u00e9ances et de biens<\/title>\n<meta name=\"description\" content=\"Sp\u00e9cialis\u00e9 dans la gestion de cr\u00e9dit et dans le tra\u00e7age et la r\u00e9cup\u00e9ration d&#039;actifs pour la protection et la s\u00e9curit\u00e9 des entreprises.\" \/>\n<meta name=\"robots\" content=\"index, follow, max-snippet:-1, max-image-preview:large, max-video-preview:-1\" \/>\n<link rel=\"canonical\" href=\"https:\/\/www.caledoniaspa.com\/fr\/gestion-des-creances\/\" \/>\n<meta property=\"og:locale\" content=\"fr_FR\" \/>\n<meta property=\"og:type\" content=\"article\" \/>\n<meta property=\"og:title\" content=\"Caledonia Spa, gestion et recouvrement de cr\u00e9ances et de biens\" \/>\n<meta property=\"og:description\" content=\"Sp\u00e9cialis\u00e9 dans la gestion de cr\u00e9dit et dans le tra\u00e7age et la r\u00e9cup\u00e9ration d&#039;actifs pour la protection et la s\u00e9curit\u00e9 des entreprises.\" \/>\n<meta property=\"og:url\" content=\"https:\/\/www.caledoniaspa.com\/fr\/gestion-des-creances\/\" \/>\n<meta property=\"og:site_name\" content=\"Caledonia Spa\" \/>\n<meta property=\"article:modified_time\" content=\"2024-03-19T15:14:00+00:00\" \/>\n<meta name=\"twitter:card\" content=\"summary_large_image\" \/>\n<meta name=\"twitter:label1\" content=\"Dur\u00e9e de lecture estim\u00e9e\" \/>\n\t<meta name=\"twitter:data1\" content=\"1 minute\" \/>\n<script type=\"application\/ld+json\" class=\"yoast-schema-graph\">{\"@context\":\"https:\/\/schema.org\",\"@graph\":[{\"@type\":\"WebPage\",\"@id\":\"https:\/\/www.caledoniaspa.com\/fr\/gestion-des-creances\/\",\"url\":\"https:\/\/www.caledoniaspa.com\/fr\/gestion-des-creances\/\",\"name\":\"Caledonia Spa, gestion et recouvrement de cr\u00e9ances et de biens\",\"isPartOf\":{\"@id\":\"https:\/\/www.caledoniaspa.com\/fr\/#website\"},\"datePublished\":\"2020-12-14T17:14:15+00:00\",\"dateModified\":\"2024-03-19T15:14:00+00:00\",\"description\":\"Sp\u00e9cialis\u00e9 dans la gestion de cr\u00e9dit et dans le tra\u00e7age et la r\u00e9cup\u00e9ration d'actifs pour la protection et la s\u00e9curit\u00e9 des entreprises.\",\"inLanguage\":\"fr-FR\",\"potentialAction\":[{\"@type\":\"ReadAction\",\"target\":[\"https:\/\/www.caledoniaspa.com\/fr\/gestion-des-creances\/\"]}]},{\"@type\":\"WebSite\",\"@id\":\"https:\/\/www.caledoniaspa.com\/fr\/#website\",\"url\":\"https:\/\/www.caledoniaspa.com\/fr\/\",\"name\":\"Caledonia Spa\",\"description\":\"Protect Your Interests\",\"publisher\":{\"@id\":\"https:\/\/www.caledoniaspa.com\/fr\/#organization\"},\"potentialAction\":[{\"@type\":\"SearchAction\",\"target\":{\"@type\":\"EntryPoint\",\"urlTemplate\":\"https:\/\/www.caledoniaspa.com\/fr\/?s={search_term_string}\"},\"query-input\":{\"@type\":\"PropertyValueSpecification\",\"valueRequired\":true,\"valueName\":\"search_term_string\"}}],\"inLanguage\":\"fr-FR\"},{\"@type\":\"Organization\",\"@id\":\"https:\/\/www.caledoniaspa.com\/fr\/#organization\",\"name\":\"Caledonia Spa\",\"url\":\"https:\/\/www.caledoniaspa.com\/fr\/\",\"logo\":{\"@type\":\"ImageObject\",\"inLanguage\":\"fr-FR\",\"@id\":\"https:\/\/www.caledoniaspa.com\/fr\/#\/schema\/logo\/image\/\",\"url\":\"https:\/\/www.caledoniaspa.com\/wp-content\/uploads\/logo.svg\",\"contentUrl\":\"https:\/\/www.caledoniaspa.com\/wp-content\/uploads\/logo.svg\",\"caption\":\"Caledonia Spa\"},\"image\":{\"@id\":\"https:\/\/www.caledoniaspa.com\/fr\/#\/schema\/logo\/image\/\"},\"sameAs\":[\"https:\/\/it.linkedin.com\/company\/caledonia-s-p-a\"]}]}<\/script>\n<!-- \/ Yoast SEO plugin. -->","yoast_head_json":{"title":"Caledonia Spa, gestion et recouvrement de cr\u00e9ances et de biens","description":"Sp\u00e9cialis\u00e9 dans la gestion de cr\u00e9dit et dans le tra\u00e7age et la r\u00e9cup\u00e9ration d'actifs pour la protection et la s\u00e9curit\u00e9 des entreprises.","robots":{"index":"index","follow":"follow","max-snippet":"max-snippet:-1","max-image-preview":"max-image-preview:large","max-video-preview":"max-video-preview:-1"},"canonical":"https:\/\/www.caledoniaspa.com\/fr\/gestion-des-creances\/","og_locale":"fr_FR","og_type":"article","og_title":"Caledonia Spa, gestion et recouvrement de cr\u00e9ances et de biens","og_description":"Sp\u00e9cialis\u00e9 dans la gestion de cr\u00e9dit et dans le tra\u00e7age et la r\u00e9cup\u00e9ration d'actifs pour la protection et la s\u00e9curit\u00e9 des entreprises.","og_url":"https:\/\/www.caledoniaspa.com\/fr\/gestion-des-creances\/","og_site_name":"Caledonia Spa","article_modified_time":"2024-03-19T15:14:00+00:00","twitter_card":"summary_large_image","twitter_misc":{"Dur\u00e9e de lecture estim\u00e9e":"1 minute"},"schema":{"@context":"https:\/\/schema.org","@graph":[{"@type":"WebPage","@id":"https:\/\/www.caledoniaspa.com\/fr\/gestion-des-creances\/","url":"https:\/\/www.caledoniaspa.com\/fr\/gestion-des-creances\/","name":"Caledonia Spa, gestion et recouvrement de cr\u00e9ances et de biens","isPartOf":{"@id":"https:\/\/www.caledoniaspa.com\/fr\/#website"},"datePublished":"2020-12-14T17:14:15+00:00","dateModified":"2024-03-19T15:14:00+00:00","description":"Sp\u00e9cialis\u00e9 dans la gestion de cr\u00e9dit et dans le tra\u00e7age et la r\u00e9cup\u00e9ration d'actifs pour la protection et la s\u00e9curit\u00e9 des entreprises.","inLanguage":"fr-FR","potentialAction":[{"@type":"ReadAction","target":["https:\/\/www.caledoniaspa.com\/fr\/gestion-des-creances\/"]}]},{"@type":"WebSite","@id":"https:\/\/www.caledoniaspa.com\/fr\/#website","url":"https:\/\/www.caledoniaspa.com\/fr\/","name":"Caledonia Spa","description":"Protect Your Interests","publisher":{"@id":"https:\/\/www.caledoniaspa.com\/fr\/#organization"},"potentialAction":[{"@type":"SearchAction","target":{"@type":"EntryPoint","urlTemplate":"https:\/\/www.caledoniaspa.com\/fr\/?s={search_term_string}"},"query-input":{"@type":"PropertyValueSpecification","valueRequired":true,"valueName":"search_term_string"}}],"inLanguage":"fr-FR"},{"@type":"Organization","@id":"https:\/\/www.caledoniaspa.com\/fr\/#organization","name":"Caledonia Spa","url":"https:\/\/www.caledoniaspa.com\/fr\/","logo":{"@type":"ImageObject","inLanguage":"fr-FR","@id":"https:\/\/www.caledoniaspa.com\/fr\/#\/schema\/logo\/image\/","url":"https:\/\/www.caledoniaspa.com\/wp-content\/uploads\/logo.svg","contentUrl":"https:\/\/www.caledoniaspa.com\/wp-content\/uploads\/logo.svg","caption":"Caledonia Spa"},"image":{"@id":"https:\/\/www.caledoniaspa.com\/fr\/#\/schema\/logo\/image\/"},"sameAs":["https:\/\/it.linkedin.com\/company\/caledonia-s-p-a"]}]}},"_links":{"self":[{"href":"https:\/\/www.caledoniaspa.com\/fr\/wp-json\/wp\/v2\/pages\/16040","targetHints":{"allow":["GET"]}}],"collection":[{"href":"https:\/\/www.caledoniaspa.com\/fr\/wp-json\/wp\/v2\/pages"}],"about":[{"href":"https:\/\/www.caledoniaspa.com\/fr\/wp-json\/wp\/v2\/types\/page"}],"author":[{"embeddable":true,"href":"https:\/\/www.caledoniaspa.com\/fr\/wp-json\/wp\/v2\/users\/1"}],"replies":[{"embeddable":true,"href":"https:\/\/www.caledoniaspa.com\/fr\/wp-json\/wp\/v2\/comments?post=16040"}],"version-history":[{"count":3,"href":"https:\/\/www.caledoniaspa.com\/fr\/wp-json\/wp\/v2\/pages\/16040\/revisions"}],"predecessor-version":[{"id":17117,"href":"https:\/\/www.caledoniaspa.com\/fr\/wp-json\/wp\/v2\/pages\/16040\/revisions\/17117"}],"wp:attachment":[{"href":"https:\/\/www.caledoniaspa.com\/fr\/wp-json\/wp\/v2\/media?parent=16040"}],"curies":[{"name":"wp","href":"https:\/\/api.w.org\/{rel}","templated":true}]}}