{"id":16035,"date":"2021-01-11T16:53:35","date_gmt":"2021-01-11T15:53:35","guid":{"rendered":"https:\/\/www.caledoniaspa.com\/bonifiche-ambientali\/"},"modified":"2021-04-14T11:43:11","modified_gmt":"2021-04-14T09:43:11","slug":"assainissement-environnemental","status":"publish","type":"page","link":"https:\/\/www.caledoniaspa.com\/fr\/assainissement-environnemental\/","title":{"rendered":"Assainissement environnemental"},"content":{"rendered":"<div class=\"wpb-content-wrapper\"><p>[vc_section full_width=\u00a0\u00bbstretch_row\u00a0\u00bb content_placement=\u00a0\u00bbmiddle\u00a0\u00bb fade_in_opacity=\u00a0\u00bbpix-opacity-4&Prime; pix_over_visibility=\u00a0\u00bb\u00a0\u00bb pix_overlay_color=\u00a0\u00bbblack\u00a0\u00bb css=\u00a0\u00bb.vc_custom_1616419628975{background-color: #ffffff !important;}\u00a0\u00bb pix_overlay_opacity=\u00a0\u00bb1&Prime; b_custom_height=\u00a0\u00bb300px\u00a0\u00bb fade_in_intro=\u00a0\u00bb15148&Prime;][vc_row pix_particles_check=\u00a0\u00bb\u00a0\u00bb responsive_css=\u00a0\u00bb{\u00ab\u00a0pix_res_sm_pt\u00ab\u00a0:\u00ab\u00a00px\u00ab\u00a0,\u00ab\u00a0pix_res_md_pt\u00ab\u00a0:\u00ab\u00a00px\u00ab\u00a0}\u00a0\u00bb css=\u00a0\u00bb.vc_custom_1612278926249{padding-top: 150px !important;padding-bottom: 70px !important;}\u00a0\u00bb][vc_column css=\u00a0\u00bb.vc_custom_1611481106197{padding-top: 20px !important;padding-bottom: 20px !important;}\u00a0\u00bb]<div id=\"H1\" class=\"pix-heading-el text-left  vc_custom_1618392921988\"><div class=\"d-inline-block\" style=\"max-width:950px;\"><h1 class=\"text-white font-weight-bold h1 animate-in heading-text el-title_custom_color mb-12\" style=\"\" data-anim-type=\"fade-in\" data-anim-delay=\"200\">Assainissement environnemental, la protection de la vie priv\u00e9e gr\u00e2ce \u00e0 la technologie<\/h1><\/div><\/div><div class=\"pix-el-text w-100   vc_custom_1618392932630\" ><div class=\"d-inline-block\" style=\"max-width:900px;\"><p class=\"text-24  text-white  \" ><span class=\"text-white animate-in d-inline-block\" data-anim-delay=\"400\" data-anim-type=\"fade-in-up\">Les interventions d\u2019assainissement environnemental par Caledonia visent \u00e0 atteindre un niveau de s\u00e9curit\u00e9 appropri\u00e9 dans des lieux priv\u00e9s comme les habitations ou les bureaux et sont compl\u00e9mentaires des autres activit\u00e9s d\u2019enqu\u00eate men\u00e9es tant dans la sph\u00e8re priv\u00e9e que dans le cadre de l\u2019entreprise.<\/span><\/p><\/div><\/div><a  href=\"http:\/\/caledoniaspa.com\/fr\/contacts\/\" class=\"btn mb-2    vc_custom_1618392946075  shadow-sm shadow-hover-sm text-primary btn-white d-inline-flex align-items-center pix-hover-item       btn-md\"     ><span class=\"font-weight-bold \" >Nous contacter<\/span><svg class=\"pixfort-icon font-weight-bold  pix-hover-right  ml-2\" width=\"24\" height=\"24\"  data-name=\"Line\/pixfort-icon-arrow-right-2\" viewBox=\"2 2 20 20\"><polyline fill=\"none\" stroke=\"var(--pf-icon-color)\" stroke-linecap=\"round\" stroke-linejoin=\"round\" stroke-width=\"var(--pf-icon-stroke-width)\" points=\"9.5 17 14.5 12 9.5 7\"\/><\/svg><\/a>[\/vc_column][\/vc_row][\/vc_section][vc_section full_width=\u00a0\u00bbstretch_row\u00a0\u00bb pix_over_visibility=\u00a0\u00bb\u00a0\u00bb css=\u00a0\u00bb.vc_custom_1611481625985{background-color: #f8f9fa !important;}\u00a0\u00bb fade_in_intro=\u00a0\u00bb14052&Prime;][vc_row full_width=\u00a0\u00bbstretch_row\u00a0\u00bb gap=\u00a0\u00bb35&Prime; content_placement=\u00a0\u00bbtop\u00a0\u00bb pix_particles_check=\u00a0\u00bb\u00a0\u00bb css=\u00a0\u00bb.vc_custom_1611481444397{padding-top: 70px !important;padding-bottom: 75px !important;}\u00a0\u00bb][vc_column width=\u00a0\u00bb1\/2&Prime;][vc_column_text]<\/p><h2><strong>Vous souhaitez prot\u00e9ger votre vie priv\u00e9e contre des interceptions ill\u00e9gales?<\/strong><\/h2><p>[\/vc_column_text][vc_separator color=\u00a0\u00bbcustom\u00a0\u00bb border_width=\u00a0\u00bb3&Prime; accent_color=\u00a0\u00bb#3dc4f2&Prime;][\/vc_column][vc_column width=\u00a0\u00bb1\/2&Prime;][vc_column_text]<\/p><p><strong>Pour assurer un niveau de s\u00e9curit\u00e9 appropri\u00e9 \u00e0 votre habitation ou \u00e0 <span style=\"color: #3dc4f2;\">votre entreprise<\/span>, en vous prot\u00e9geant contre les risques d\u2019interception, il est n\u00e9cessaire d\u2019op\u00e9rer un assainissement de votre environnement.<br \/>Cette technique met fin \u00e0 des <span style=\"color: #3dc4f2;\">intrusions ill\u00e9gales<\/span>, \u00e0 des <span style=\"color: #3dc4f2;\">interceptions<\/span> ou \u00e0 une mauvaise transmission d\u2019informations.<\/strong><\/p><p>[\/vc_column_text][\/vc_column][\/vc_row][\/vc_section][vc_section full_width=\u00a0\u00bbstretch_row\u00a0\u00bb pix_over_visibility=\u00a0\u00bb\u00a0\u00bb css=\u00a0\u00bb.vc_custom_1611481992104{padding-bottom: 100px !important;background-color: #ffffff !important;}\u00a0\u00bb][vc_row full_width=\u00a0\u00bbstretch_row\u00a0\u00bb gap=\u00a0\u00bb35&Prime; content_placement=\u00a0\u00bbtop\u00a0\u00bb pix_particles_check=\u00a0\u00bb\u00a0\u00bb css=\u00a0\u00bb.vc_custom_1611481821667{padding-top: 80px !important;padding-bottom: 35px !important;}\u00a0\u00bb][vc_column width=\u00a0\u00bb1\/6&Prime; content_align=\u00a0\u00bbtext-center\u00a0\u00bb]<div id=\"duo-icon-160105520\" class=\"pix-icon text-left  vc_custom_1611481746209\"><div class=\"pix-icon-bg rounded-circle feature_img position-relative d-inline-flex align-items-center justify-content-center bg-secondary shadow-sm\"   style=\" width:153px;height:153px;position:relative;line-height:153px;text-align:center;\"><span style=\"font-size:85px;line-height:85px;\" class=\"text-white d-inline-flex align-middle\"><svg class=\"pixfort-icon \" width=\"85\" height=\"85\"  data-name=\"Line\/pixfort-icon-satelite-1\" viewBox=\"2 2 20 20\"><path fill=\"none\" stroke=\"var(--pf-icon-color)\" stroke-linecap=\"round\" stroke-linejoin=\"round\" stroke-width=\"var(--pf-icon-stroke-width)\" d=\"M16.1819805,7.26040764 L16.8890873,7.96751442 C17.4748737,8.55330086 17.4748737,9.50304833 16.8890873,10.0888348 L13.3535534,13.6243687 C12.767767,14.2101551 11.8180195,14.2101551 11.232233,13.6243687 L10.5251263,12.9172619 C9.93933983,12.3314755 9.93933983,11.381728 10.5251263,10.7959415 L14.0606602,7.26040764 C14.6464466,6.6746212 15.5961941,6.6746212 16.1819805,7.26040764 Z M9.81801948,3.72487373 L13.7071068,7.61396103 L13.7071068,7.61396103 L10.8786797,10.4423882 L6.98959236,6.55330086 C6.40380592,5.96751442 6.40380592,5.01776695 6.98959236,4.43198052 L7.69669914,3.72487373 C8.28248558,3.1390873 9.23223305,3.1390873 9.81801948,3.72487373 Z M16.5355339,10.4423882 L20.4246212,14.3314755 C21.0104076,14.9172619 21.0104076,15.8670094 20.4246212,16.4527958 L19.7175144,17.1599026 C19.131728,17.745689 18.1819805,17.745689 17.5961941,17.1599026 L13.7071068,13.2708153 L13.7071068,13.2708153 L16.5355339,10.4423882 Z M10.8786797,13.2708153 L9.46446609,14.6850288 M6.25,15 C6.25,16.6568542 7.59314575,18 9.25,18 M3,15 C3,18.3137085 5.6862915,21 9,21\"\/><\/svg><\/span><\/div><\/div>[\/vc_column][vc_column width=\u00a0\u00bb5\/6&Prime; css=\u00a0\u00bb.vc_custom_1611482334859{padding-left: 50px !important;}\u00a0\u00bb]<div id=\"H2\" class=\"pix-heading-el text-left  vc_custom_1618393150123\"><h2 class=\"text-primary font-weight-bold h2 heading-text el-title_custom_color mb-12\" style=\"\" data-anim-type=\"\" data-anim-delay=\"0\">Assainissement environnemental d\u2019habitations<\/h2><\/div><div id=\"H3\" class=\"pix-heading-el text-left  vc_custom_1618393160701\"><h3 class=\"text-secondary font-weight-bold h3 heading-text el-title_custom_color mb-12\" style=\"\" data-anim-type=\"\" data-anim-delay=\"0\">Mettez votre vie priv\u00e9e \u00e0 l\u2019abri gr\u00e2ce \u00e0 Caledonia<\/h3><\/div>[vc_column_text]Caledonia adapte sa strat\u00e9gie op\u00e9rationnelle en la personnalisant en fonction de vos exigences, en effectuant des <strong>inspections visant \u00e0 relever la pr\u00e9sence de micro espions<\/strong> (audio et vid\u00e9o). L\u2019<strong>assainissement environnemental<\/strong> a pour but de mettre \u00e0 l\u2019abri votre sph\u00e8re priv\u00e9e, en prot\u00e9geant la personne et son niveau de vie priv\u00e9e en les consid\u00e9rant comme des biens de premi\u00e8re importance.<\/p><p>L\u2019approche sp\u00e9cialis\u00e9e de Caledonia entend garantir la <strong>s\u00e9curit\u00e9 de dispositifs \u00e9lectroniques<\/strong> comme les ordinateurs, les t\u00e9l\u00e9phones portables et autres dispositifs de stockage num\u00e9rique et a la capacit\u00e9 d\u2019\u00e9tendre son service \u00e0 des <strong>habitations enti\u00e8res<\/strong>.[\/vc_column_text][\/vc_column][\/vc_row][vc_row pix_particles_check=\u00a0\u00bb\u00a0\u00bb][vc_column][vc_separator border_width=\u00a0\u00bb2&Prime;][\/vc_column][\/vc_row][vc_row full_width=\u00a0\u00bbstretch_row\u00a0\u00bb gap=\u00a0\u00bb35&Prime; content_placement=\u00a0\u00bbtop\u00a0\u00bb pix_particles_check=\u00a0\u00bb\u00a0\u00bb css=\u00a0\u00bb.vc_custom_1611482357951{padding-top: 35px !important;}\u00a0\u00bb][vc_column width=\u00a0\u00bb1\/6&Prime; content_align=\u00a0\u00bbtext-center\u00a0\u00bb css=\u00a0\u00bb.vc_custom_1608128772386{padding-right: 40px !important;padding-left: 20px !important;}\u00a0\u00bb]<div id=\"duo-icon-158373696\" class=\"pix-icon text-left  vc_custom_1611842549308\"><div class=\"pix-icon-bg rounded-circle feature_img position-relative d-inline-flex align-items-center justify-content-center bg-secondary shadow-sm\"   style=\" width:153px;height:153px;position:relative;line-height:153px;text-align:center;\"><span style=\"font-size:85px;line-height:85px;\" class=\"text-white d-inline-flex align-middle\"><svg class=\"pixfort-icon \" width=\"85\" height=\"85\"  data-name=\"Line\/pixfort-icon-shield-check-1\" viewBox=\"2 2 20 20\"><path fill=\"none\" stroke=\"var(--pf-icon-color)\" stroke-linecap=\"round\" stroke-linejoin=\"round\" stroke-width=\"var(--pf-icon-stroke-width)\" d=\"M10.8375236,20.6696597 L6.25628542,17.3973467 C5.46789705,16.8342122 5,15.9249996 5,14.9561463 L5,6.90943839 C5,6.06421114 5.53134128,5.31023526 6.32732721,5.02595457 L11.3273272,3.24024028 C11.7623209,3.08488538 12.2376791,3.08488538 12.6726728,3.24024028 L17.6726728,5.02595457 C18.4686587,5.31023526 19,6.06421114 19,6.90943839 L19,14.9561463 C19,15.9249996 18.5321029,16.8342122 17.7437146,17.3973467 L13.1624764,20.6696597 C12.4670813,21.1663705 11.5329187,21.1663705 10.8375236,20.6696597 Z M9,12 L11,14 L15,10\"\/><\/svg><\/span><\/div><\/div>[\/vc_column][vc_column width=\u00a0\u00bb5\/6&Prime; css=\u00a0\u00bb.vc_custom_1611482364948{padding-left: 50px !important;}\u00a0\u00bb]<div id=\"H2\" class=\"pix-heading-el text-left  vc_custom_1618393229937\"><h2 class=\"text-primary font-weight-bold h2 heading-text el-title_custom_color mb-12\" style=\"\" data-anim-type=\"\" data-anim-delay=\"0\">Assainissement environnemental d\u2019entreprises<\/h2><\/div><div id=\"H3\" class=\"pix-heading-el text-left  vc_custom_1618393235878\"><h3 class=\"text-secondary font-weight-bold h3 heading-text el-title_custom_color mb-12\" style=\"\" data-anim-type=\"\" data-anim-delay=\"0\">La protection des donn\u00e9es de votre entreprise<\/h3><\/div>[vc_column_text]La transmission d\u2019informations \u00e0 <strong>caract\u00e8re financier ou \u00e9conomique<\/strong> relatives \u00e0 votre entreprise peut constituer un facteur de risque \u00e9lev\u00e9 dans le d\u00e9veloppement de vos affaires. La s\u00e9curit\u00e9 de ces informations est prot\u00e9g\u00e9e par un assainissement environnemental effectu\u00e9 sur une grande \u00e9chelle.<br \/>Caledonia est en mesure de moduler son type d\u2019intervention allant d\u2019inspections manuelles \u00e0 l\u2019utilisation d\u2019instruments \u00e0 la pointe de la technologie capables de relever la pr\u00e9sence de micro espions (audio et vid\u00e9o) ou de <strong>syst\u00e8mes d\u2019espionnage professionnels<\/strong>.<\/p><p>L\u2019approche sp\u00e9cialis\u00e9e de Caledonia entend garantir la <strong>s\u00e9curit\u00e9 de dispositifs \u00e9lectroniques<\/strong> de votre entreprise comme les ordinateurs, les t\u00e9l\u00e9phones et autres dispositifs de stockage num\u00e9rique et peut intervenir sur une grande \u00e9chelle pour s\u00e9curiser des b\u00e2timents entiers.[\/vc_column_text][\/vc_column][\/vc_row][\/vc_section]<\/p><\/div>","protected":false},"excerpt":{"rendered":"[vc_section full_width=\u00a0\u00bbstretch_row\u00a0\u00bb content_placement=\u00a0\u00bbmiddle\u00a0\u00bb fade_in_opacity=\u00a0\u00bbpix-opacity-4&Prime; pix_over_visibility=\u00a0\u00bb\u00a0\u00bb pix_overlay_color=\u00a0\u00bbblack\u00a0\u00bb css=\u00a0\u00bb.vc_custom_1616419628975{background-color: #ffffff !important;}\u00a0\u00bb pix_overlay_opacity=\u00a0\u00bb1&Prime; b_custom_height=\u00a0\u00bb300px\u00a0\u00bb fade_in_intro=\u00a0\u00bb15148&Prime;][vc_row pix_particles_check=\u00a0\u00bb\u00a0\u00bb responsive_css=\u00a0\u00bb{\u00ab\u00a0pix_res_sm_pt\u00ab\u00a0:\u00ab\u00a00px\u00ab\u00a0,\u00ab\u00a0pix_res_md_pt\u00ab\u00a0:\u00ab\u00a00px\u00ab\u00a0}\u00a0\u00bb css=\u00a0\u00bb.vc_custom_1612278926249{padding-top: 150px !important;padding-bottom: 70px !important;}\u00a0\u00bb][vc_column css=\u00a0\u00bb.vc_custom_1611481106197{padding-top: 20px !important;padding-bottom: 20px !important;}\u00a0\u00bb][\/vc_column][\/vc_row][\/vc_section][vc_section full_width=\u00a0\u00bbstretch_row\u00a0\u00bb pix_over_visibility=\u00a0\u00bb\u00a0\u00bb css=\u00a0\u00bb.vc_custom_1611481625985{background-color: #f8f9fa !important;}\u00a0\u00bb fade_in_intro=\u00a0\u00bb14052&Prime;][vc_row full_width=\u00a0\u00bbstretch_row\u00a0\u00bb gap=\u00a0\u00bb35&Prime; content_placement=\u00a0\u00bbtop\u00a0\u00bb pix_particles_check=\u00a0\u00bb\u00a0\u00bb css=\u00a0\u00bb.vc_custom_1611481444397{padding-top: 70px !important;padding-bottom: 75px !important;}\u00a0\u00bb][vc_column width=\u00a0\u00bb1\/2&Prime;][vc_column_text]Vous&#8230;","protected":false},"author":1,"featured_media":0,"parent":0,"menu_order":0,"comment_status":"closed","ping_status":"closed","template":"","meta":{"inline_featured_image":false,"_monsterinsights_skip_tracking":false,"_monsterinsights_sitenote_active":false,"_monsterinsights_sitenote_note":"","_monsterinsights_sitenote_category":0,"footnotes":""},"class_list":["post-16035","page","type-page","status-publish","hentry"],"yoast_head":"<!-- This site is optimized with the Yoast SEO plugin v26.8 - https:\/\/yoast.com\/product\/yoast-seo-wordpress\/ -->\n<title>Assainissement environnemental visant \u00e0 relever la pr\u00e9sence de micro espions<\/title>\n<meta name=\"description\" content=\"L&#039;assainissement de l&#039;environnement d\u00e9tecte la pr\u00e9sence de syst\u00e8mes d&#039;interception pour assurer la s\u00e9curit\u00e9.\" \/>\n<meta name=\"robots\" content=\"index, follow, max-snippet:-1, max-image-preview:large, max-video-preview:-1\" \/>\n<link rel=\"canonical\" href=\"https:\/\/www.caledoniaspa.com\/fr\/assainissement-environnemental\/\" \/>\n<meta property=\"og:locale\" content=\"fr_FR\" \/>\n<meta property=\"og:type\" content=\"article\" \/>\n<meta property=\"og:title\" content=\"Assainissement environnemental visant \u00e0 relever la pr\u00e9sence de micro espions\" \/>\n<meta property=\"og:description\" content=\"L&#039;assainissement de l&#039;environnement d\u00e9tecte la pr\u00e9sence de syst\u00e8mes d&#039;interception pour assurer la s\u00e9curit\u00e9.\" \/>\n<meta property=\"og:url\" content=\"https:\/\/www.caledoniaspa.com\/fr\/assainissement-environnemental\/\" \/>\n<meta property=\"og:site_name\" content=\"Caledonia Spa\" \/>\n<meta property=\"article:modified_time\" content=\"2021-04-14T09:43:11+00:00\" \/>\n<meta name=\"twitter:card\" content=\"summary_large_image\" \/>\n<meta name=\"twitter:label1\" content=\"Dur\u00e9e de lecture estim\u00e9e\" \/>\n\t<meta name=\"twitter:data1\" content=\"3 minutes\" \/>\n<script type=\"application\/ld+json\" class=\"yoast-schema-graph\">{\"@context\":\"https:\/\/schema.org\",\"@graph\":[{\"@type\":\"WebPage\",\"@id\":\"https:\/\/www.caledoniaspa.com\/fr\/assainissement-environnemental\/\",\"url\":\"https:\/\/www.caledoniaspa.com\/fr\/assainissement-environnemental\/\",\"name\":\"Assainissement environnemental visant \u00e0 relever la pr\u00e9sence de micro espions\",\"isPartOf\":{\"@id\":\"https:\/\/www.caledoniaspa.com\/fr\/#website\"},\"datePublished\":\"2021-01-11T15:53:35+00:00\",\"dateModified\":\"2021-04-14T09:43:11+00:00\",\"description\":\"L'assainissement de l'environnement d\u00e9tecte la pr\u00e9sence de syst\u00e8mes d'interception pour assurer la s\u00e9curit\u00e9.\",\"inLanguage\":\"fr-FR\",\"potentialAction\":[{\"@type\":\"ReadAction\",\"target\":[\"https:\/\/www.caledoniaspa.com\/fr\/assainissement-environnemental\/\"]}]},{\"@type\":\"WebSite\",\"@id\":\"https:\/\/www.caledoniaspa.com\/fr\/#website\",\"url\":\"https:\/\/www.caledoniaspa.com\/fr\/\",\"name\":\"Caledonia Spa\",\"description\":\"Protect Your Interests\",\"publisher\":{\"@id\":\"https:\/\/www.caledoniaspa.com\/fr\/#organization\"},\"potentialAction\":[{\"@type\":\"SearchAction\",\"target\":{\"@type\":\"EntryPoint\",\"urlTemplate\":\"https:\/\/www.caledoniaspa.com\/fr\/?s={search_term_string}\"},\"query-input\":{\"@type\":\"PropertyValueSpecification\",\"valueRequired\":true,\"valueName\":\"search_term_string\"}}],\"inLanguage\":\"fr-FR\"},{\"@type\":\"Organization\",\"@id\":\"https:\/\/www.caledoniaspa.com\/fr\/#organization\",\"name\":\"Caledonia Spa\",\"url\":\"https:\/\/www.caledoniaspa.com\/fr\/\",\"logo\":{\"@type\":\"ImageObject\",\"inLanguage\":\"fr-FR\",\"@id\":\"https:\/\/www.caledoniaspa.com\/fr\/#\/schema\/logo\/image\/\",\"url\":\"https:\/\/www.caledoniaspa.com\/wp-content\/uploads\/logo.svg\",\"contentUrl\":\"https:\/\/www.caledoniaspa.com\/wp-content\/uploads\/logo.svg\",\"caption\":\"Caledonia Spa\"},\"image\":{\"@id\":\"https:\/\/www.caledoniaspa.com\/fr\/#\/schema\/logo\/image\/\"},\"sameAs\":[\"https:\/\/it.linkedin.com\/company\/caledonia-s-p-a\"]}]}<\/script>\n<!-- \/ Yoast SEO plugin. -->","yoast_head_json":{"title":"Assainissement environnemental visant \u00e0 relever la pr\u00e9sence de micro espions","description":"L'assainissement de l'environnement d\u00e9tecte la pr\u00e9sence de syst\u00e8mes d'interception pour assurer la s\u00e9curit\u00e9.","robots":{"index":"index","follow":"follow","max-snippet":"max-snippet:-1","max-image-preview":"max-image-preview:large","max-video-preview":"max-video-preview:-1"},"canonical":"https:\/\/www.caledoniaspa.com\/fr\/assainissement-environnemental\/","og_locale":"fr_FR","og_type":"article","og_title":"Assainissement environnemental visant \u00e0 relever la pr\u00e9sence de micro espions","og_description":"L'assainissement de l'environnement d\u00e9tecte la pr\u00e9sence de syst\u00e8mes d'interception pour assurer la s\u00e9curit\u00e9.","og_url":"https:\/\/www.caledoniaspa.com\/fr\/assainissement-environnemental\/","og_site_name":"Caledonia Spa","article_modified_time":"2021-04-14T09:43:11+00:00","twitter_card":"summary_large_image","twitter_misc":{"Dur\u00e9e de lecture estim\u00e9e":"3 minutes"},"schema":{"@context":"https:\/\/schema.org","@graph":[{"@type":"WebPage","@id":"https:\/\/www.caledoniaspa.com\/fr\/assainissement-environnemental\/","url":"https:\/\/www.caledoniaspa.com\/fr\/assainissement-environnemental\/","name":"Assainissement environnemental visant \u00e0 relever la pr\u00e9sence de micro espions","isPartOf":{"@id":"https:\/\/www.caledoniaspa.com\/fr\/#website"},"datePublished":"2021-01-11T15:53:35+00:00","dateModified":"2021-04-14T09:43:11+00:00","description":"L'assainissement de l'environnement d\u00e9tecte la pr\u00e9sence de syst\u00e8mes d'interception pour assurer la s\u00e9curit\u00e9.","inLanguage":"fr-FR","potentialAction":[{"@type":"ReadAction","target":["https:\/\/www.caledoniaspa.com\/fr\/assainissement-environnemental\/"]}]},{"@type":"WebSite","@id":"https:\/\/www.caledoniaspa.com\/fr\/#website","url":"https:\/\/www.caledoniaspa.com\/fr\/","name":"Caledonia Spa","description":"Protect Your Interests","publisher":{"@id":"https:\/\/www.caledoniaspa.com\/fr\/#organization"},"potentialAction":[{"@type":"SearchAction","target":{"@type":"EntryPoint","urlTemplate":"https:\/\/www.caledoniaspa.com\/fr\/?s={search_term_string}"},"query-input":{"@type":"PropertyValueSpecification","valueRequired":true,"valueName":"search_term_string"}}],"inLanguage":"fr-FR"},{"@type":"Organization","@id":"https:\/\/www.caledoniaspa.com\/fr\/#organization","name":"Caledonia Spa","url":"https:\/\/www.caledoniaspa.com\/fr\/","logo":{"@type":"ImageObject","inLanguage":"fr-FR","@id":"https:\/\/www.caledoniaspa.com\/fr\/#\/schema\/logo\/image\/","url":"https:\/\/www.caledoniaspa.com\/wp-content\/uploads\/logo.svg","contentUrl":"https:\/\/www.caledoniaspa.com\/wp-content\/uploads\/logo.svg","caption":"Caledonia Spa"},"image":{"@id":"https:\/\/www.caledoniaspa.com\/fr\/#\/schema\/logo\/image\/"},"sameAs":["https:\/\/it.linkedin.com\/company\/caledonia-s-p-a"]}]}},"_links":{"self":[{"href":"https:\/\/www.caledoniaspa.com\/fr\/wp-json\/wp\/v2\/pages\/16035","targetHints":{"allow":["GET"]}}],"collection":[{"href":"https:\/\/www.caledoniaspa.com\/fr\/wp-json\/wp\/v2\/pages"}],"about":[{"href":"https:\/\/www.caledoniaspa.com\/fr\/wp-json\/wp\/v2\/types\/page"}],"author":[{"embeddable":true,"href":"https:\/\/www.caledoniaspa.com\/fr\/wp-json\/wp\/v2\/users\/1"}],"replies":[{"embeddable":true,"href":"https:\/\/www.caledoniaspa.com\/fr\/wp-json\/wp\/v2\/comments?post=16035"}],"version-history":[{"count":3,"href":"https:\/\/www.caledoniaspa.com\/fr\/wp-json\/wp\/v2\/pages\/16035\/revisions"}],"predecessor-version":[{"id":16039,"href":"https:\/\/www.caledoniaspa.com\/fr\/wp-json\/wp\/v2\/pages\/16035\/revisions\/16039"}],"wp:attachment":[{"href":"https:\/\/www.caledoniaspa.com\/fr\/wp-json\/wp\/v2\/media?parent=16035"}],"curies":[{"name":"wp","href":"https:\/\/api.w.org\/{rel}","templated":true}]}}