{"id":17338,"date":"2025-09-18T10:34:04","date_gmt":"2025-09-18T08:34:04","guid":{"rendered":"https:\/\/www.caledoniaspa.com\/lavora-con-noi\/"},"modified":"2025-09-18T12:24:50","modified_gmt":"2025-09-18T10:24:50","slug":"trabaja-con-nosotros","status":"publish","type":"page","link":"https:\/\/www.caledoniaspa.com\/es\/trabaja-con-nosotros\/","title":{"rendered":"Trabaja con nosotros"},"content":{"rendered":"<div class=\"wpb-content-wrapper\">[vc_section full_width=\u00bbstretch_row\u00bb fade_in_opacity=\u00bbpix-opacity-6&#8243; pix_over_visibility=\u00bb\u00bb pix_overlay_color=\u00bbblack\u00bb responsive_css=\u00bb{\u00abpix_res_sm_pt\u00ab:\u00ab0px\u00ab,\u00abpix_res_sm_pb\u00ab:\u00ab25px\u00ab,\u00abpix_res_md_pt\u00ab:\u00ab0px\u00ab,\u00abpix_res_md_pb\u00ab:\u00ab25px\u00ab}\u00bb css=\u00bb.vc_custom_1758033765801{padding-top: 80px !important;padding-bottom: 80px !important;}\u00bb fade_in_intro=\u00bb17153&#8243; pix_overlay_opacity=\u00bb1&#8243;][vc_row pix_particles_check=\u00bb\u00bb responsive_css=\u00bb{\u00abpix_res_sm_pt\u00ab:\u00ab0px\u00ab,\u00abpix_res_md_pt\u00ab:\u00ab0px\u00ab}\u00bb css=\u00bb.vc_custom_1758033756478{padding-top: 150px !important;padding-bottom: 70px !important;}\u00bb][vc_column css=\u00bb.vc_custom_1758033896653{padding-top: 20px !important;padding-bottom: 20px !important;background-color: #EEEEEE00 !important;}\u00bb]<div id=\"H1\" class=\"pix-heading-el text-left  vc_custom_1758190650167\"><div class=\"d-inline-block\" style=\"max-width:800px;\"><h1 class=\"text-white font-weight-bold h1 animate-in heading-text el-title_custom_color mb-12\" style=\"\" data-anim-type=\"fade-in\" data-anim-delay=\"200\">Trabaja con nosotros<\/h1><\/div><\/div>[\/vc_column][\/vc_row][\/vc_section][vc_section pix_over_visibility=\u00bb\u00bb][vc_row pix_particles_check=\u00bb\u00bb css=\u00bb.vc_custom_1758034029999{padding-top: 60px !important;padding-bottom: 60px !important;}\u00bb][vc_column width=\u00bb1\/2&#8243;]<div id=\"H1\" class=\"pix-heading-el text-left  vc_custom_1758190662669\"><h2 class=\"text-primary font-weight-bold h2 heading-text el-title_custom_color mb-12\" style=\"\" data-anim-type=\"\" data-anim-delay=\"0\">\u00danete al equipo de Caledonia S.p.A.<\/h2><\/div>[vc_empty_space height=\u00bb20px\u00bb][vc_column_text css=\u00bb.vc_custom_1758190713168{padding-bottom: 20px !important;}\u00bb]En Caledonia S.p.A. creemos que <strong>el mayor valor son las personas<\/strong> que cada d\u00eda contribuyen a nuestra misi\u00f3n: formar parte de nuestro equipo significa <strong>trabajar en un entorno din\u00e1mico y altamente especializado<\/strong>, donde la profesionalidad, la discreci\u00f3n y la competencia se unen para garantizar a los clientes resultados concretos y fiables.\r\n\r\nBuscamos talentos motivados, capaces de <strong>afrontar retos complejos con esp\u00edritu de equipo y orientaci\u00f3n a la excelencia<\/strong>. Ofrecemos un entorno estimulante, v\u00edas de crecimiento y formaci\u00f3n continua, con la posibilidad de desarrollar una carrera en un sector en constante evoluci\u00f3n.\r\n\r\nSi compartes nuestros valores y quieres marcar la diferencia en el mundo de la seguridad y las investigaciones, env\u00edanos tu candidatura y comienza tu trayectoria con Caledonia S.p.A.\r\n\r\n[\/vc_column_text][\/vc_column][vc_column width=\u00bb1\/2&#8243;]<div class=\"pix-content-box card      vc_custom_1607943127218    rounded-10 shadow-lg shadow-hover-lg fly-sm animate-in bg- w-100  \"  data-anim-type=\"fade-in-up\" data-anim-delay=\"0\"><div class=\"\" style=\"z-index:30;position:relative;\">\n<div class=\"wpcf7 no-js\" id=\"wpcf7-f17331-o1\" lang=\"es-ES\" dir=\"ltr\" data-wpcf7-id=\"17331\">\n<div class=\"screen-reader-response\"><p role=\"status\" aria-live=\"polite\" aria-atomic=\"true\"><\/p> <ul><\/ul><\/div>\n<form action=\"\/es\/wp-json\/wp\/v2\/pages\/17338#wpcf7-f17331-o1\" method=\"post\" class=\"wpcf7-form init\" aria-label=\"Formulario de contacto\" enctype=\"multipart\/form-data\" novalidate=\"novalidate\" data-status=\"init\">\n<fieldset class=\"hidden-fields-container\"><input type=\"hidden\" name=\"_wpcf7\" value=\"17331\" \/><input type=\"hidden\" name=\"_wpcf7_version\" value=\"6.1.5\" \/><input type=\"hidden\" name=\"_wpcf7_locale\" value=\"es_ES\" \/><input type=\"hidden\" name=\"_wpcf7_unit_tag\" value=\"wpcf7-f17331-o1\" \/><input type=\"hidden\" name=\"_wpcf7_container_post\" value=\"0\" \/><input type=\"hidden\" name=\"_wpcf7_posted_data_hash\" value=\"\" \/><input type=\"hidden\" name=\"_wpcf7_recaptcha_response\" value=\"\" \/>\n<\/fieldset>\n<div class=\"pix-contact7-form\"><div class=\"row\">\n\t<div class=\"col-md-6\">\n\t\t<p><label class=\"w-100\">Nombre y apellidos*<br \/>\n<span class=\"wpcf7-form-control-wrap\" data-name=\"your-name\"><input size=\"40\" maxlength=\"400\" class=\"wpcf7-form-control wpcf7-text wpcf7-validates-as-required pix-my-5 form-control bg-gray-1 shadow-0\" aria-required=\"true\" aria-invalid=\"false\" placeholder=\"\" value=\"\" type=\"text\" name=\"your-name\" \/><\/span><\/label>\n\t\t<\/p>\n\t<\/div>\n\t<div class=\"col-md-6\">\n\t\t<p><label class=\"w-100\">Direcci\u00f3n de correo electr\u00f3nico*<br \/>\n<span class=\"wpcf7-form-control-wrap\" data-name=\"your-email\"><input size=\"40\" maxlength=\"400\" class=\"wpcf7-form-control wpcf7-email wpcf7-validates-as-required wpcf7-text wpcf7-validates-as-email pix-my-5 form-control bg-gray-1 shadow-0\" aria-required=\"true\" aria-invalid=\"false\" placeholder=\"\" value=\"\" type=\"email\" name=\"your-email\" \/><\/span><\/label>\n\t\t<\/p>\n\t<\/div>\n<\/div>\n<div class=\"row\">\n\t<div class=\"col-md-6\">\n\t\t<p><label class=\"w-100\">Tel\u00e9fono<span class=\"wpcf7-form-control-wrap\" data-name=\"tel-996\"><input size=\"40\" maxlength=\"400\" class=\"wpcf7-form-control wpcf7-tel wpcf7-text wpcf7-validates-as-tel pix-mt-5 form-control bg-gray-1 shadow-0\" aria-invalid=\"false\" placeholder=\"\" value=\"\" type=\"tel\" name=\"tel-996\" \/><\/span> <\/label>\n\t\t<\/p>\n\t<\/div>\n\t<div class=\"col-md-6\">\n\t\t<p><label class=\"w-100\">Edad*<br \/>\n<span class=\"wpcf7-form-control-wrap\" data-name=\"eta\"><input size=\"40\" maxlength=\"400\" class=\"wpcf7-form-control wpcf7-text wpcf7-validates-as-required pix-my-5 form-control bg-gray-1 shadow-0\" aria-required=\"true\" aria-invalid=\"false\" placeholder=\"\" value=\"\" type=\"text\" name=\"eta\" \/><\/span><\/label>\n\t\t<\/p>\n\t<\/div>\n<\/div>\n<p><label class=\"w-100\">Mensaje<span class=\"wpcf7-form-control-wrap\" data-name=\"your-message\"><textarea cols=\"40\" rows=\"4\" maxlength=\"2000\" class=\"wpcf7-form-control wpcf7-textarea pix-my-5 form-control bg-gray-1 shadow-0\" aria-invalid=\"false\" placeholder=\"\" name=\"your-message\"><\/textarea><\/span> <\/label>\n<\/p>\n<div class=\"col-md-6\">\n\t<p><label class=\"w-100\">Adjunte su CV<br \/>\n<span class=\"wpcf7-form-control-wrap\" data-name=\"curriculum\"><input size=\"40\" class=\"wpcf7-form-control wpcf7-file\" accept=\".pdf,.jpg\" aria-invalid=\"false\" type=\"file\" name=\"curriculum\" \/><\/span> <\/label>\n\t<\/p>\n<\/div>\n<div class=\"wpcf7-inline-wrapper\">\n\t<p><span class=\"wpcf7-form-control-wrap\" data-name=\"privacy\"><span class=\"wpcf7-form-control wpcf7-acceptance\"><span class=\"wpcf7-list-item\"><input type=\"checkbox\" name=\"privacy\" value=\"1\" aria-invalid=\"false\" \/><\/span><\/span><\/span>\u00a0He le\u00eddo la <a href=\"https:\/\/www.caledoniaspa.com\/es\/privacy-policy\/\">Pol\u00edtica de privacidad<\/a> y autorizo el uso de los datos.\n\t<\/p>\n<\/div>\n<p><input class=\"wpcf7-form-control wpcf7-submit has-spinner btn btn-secondary text-white w-100 pix-mt-10 font-weight-bold btn-lg secondary-font\" type=\"submit\" value=\"Enviar\" \/><br \/>\nEste sitio est\u00e1 protegido por reCAPTCHA y se aplican la <a href=\"https:\/\/policies.google.com\/privacy\">Pol\u00edtica de privacidad<\/a> y los <a href=\"https:\/\/policies.google.com\/terms\">T\u00e9rminos de servicio<\/a> de Google.\n<\/p><\/div><div class=\"wpcf7-response-output\" aria-hidden=\"true\"><\/div>\n<\/form>\n<\/div>\n<\/div><\/div>[\/vc_column][\/vc_row][\/vc_section]<\/div>","protected":false},"excerpt":{"rendered":"[vc_section full_width=\u00bbstretch_row\u00bb fade_in_opacity=\u00bbpix-opacity-6&#8243; pix_over_visibility=\u00bb\u00bb pix_overlay_color=\u00bbblack\u00bb responsive_css=\u00bb{\u00abpix_res_sm_pt\u00ab:\u00ab0px\u00ab,\u00abpix_res_sm_pb\u00ab:\u00ab25px\u00ab,\u00abpix_res_md_pt\u00ab:\u00ab0px\u00ab,\u00abpix_res_md_pb\u00ab:\u00ab25px\u00ab}\u00bb css=\u00bb.vc_custom_1758033765801{padding-top: 80px !important;padding-bottom: 80px !important;}\u00bb fade_in_intro=\u00bb17153&#8243; pix_overlay_opacity=\u00bb1&#8243;][vc_row pix_particles_check=\u00bb\u00bb responsive_css=\u00bb{\u00abpix_res_sm_pt\u00ab:\u00ab0px\u00ab,\u00abpix_res_md_pt\u00ab:\u00ab0px\u00ab}\u00bb css=\u00bb.vc_custom_1758033756478{padding-top: 150px !important;padding-bottom: 70px !important;}\u00bb][vc_column css=\u00bb.vc_custom_1758033896653{padding-top: 20px !important;padding-bottom: 20px !important;background-color: #EEEEEE00 !important;}\u00bb][\/vc_column][\/vc_row][\/vc_section][vc_section pix_over_visibility=\u00bb\u00bb][vc_row pix_particles_check=\u00bb\u00bb css=\u00bb.vc_custom_1758034029999{padding-top: 60px !important;padding-bottom: 60px !important;}\u00bb][vc_column width=\u00bb1\/2&#8243;][vc_empty_space height=\u00bb20px\u00bb][vc_column_text css=\u00bb.vc_custom_1758190713168{padding-bottom: 20px !important;}\u00bb]En Caledonia&#8230;","protected":false},"author":1,"featured_media":17157,"parent":0,"menu_order":0,"comment_status":"closed","ping_status":"closed","template":"","meta":{"inline_featured_image":false,"_monsterinsights_skip_tracking":false,"_monsterinsights_sitenote_active":false,"_monsterinsights_sitenote_note":"","_monsterinsights_sitenote_category":0,"footnotes":""},"class_list":["post-17338","page","type-page","status-publish","has-post-thumbnail","hentry"],"yoast_head":"<!-- This site is optimized with the Yoast SEO plugin v26.8 - https:\/\/yoast.com\/product\/yoast-seo-wordpress\/ -->\n<title>Caledonia Spa - Trabaja con nosotros<\/title>\n<meta name=\"description\" content=\"\u00bfQuieres trabajar en el sector de la seguridad y las investigaciones? Descubre las oportunidades en Caledonia y env\u00eda tu candidatura online.\" \/>\n<meta name=\"robots\" content=\"index, follow, max-snippet:-1, max-image-preview:large, max-video-preview:-1\" \/>\n<link rel=\"canonical\" href=\"https:\/\/www.caledoniaspa.com\/es\/trabaja-con-nosotros\/\" \/>\n<meta property=\"og:locale\" content=\"es_ES\" \/>\n<meta property=\"og:type\" content=\"article\" \/>\n<meta property=\"og:title\" content=\"Caledonia Spa - Trabaja con nosotros\" \/>\n<meta property=\"og:description\" content=\"\u00bfQuieres trabajar en el sector de la seguridad y las investigaciones? Descubre las oportunidades en Caledonia y env\u00eda tu candidatura online.\" \/>\n<meta property=\"og:url\" content=\"https:\/\/www.caledoniaspa.com\/es\/trabaja-con-nosotros\/\" \/>\n<meta property=\"og:site_name\" content=\"Caledonia Spa\" \/>\n<meta property=\"article:modified_time\" content=\"2025-09-18T10:24:50+00:00\" \/>\n<meta property=\"og:image\" content=\"http:\/\/www.caledoniaspa.com\/wp-content\/uploads\/caledonia-azienda.jpg\" \/>\n\t<meta property=\"og:image:width\" content=\"1600\" \/>\n\t<meta property=\"og:image:height\" content=\"800\" \/>\n\t<meta property=\"og:image:type\" content=\"image\/jpeg\" \/>\n<meta name=\"twitter:card\" content=\"summary_large_image\" \/>\n<meta name=\"twitter:label1\" content=\"Tiempo de lectura\" \/>\n\t<meta name=\"twitter:data1\" content=\"2 minutos\" \/>\n<script type=\"application\/ld+json\" class=\"yoast-schema-graph\">{\"@context\":\"https:\/\/schema.org\",\"@graph\":[{\"@type\":\"WebPage\",\"@id\":\"https:\/\/www.caledoniaspa.com\/es\/trabaja-con-nosotros\/\",\"url\":\"https:\/\/www.caledoniaspa.com\/es\/trabaja-con-nosotros\/\",\"name\":\"Caledonia Spa - Trabaja con nosotros\",\"isPartOf\":{\"@id\":\"https:\/\/www.caledoniaspa.com\/es\/#website\"},\"primaryImageOfPage\":{\"@id\":\"https:\/\/www.caledoniaspa.com\/es\/trabaja-con-nosotros\/#primaryimage\"},\"image\":{\"@id\":\"https:\/\/www.caledoniaspa.com\/es\/trabaja-con-nosotros\/#primaryimage\"},\"thumbnailUrl\":\"https:\/\/www.caledoniaspa.com\/wp-content\/uploads\/caledonia-azienda.jpg\",\"datePublished\":\"2025-09-18T08:34:04+00:00\",\"dateModified\":\"2025-09-18T10:24:50+00:00\",\"description\":\"\u00bfQuieres trabajar en el sector de la seguridad y las investigaciones? Descubre las oportunidades en Caledonia y env\u00eda tu candidatura online.\",\"inLanguage\":\"es\",\"potentialAction\":[{\"@type\":\"ReadAction\",\"target\":[\"https:\/\/www.caledoniaspa.com\/es\/trabaja-con-nosotros\/\"]}]},{\"@type\":\"ImageObject\",\"inLanguage\":\"es\",\"@id\":\"https:\/\/www.caledoniaspa.com\/es\/trabaja-con-nosotros\/#primaryimage\",\"url\":\"https:\/\/www.caledoniaspa.com\/wp-content\/uploads\/caledonia-azienda.jpg\",\"contentUrl\":\"https:\/\/www.caledoniaspa.com\/wp-content\/uploads\/caledonia-azienda.jpg\",\"width\":1600,\"height\":800,\"caption\":\"Caledonia spa\"},{\"@type\":\"WebSite\",\"@id\":\"https:\/\/www.caledoniaspa.com\/es\/#website\",\"url\":\"https:\/\/www.caledoniaspa.com\/es\/\",\"name\":\"Caledonia Spa\",\"description\":\"Protect Your Interests\",\"publisher\":{\"@id\":\"https:\/\/www.caledoniaspa.com\/es\/#organization\"},\"potentialAction\":[{\"@type\":\"SearchAction\",\"target\":{\"@type\":\"EntryPoint\",\"urlTemplate\":\"https:\/\/www.caledoniaspa.com\/es\/?s={search_term_string}\"},\"query-input\":{\"@type\":\"PropertyValueSpecification\",\"valueRequired\":true,\"valueName\":\"search_term_string\"}}],\"inLanguage\":\"es\"},{\"@type\":\"Organization\",\"@id\":\"https:\/\/www.caledoniaspa.com\/es\/#organization\",\"name\":\"Caledonia Spa\",\"url\":\"https:\/\/www.caledoniaspa.com\/es\/\",\"logo\":{\"@type\":\"ImageObject\",\"inLanguage\":\"es\",\"@id\":\"https:\/\/www.caledoniaspa.com\/es\/#\/schema\/logo\/image\/\",\"url\":\"https:\/\/www.caledoniaspa.com\/wp-content\/uploads\/logo.svg\",\"contentUrl\":\"https:\/\/www.caledoniaspa.com\/wp-content\/uploads\/logo.svg\",\"caption\":\"Caledonia Spa\"},\"image\":{\"@id\":\"https:\/\/www.caledoniaspa.com\/es\/#\/schema\/logo\/image\/\"},\"sameAs\":[\"https:\/\/it.linkedin.com\/company\/caledonia-s-p-a\"]}]}<\/script>\n<!-- \/ Yoast SEO plugin. -->","yoast_head_json":{"title":"Caledonia Spa - Trabaja con nosotros","description":"\u00bfQuieres trabajar en el sector de la seguridad y las investigaciones? Descubre las oportunidades en Caledonia y env\u00eda tu candidatura online.","robots":{"index":"index","follow":"follow","max-snippet":"max-snippet:-1","max-image-preview":"max-image-preview:large","max-video-preview":"max-video-preview:-1"},"canonical":"https:\/\/www.caledoniaspa.com\/es\/trabaja-con-nosotros\/","og_locale":"es_ES","og_type":"article","og_title":"Caledonia Spa - Trabaja con nosotros","og_description":"\u00bfQuieres trabajar en el sector de la seguridad y las investigaciones? Descubre las oportunidades en Caledonia y env\u00eda tu candidatura online.","og_url":"https:\/\/www.caledoniaspa.com\/es\/trabaja-con-nosotros\/","og_site_name":"Caledonia Spa","article_modified_time":"2025-09-18T10:24:50+00:00","og_image":[{"width":1600,"height":800,"url":"http:\/\/www.caledoniaspa.com\/wp-content\/uploads\/caledonia-azienda.jpg","type":"image\/jpeg"}],"twitter_card":"summary_large_image","twitter_misc":{"Tiempo de lectura":"2 minutos"},"schema":{"@context":"https:\/\/schema.org","@graph":[{"@type":"WebPage","@id":"https:\/\/www.caledoniaspa.com\/es\/trabaja-con-nosotros\/","url":"https:\/\/www.caledoniaspa.com\/es\/trabaja-con-nosotros\/","name":"Caledonia Spa - Trabaja con nosotros","isPartOf":{"@id":"https:\/\/www.caledoniaspa.com\/es\/#website"},"primaryImageOfPage":{"@id":"https:\/\/www.caledoniaspa.com\/es\/trabaja-con-nosotros\/#primaryimage"},"image":{"@id":"https:\/\/www.caledoniaspa.com\/es\/trabaja-con-nosotros\/#primaryimage"},"thumbnailUrl":"https:\/\/www.caledoniaspa.com\/wp-content\/uploads\/caledonia-azienda.jpg","datePublished":"2025-09-18T08:34:04+00:00","dateModified":"2025-09-18T10:24:50+00:00","description":"\u00bfQuieres trabajar en el sector de la seguridad y las investigaciones? Descubre las oportunidades en Caledonia y env\u00eda tu candidatura online.","inLanguage":"es","potentialAction":[{"@type":"ReadAction","target":["https:\/\/www.caledoniaspa.com\/es\/trabaja-con-nosotros\/"]}]},{"@type":"ImageObject","inLanguage":"es","@id":"https:\/\/www.caledoniaspa.com\/es\/trabaja-con-nosotros\/#primaryimage","url":"https:\/\/www.caledoniaspa.com\/wp-content\/uploads\/caledonia-azienda.jpg","contentUrl":"https:\/\/www.caledoniaspa.com\/wp-content\/uploads\/caledonia-azienda.jpg","width":1600,"height":800,"caption":"Caledonia spa"},{"@type":"WebSite","@id":"https:\/\/www.caledoniaspa.com\/es\/#website","url":"https:\/\/www.caledoniaspa.com\/es\/","name":"Caledonia Spa","description":"Protect Your Interests","publisher":{"@id":"https:\/\/www.caledoniaspa.com\/es\/#organization"},"potentialAction":[{"@type":"SearchAction","target":{"@type":"EntryPoint","urlTemplate":"https:\/\/www.caledoniaspa.com\/es\/?s={search_term_string}"},"query-input":{"@type":"PropertyValueSpecification","valueRequired":true,"valueName":"search_term_string"}}],"inLanguage":"es"},{"@type":"Organization","@id":"https:\/\/www.caledoniaspa.com\/es\/#organization","name":"Caledonia Spa","url":"https:\/\/www.caledoniaspa.com\/es\/","logo":{"@type":"ImageObject","inLanguage":"es","@id":"https:\/\/www.caledoniaspa.com\/es\/#\/schema\/logo\/image\/","url":"https:\/\/www.caledoniaspa.com\/wp-content\/uploads\/logo.svg","contentUrl":"https:\/\/www.caledoniaspa.com\/wp-content\/uploads\/logo.svg","caption":"Caledonia Spa"},"image":{"@id":"https:\/\/www.caledoniaspa.com\/es\/#\/schema\/logo\/image\/"},"sameAs":["https:\/\/it.linkedin.com\/company\/caledonia-s-p-a"]}]}},"_links":{"self":[{"href":"https:\/\/www.caledoniaspa.com\/es\/wp-json\/wp\/v2\/pages\/17338","targetHints":{"allow":["GET"]}}],"collection":[{"href":"https:\/\/www.caledoniaspa.com\/es\/wp-json\/wp\/v2\/pages"}],"about":[{"href":"https:\/\/www.caledoniaspa.com\/es\/wp-json\/wp\/v2\/types\/page"}],"author":[{"embeddable":true,"href":"https:\/\/www.caledoniaspa.com\/es\/wp-json\/wp\/v2\/users\/1"}],"replies":[{"embeddable":true,"href":"https:\/\/www.caledoniaspa.com\/es\/wp-json\/wp\/v2\/comments?post=17338"}],"version-history":[{"count":3,"href":"https:\/\/www.caledoniaspa.com\/es\/wp-json\/wp\/v2\/pages\/17338\/revisions"}],"predecessor-version":[{"id":17347,"href":"https:\/\/www.caledoniaspa.com\/es\/wp-json\/wp\/v2\/pages\/17338\/revisions\/17347"}],"wp:featuredmedia":[{"embeddable":true,"href":"https:\/\/www.caledoniaspa.com\/es\/wp-json\/wp\/v2\/media\/17157"}],"wp:attachment":[{"href":"https:\/\/www.caledoniaspa.com\/es\/wp-json\/wp\/v2\/media?parent=17338"}],"curies":[{"name":"wp","href":"https:\/\/api.w.org\/{rel}","templated":true}]}}