{"id":15920,"date":"2021-01-26T18:05:26","date_gmt":"2021-01-26T17:05:26","guid":{"rendered":"https:\/\/www.caledoniaspa.com\/investigaciones\/indagini-difensive\/"},"modified":"2021-04-19T16:47:00","modified_gmt":"2021-04-19T14:47:00","slug":"investigaciones-de-defensa-legal","status":"publish","type":"page","link":"https:\/\/www.caledoniaspa.com\/es\/investigaciones\/investigaciones-de-defensa-legal\/","title":{"rendered":"Investigaciones de defensa legal"},"content":{"rendered":"<div class=\"wpb-content-wrapper\"><p>[vc_section full_width=\u00bbstretch_row\u00bb content_placement=\u00bbmiddle\u00bb fade_in_opacity=\u00bbpix-opacity-6&#8243; pix_over_visibility=\u00bb\u00bb pix_overlay_color=\u00bbblack\u00bb css=\u00bb.vc_custom_1616515545376{background-color: #ffffff !important;}\u00bb pix_overlay_opacity=\u00bb1&#8243; b_custom_height=\u00bb300px\u00bb fade_in_intro=\u00bb15575&#8243;][vc_row pix_particles_check=\u00bb\u00bb responsive_css=\u00bb{\u00abpix_res_sm_pt\u00ab:\u00ab0px\u00ab,\u00abpix_res_md_pt\u00ab:\u00ab0px\u00ab}\u00bb css=\u00bb.vc_custom_1612279283236{padding-top: 150px !important;padding-bottom: 70px !important;}\u00bb][vc_column css=\u00bb.vc_custom_1611481106197{padding-top: 20px !important;padding-bottom: 20px !important;}\u00bb]<div id=\"H1\" class=\"pix-heading-el text-left  vc_custom_1618385610830\"><div class=\"d-inline-block\" style=\"max-width:1000px;\"><h1 class=\"text-white font-weight-bold h1 animate-in heading-text el-title_custom_color mb-12\" style=\"\" data-anim-type=\"fade-in\" data-anim-delay=\"200\">Investigaciones de defensa legal, la informaci\u00f3n como factor de defensa<\/h1><\/div><\/div><div class=\"pix-el-text w-100   vc_custom_1618327364448\" ><div class=\"d-inline-block\" style=\"max-width:900px;\"><p class=\"text-24  text-white  \" ><span class=\"text-white animate-in d-inline-block\" data-anim-delay=\"400\" data-anim-type=\"fade-in-up\">Caledonia ejerce su actividad de investigaci\u00f3n para asistir a los bufetes de abogados en los procedimientos penales y recoger informaci\u00f3n con la finalidad de sostener que la parte defendida es ajena a los hechos o inocente.<\/span><\/p><\/div><\/div><a  href=\"http:\/\/www.caledoniaspa.com\/es\/contactos\/\" class=\"btn mb-2    vc_custom_1618327373810  shadow-sm shadow-hover-sm text-primary btn-white d-inline-flex align-items-center pix-hover-item       btn-md\"     ><span class=\"font-weight-bold \" >Cont\u00e1ctanos<\/span><svg class=\"pixfort-icon font-weight-bold  pix-hover-right  ml-2\" width=\"24\" height=\"24\"  data-name=\"Line\/pixfort-icon-arrow-right-2\" viewBox=\"2 2 20 20\"><polyline fill=\"none\" stroke=\"var(--pf-icon-color)\" stroke-linecap=\"round\" stroke-linejoin=\"round\" stroke-width=\"var(--pf-icon-stroke-width)\" points=\"9.5 17 14.5 12 9.5 7\"\/><\/svg><\/a>[\/vc_column][\/vc_row][\/vc_section][vc_section full_width=\u00bbstretch_row\u00bb pix_over_visibility=\u00bb\u00bb css=\u00bb.vc_custom_1611481625985{background-color: #f8f9fa !important;}\u00bb fade_in_intro=\u00bb14052&#8243;][vc_row full_width=\u00bbstretch_row\u00bb gap=\u00bb35&#8243; content_placement=\u00bbtop\u00bb pix_particles_check=\u00bb\u00bb css=\u00bb.vc_custom_1611481444397{padding-top: 70px !important;padding-bottom: 75px !important;}\u00bb][vc_column width=\u00bb1\/2&#8243;][vc_column_text]<\/p><h2><strong>\u00bfNecesitas demostrar tu inocencia?<\/strong><\/h2><p>[\/vc_column_text][vc_separator color=\u00bbcustom\u00bb border_width=\u00bb3&#8243; accent_color=\u00bb#3dc4f2&#8243;][\/vc_column][vc_column width=\u00bb1\/2&#8243;][vc_column_text]<\/p><p><strong>Caledonia asiste y apoya a <span style=\"color: #3dc4f2;\">los bufetes<\/span> de abogados en todas las actividades de investigaci\u00f3n vinculadas a un <span style=\"color: #3dc4f2;\">procedimiento penal<\/span>.<br \/>La unidad de investigaci\u00f3n de Caledonia est\u00e1 asociada a las m\u00e1s importante Asociaciones profesionales nacionales e internacionales para el desempe\u00f1o de las actividades, tanto en territorio nacional como en el extranjero.<\/strong><\/p><p>[\/vc_column_text][\/vc_column][\/vc_row][\/vc_section][vc_section full_width=\u00bbstretch_row\u00bb pix_over_visibility=\u00bb\u00bb css=\u00bb.vc_custom_1611481992104{padding-bottom: 100px !important;background-color: #ffffff !important;}\u00bb][vc_row full_width=\u00bbstretch_row\u00bb gap=\u00bb35&#8243; content_placement=\u00bbtop\u00bb pix_particles_check=\u00bb\u00bb css=\u00bb.vc_custom_1611481821667{padding-top: 80px !important;padding-bottom: 35px !important;}\u00bb][vc_column width=\u00bb1\/6&#8243; content_align=\u00bbtext-center\u00bb]<div id=\"duo-icon-183376334\" class=\"pix-icon text-left  vc_custom_1611680925706\"><div class=\"pix-icon-bg rounded-circle feature_img position-relative d-inline-flex align-items-center justify-content-center bg-secondary shadow-sm\"   style=\" width:153px;height:153px;position:relative;line-height:153px;text-align:center;\"><span style=\"font-size:85px;line-height:85px;\" class=\"text-white d-inline-flex align-middle\"><svg class=\"pixfort-icon \" width=\"85\" height=\"85\"  data-name=\"Line\/pixfort-icon-person-hat-2\" viewBox=\"2 2 20 20\"><path fill=\"none\" stroke=\"var(--pf-icon-color)\" stroke-linecap=\"round\" stroke-linejoin=\"round\" stroke-width=\"var(--pf-icon-stroke-width)\" d=\"M4,21 C6,18 8.75,17 12,17 C15.25,17 18,18 20,21 M9.31081639,8.03883119 C8.50556501,8.77055399 8,9.82623648 8,11 C8,13.209139 9.790861,15 12,15 C14.209139,15 16,13.209139 16,11 C16,9.83153718 15.4989909,8.7800913 14.7000748,8.04876435 M11.0206906,3 L12.4188612,3 C13.3631019,3 14.2014049,3.60421456 14.5,4.5 L14.7380283,5.21408502 C14.905766,5.71729793 15.2665341,6.13326703 15.7409677,6.37048387 L19,8 L19,8 L5,8 L8.08907136,6.45546432 C8.66139132,6.16930434 9.06223751,5.62657492 9.16743201,4.99540791 L9.25,4.5 C9.39426382,3.63441709 10.1431681,3 11.0206906,3 Z M8.5,17.5 L12,21 L15.5,17.5\"\/><\/svg><\/span><\/div><\/div>[\/vc_column][vc_column width=\u00bb5\/6&#8243; css=\u00bb.vc_custom_1611482334859{padding-left: 50px !important;}\u00bb]<div id=\"H2\" class=\"pix-heading-el text-left  vc_custom_1618327467739\"><h2 class=\"text-primary font-weight-bold h2 heading-text el-title_custom_color mb-12\" style=\"\" data-anim-type=\"\" data-anim-delay=\"0\">Investigaciones de defensa legal<\/h2><\/div><div id=\"H3\" class=\"pix-heading-el text-left  vc_custom_1618327482401\"><h3 class=\"text-secondary font-weight-bold h3 heading-text el-title_custom_color mb-12\" style=\"\" data-anim-type=\"\" data-anim-delay=\"0\">La base para construir una s\u00f3lida defensa<\/h3><\/div>[vc_column_text]Durante un procedimiento penal, figuras altamente cualificadas y profesionales pueden actuar como asesores en tu defensa al <strong>lado del bufete de abogados<\/strong>. Caledonia pone as\u00ed a disposici\u00f3n <strong>investigadores privados<\/strong> con s\u00f3lidas bases jur\u00eddicas y comprobadas competencias de car\u00e1cter t\u00e9cnico para ejercer actividades de investigaci\u00f3n y obtener un cuadro lo m\u00e1s completo posible de la situaci\u00f3n.<br \/>Estas figuras trabajan la m\u00e1xima confidencialidad y profesionalidad, para la <strong>construcci\u00f3n de una s\u00f3lida tesis de defensa<\/strong>.[\/vc_column_text][\/vc_column][\/vc_row][\/vc_section]<\/p><\/div>","protected":false},"excerpt":{"rendered":"[vc_section full_width=\u00bbstretch_row\u00bb content_placement=\u00bbmiddle\u00bb fade_in_opacity=\u00bbpix-opacity-6&#8243; pix_over_visibility=\u00bb\u00bb pix_overlay_color=\u00bbblack\u00bb css=\u00bb.vc_custom_1616515545376{background-color: #ffffff !important;}\u00bb pix_overlay_opacity=\u00bb1&#8243; b_custom_height=\u00bb300px\u00bb fade_in_intro=\u00bb15575&#8243;][vc_row pix_particles_check=\u00bb\u00bb responsive_css=\u00bb{\u00abpix_res_sm_pt\u00ab:\u00ab0px\u00ab,\u00abpix_res_md_pt\u00ab:\u00ab0px\u00ab}\u00bb css=\u00bb.vc_custom_1612279283236{padding-top: 150px !important;padding-bottom: 70px !important;}\u00bb][vc_column css=\u00bb.vc_custom_1611481106197{padding-top: 20px !important;padding-bottom: 20px !important;}\u00bb][\/vc_column][\/vc_row][\/vc_section][vc_section full_width=\u00bbstretch_row\u00bb pix_over_visibility=\u00bb\u00bb css=\u00bb.vc_custom_1611481625985{background-color: #f8f9fa !important;}\u00bb fade_in_intro=\u00bb14052&#8243;][vc_row full_width=\u00bbstretch_row\u00bb gap=\u00bb35&#8243; content_placement=\u00bbtop\u00bb pix_particles_check=\u00bb\u00bb css=\u00bb.vc_custom_1611481444397{padding-top: 70px !important;padding-bottom: 75px !important;}\u00bb][vc_column width=\u00bb1\/2&#8243;][vc_column_text]\u00bfNecesitas&#8230;","protected":false},"author":1,"featured_media":0,"parent":15912,"menu_order":0,"comment_status":"closed","ping_status":"closed","template":"","meta":{"inline_featured_image":false,"_monsterinsights_skip_tracking":false,"_monsterinsights_sitenote_active":false,"_monsterinsights_sitenote_note":"","_monsterinsights_sitenote_category":0,"footnotes":""},"class_list":["post-15920","page","type-page","status-publish","hentry"],"yoast_head":"<!-- This site is optimized with the Yoast SEO plugin v26.8 - https:\/\/yoast.com\/product\/yoast-seo-wordpress\/ -->\n<title>Caledonia Spa, investigaciones de defensa legal<\/title>\n<meta name=\"description\" content=\"Caledonia asiste y apoya a los bufetes de abogados en todas las actividades de investigaci\u00f3n vinculadas a un procedimiento penal.\" \/>\n<meta name=\"robots\" content=\"index, follow, max-snippet:-1, max-image-preview:large, max-video-preview:-1\" \/>\n<link rel=\"canonical\" href=\"https:\/\/www.caledoniaspa.com\/es\/investigaciones\/investigaciones-de-defensa-legal\/\" \/>\n<meta property=\"og:locale\" content=\"es_ES\" \/>\n<meta property=\"og:type\" content=\"article\" \/>\n<meta property=\"og:title\" content=\"Caledonia Spa, investigaciones de defensa legal\" \/>\n<meta property=\"og:description\" content=\"Caledonia asiste y apoya a los bufetes de abogados en todas las actividades de investigaci\u00f3n vinculadas a un procedimiento penal.\" \/>\n<meta property=\"og:url\" content=\"https:\/\/www.caledoniaspa.com\/es\/investigaciones\/investigaciones-de-defensa-legal\/\" \/>\n<meta property=\"og:site_name\" content=\"Caledonia Spa\" \/>\n<meta property=\"article:modified_time\" content=\"2021-04-19T14:47:00+00:00\" \/>\n<meta name=\"twitter:card\" content=\"summary_large_image\" \/>\n<meta name=\"twitter:label1\" content=\"Tiempo de lectura\" \/>\n\t<meta name=\"twitter:data1\" content=\"2 minutos\" \/>\n<script type=\"application\/ld+json\" class=\"yoast-schema-graph\">{\"@context\":\"https:\/\/schema.org\",\"@graph\":[{\"@type\":\"WebPage\",\"@id\":\"https:\/\/www.caledoniaspa.com\/es\/investigaciones\/investigaciones-de-defensa-legal\/\",\"url\":\"https:\/\/www.caledoniaspa.com\/es\/investigaciones\/investigaciones-de-defensa-legal\/\",\"name\":\"Caledonia Spa, investigaciones de defensa legal\",\"isPartOf\":{\"@id\":\"https:\/\/www.caledoniaspa.com\/es\/#website\"},\"datePublished\":\"2021-01-26T17:05:26+00:00\",\"dateModified\":\"2021-04-19T14:47:00+00:00\",\"description\":\"Caledonia asiste y apoya a los bufetes de abogados en todas las actividades de investigaci\u00f3n vinculadas a un procedimiento penal.\",\"breadcrumb\":{\"@id\":\"https:\/\/www.caledoniaspa.com\/es\/investigaciones\/investigaciones-de-defensa-legal\/#breadcrumb\"},\"inLanguage\":\"es\",\"potentialAction\":[{\"@type\":\"ReadAction\",\"target\":[\"https:\/\/www.caledoniaspa.com\/es\/investigaciones\/investigaciones-de-defensa-legal\/\"]}]},{\"@type\":\"BreadcrumbList\",\"@id\":\"https:\/\/www.caledoniaspa.com\/es\/investigaciones\/investigaciones-de-defensa-legal\/#breadcrumb\",\"itemListElement\":[{\"@type\":\"ListItem\",\"position\":1,\"name\":\"Investigaciones\",\"item\":\"https:\/\/www.caledoniaspa.com\/es\/investigaciones\/\"},{\"@type\":\"ListItem\",\"position\":2,\"name\":\"Investigaciones de defensa legal\"}]},{\"@type\":\"WebSite\",\"@id\":\"https:\/\/www.caledoniaspa.com\/es\/#website\",\"url\":\"https:\/\/www.caledoniaspa.com\/es\/\",\"name\":\"Caledonia Spa\",\"description\":\"Protect Your Interests\",\"publisher\":{\"@id\":\"https:\/\/www.caledoniaspa.com\/es\/#organization\"},\"potentialAction\":[{\"@type\":\"SearchAction\",\"target\":{\"@type\":\"EntryPoint\",\"urlTemplate\":\"https:\/\/www.caledoniaspa.com\/es\/?s={search_term_string}\"},\"query-input\":{\"@type\":\"PropertyValueSpecification\",\"valueRequired\":true,\"valueName\":\"search_term_string\"}}],\"inLanguage\":\"es\"},{\"@type\":\"Organization\",\"@id\":\"https:\/\/www.caledoniaspa.com\/es\/#organization\",\"name\":\"Caledonia Spa\",\"url\":\"https:\/\/www.caledoniaspa.com\/es\/\",\"logo\":{\"@type\":\"ImageObject\",\"inLanguage\":\"es\",\"@id\":\"https:\/\/www.caledoniaspa.com\/es\/#\/schema\/logo\/image\/\",\"url\":\"https:\/\/www.caledoniaspa.com\/wp-content\/uploads\/logo.svg\",\"contentUrl\":\"https:\/\/www.caledoniaspa.com\/wp-content\/uploads\/logo.svg\",\"caption\":\"Caledonia Spa\"},\"image\":{\"@id\":\"https:\/\/www.caledoniaspa.com\/es\/#\/schema\/logo\/image\/\"},\"sameAs\":[\"https:\/\/it.linkedin.com\/company\/caledonia-s-p-a\"]}]}<\/script>\n<!-- \/ Yoast SEO plugin. -->","yoast_head_json":{"title":"Caledonia Spa, investigaciones de defensa legal","description":"Caledonia asiste y apoya a los bufetes de abogados en todas las actividades de investigaci\u00f3n vinculadas a un procedimiento penal.","robots":{"index":"index","follow":"follow","max-snippet":"max-snippet:-1","max-image-preview":"max-image-preview:large","max-video-preview":"max-video-preview:-1"},"canonical":"https:\/\/www.caledoniaspa.com\/es\/investigaciones\/investigaciones-de-defensa-legal\/","og_locale":"es_ES","og_type":"article","og_title":"Caledonia Spa, investigaciones de defensa legal","og_description":"Caledonia asiste y apoya a los bufetes de abogados en todas las actividades de investigaci\u00f3n vinculadas a un procedimiento penal.","og_url":"https:\/\/www.caledoniaspa.com\/es\/investigaciones\/investigaciones-de-defensa-legal\/","og_site_name":"Caledonia Spa","article_modified_time":"2021-04-19T14:47:00+00:00","twitter_card":"summary_large_image","twitter_misc":{"Tiempo de lectura":"2 minutos"},"schema":{"@context":"https:\/\/schema.org","@graph":[{"@type":"WebPage","@id":"https:\/\/www.caledoniaspa.com\/es\/investigaciones\/investigaciones-de-defensa-legal\/","url":"https:\/\/www.caledoniaspa.com\/es\/investigaciones\/investigaciones-de-defensa-legal\/","name":"Caledonia Spa, investigaciones de defensa legal","isPartOf":{"@id":"https:\/\/www.caledoniaspa.com\/es\/#website"},"datePublished":"2021-01-26T17:05:26+00:00","dateModified":"2021-04-19T14:47:00+00:00","description":"Caledonia asiste y apoya a los bufetes de abogados en todas las actividades de investigaci\u00f3n vinculadas a un procedimiento penal.","breadcrumb":{"@id":"https:\/\/www.caledoniaspa.com\/es\/investigaciones\/investigaciones-de-defensa-legal\/#breadcrumb"},"inLanguage":"es","potentialAction":[{"@type":"ReadAction","target":["https:\/\/www.caledoniaspa.com\/es\/investigaciones\/investigaciones-de-defensa-legal\/"]}]},{"@type":"BreadcrumbList","@id":"https:\/\/www.caledoniaspa.com\/es\/investigaciones\/investigaciones-de-defensa-legal\/#breadcrumb","itemListElement":[{"@type":"ListItem","position":1,"name":"Investigaciones","item":"https:\/\/www.caledoniaspa.com\/es\/investigaciones\/"},{"@type":"ListItem","position":2,"name":"Investigaciones de defensa legal"}]},{"@type":"WebSite","@id":"https:\/\/www.caledoniaspa.com\/es\/#website","url":"https:\/\/www.caledoniaspa.com\/es\/","name":"Caledonia Spa","description":"Protect Your Interests","publisher":{"@id":"https:\/\/www.caledoniaspa.com\/es\/#organization"},"potentialAction":[{"@type":"SearchAction","target":{"@type":"EntryPoint","urlTemplate":"https:\/\/www.caledoniaspa.com\/es\/?s={search_term_string}"},"query-input":{"@type":"PropertyValueSpecification","valueRequired":true,"valueName":"search_term_string"}}],"inLanguage":"es"},{"@type":"Organization","@id":"https:\/\/www.caledoniaspa.com\/es\/#organization","name":"Caledonia Spa","url":"https:\/\/www.caledoniaspa.com\/es\/","logo":{"@type":"ImageObject","inLanguage":"es","@id":"https:\/\/www.caledoniaspa.com\/es\/#\/schema\/logo\/image\/","url":"https:\/\/www.caledoniaspa.com\/wp-content\/uploads\/logo.svg","contentUrl":"https:\/\/www.caledoniaspa.com\/wp-content\/uploads\/logo.svg","caption":"Caledonia Spa"},"image":{"@id":"https:\/\/www.caledoniaspa.com\/es\/#\/schema\/logo\/image\/"},"sameAs":["https:\/\/it.linkedin.com\/company\/caledonia-s-p-a"]}]}},"_links":{"self":[{"href":"https:\/\/www.caledoniaspa.com\/es\/wp-json\/wp\/v2\/pages\/15920","targetHints":{"allow":["GET"]}}],"collection":[{"href":"https:\/\/www.caledoniaspa.com\/es\/wp-json\/wp\/v2\/pages"}],"about":[{"href":"https:\/\/www.caledoniaspa.com\/es\/wp-json\/wp\/v2\/types\/page"}],"author":[{"embeddable":true,"href":"https:\/\/www.caledoniaspa.com\/es\/wp-json\/wp\/v2\/users\/1"}],"replies":[{"embeddable":true,"href":"https:\/\/www.caledoniaspa.com\/es\/wp-json\/wp\/v2\/comments?post=15920"}],"version-history":[{"count":4,"href":"https:\/\/www.caledoniaspa.com\/es\/wp-json\/wp\/v2\/pages\/15920\/revisions"}],"predecessor-version":[{"id":16285,"href":"https:\/\/www.caledoniaspa.com\/es\/wp-json\/wp\/v2\/pages\/15920\/revisions\/16285"}],"up":[{"embeddable":true,"href":"https:\/\/www.caledoniaspa.com\/es\/wp-json\/wp\/v2\/pages\/15912"}],"wp:attachment":[{"href":"https:\/\/www.caledoniaspa.com\/es\/wp-json\/wp\/v2\/media?parent=15920"}],"curies":[{"name":"wp","href":"https:\/\/api.w.org\/{rel}","templated":true}]}}