{"id":15916,"date":"2021-01-26T17:50:58","date_gmt":"2021-01-26T16:50:58","guid":{"rendered":"https:\/\/www.caledoniaspa.com\/investigaciones\/indagini-assicurative\/"},"modified":"2024-03-19T16:41:53","modified_gmt":"2024-03-19T15:41:53","slug":"investigaciones-de-seguros","status":"publish","type":"page","link":"https:\/\/www.caledoniaspa.com\/es\/investigaciones\/investigaciones-de-seguros\/","title":{"rendered":"Investigaciones de seguros"},"content":{"rendered":"<div class=\"wpb-content-wrapper\">[vc_section full_width=\u00bbstretch_row\u00bb content_placement=\u00bbmiddle\u00bb fade_in_opacity=\u00bbpix-opacity-7&#8243; pix_over_visibility=\u00bb\u00bb pix_overlay_color=\u00bbblack\u00bb css=\u00bb.vc_custom_1710862909273{background-color: #ffffff !important;}\u00bb pix_overlay_opacity=\u00bb1&#8243; b_custom_height=\u00bb300px\u00bb fade_in_intro=\u00bb17135&#8243;][vc_row pix_particles_check=\u00bb\u00bb responsive_css=\u00bb{\u00abpix_res_sm_pt\u00ab:\u00ab0px\u00ab,\u00abpix_res_md_pt\u00ab:\u00ab0px\u00ab}\u00bb css=\u00bb.vc_custom_1612279196503{padding-top: 150px !important;padding-bottom: 70px !important;}\u00bb][vc_column css=\u00bb.vc_custom_1611481106197{padding-top: 20px !important;padding-bottom: 20px !important;}\u00bb]<div id=\"H1\" class=\"pix-heading-el text-left  vc_custom_1618326984854\"><div class=\"d-inline-block\" style=\"max-width:900px;\"><h1 class=\"text-white font-weight-bold h1 animate-in heading-text el-title_custom_color mb-12\" style=\"\" data-anim-type=\"fade-in\" data-anim-delay=\"200\">Investigaciones de seguros: prevenimos y gestionamos los riesgos de fraude<\/h1><\/div><\/div><div class=\"pix-el-text w-100   vc_custom_1618326991826\" ><div class=\"d-inline-block\" style=\"max-width:900px;\"><p class=\"text-24  text-white  \" ><span class=\"text-white animate-in d-inline-block\" data-anim-delay=\"400\" data-anim-type=\"fade-in-up\">Caledonia ayuda a prevenir y gestionar cualquier irregularidad en los siniestros, hurtos, da\u00f1os o eventos que sean objeto de indemnizaci\u00f3n.<\/span><\/p><\/div><\/div><a  href=\"http:\/\/www.caledoniaspa.com\/es\/contactos\/\" class=\"btn mb-2    vc_custom_1618327004484  shadow-sm shadow-hover-sm text-primary btn-white d-inline-flex align-items-center pix-hover-item       btn-md\"     ><span class=\"font-weight-bold \" >Cont\u00e1ctanos<\/span><svg class=\"pixfort-icon font-weight-bold  pix-hover-right  ml-2\" width=\"24\" height=\"24\"  data-name=\"Line\/pixfort-icon-arrow-right-2\" viewBox=\"2 2 20 20\"><polyline fill=\"none\" stroke=\"var(--pf-icon-color)\" stroke-linecap=\"round\" stroke-linejoin=\"round\" stroke-width=\"var(--pf-icon-stroke-width)\" points=\"9.5 17 14.5 12 9.5 7\"\/><\/svg><\/a>[\/vc_column][\/vc_row][\/vc_section][vc_section full_width=\u00bbstretch_row\u00bb pix_over_visibility=\u00bb\u00bb css=\u00bb.vc_custom_1611481625985{background-color: #f8f9fa !important;}\u00bb fade_in_intro=\u00bb14052&#8243;][vc_row full_width=\u00bbstretch_row\u00bb gap=\u00bb35&#8243; content_placement=\u00bbtop\u00bb pix_particles_check=\u00bb\u00bb css=\u00bb.vc_custom_1611481444397{padding-top: 70px !important;padding-bottom: 75px !important;}\u00bb][vc_column width=\u00bb1\/2&#8243;][vc_column_text]\r\n<h2><strong>\u00bfQuieres defenderte del riesgo de fraudes en seguros?<\/strong><\/h2>\r\n[\/vc_column_text][vc_separator color=\u00bbcustom\u00bb border_width=\u00bb3&#8243; accent_color=\u00bb#3dc4f2&#8243;][\/vc_column][vc_column width=\u00bb1\/2&#8243;][vc_column_text]<strong>Caledonia cuida tus intereses de forma cient\u00edfica. Las investigaciones apuntan a <span style=\"color: #3dc4f2;\">identificar anomal\u00eda y\/o irregularidades<\/span> en las din\u00e1micas de los eventos denunciados para obtener elementos probatorios a utilizar tambi\u00e9n en fase de proceso para <span style=\"color: #3dc4f2;\">confutar las peticiones de resarcimiento de da\u00f1os<\/span>, tanto f\u00edsicos como materiales.<\/strong>[\/vc_column_text][\/vc_column][\/vc_row][\/vc_section][vc_section full_width=\u00bbstretch_row\u00bb pix_over_visibility=\u00bb\u00bb css=\u00bb.vc_custom_1611481992104{padding-bottom: 100px !important;background-color: #ffffff !important;}\u00bb][vc_row full_width=\u00bbstretch_row\u00bb gap=\u00bb35&#8243; content_placement=\u00bbtop\u00bb pix_particles_check=\u00bb\u00bb css=\u00bb.vc_custom_1611481821667{padding-top: 80px !important;padding-bottom: 35px !important;}\u00bb][vc_column width=\u00bb1\/6&#8243; content_align=\u00bbtext-center\u00bb]<div id=\"duo-icon-83073785\" class=\"pix-icon text-left  vc_custom_1611681546735\"><div class=\"pix-icon-bg rounded-circle feature_img position-relative d-inline-flex align-items-center justify-content-center bg-secondary shadow-sm\"   style=\" width:153px;height:153px;position:relative;line-height:153px;text-align:center;\"><span style=\"font-size:85px;line-height:85px;\" class=\"text-white d-inline-flex align-middle\"><svg class=\"pixfort-icon \" width=\"85\" height=\"85\"  data-name=\"Line\/pixfort-icon-user-circle-search-1\" viewBox=\"2 2 20 20\"><path fill=\"none\" stroke=\"var(--pf-icon-color)\" stroke-linecap=\"round\" stroke-linejoin=\"round\" stroke-width=\"var(--pf-icon-stroke-width)\" d=\"M21,12 C21,7.02943725 16.9705627,3 12,3 C7.02943725,3 3,7.02943725 3,12 C3,16.9705627 7.02943725,21 12,21 M5.63686238,18.367264 C6.94773908,16.9786023 8.74737784,16.2008931 11.0357787,16.0341366 M12,13 C13.6568542,13 15,11.6568542 15,10 C15,8.34314575 13.6568542,7 12,7 C10.3431458,7 9,8.34314575 9,10 C9,11.6568542 10.3431458,13 12,13 Z M17.1111111,20.2222222 C18.8293303,20.2222222 20.2222222,18.8293303 20.2222222,17.1111111 C20.2222222,15.3928919 18.8293303,14 17.1111111,14 C15.3928919,14 14,15.3928919 14,17.1111111 C14,18.8293303 15.3928919,20.2222222 17.1111111,20.2222222 Z M19.312803,19.3129462 L21,21\"\/><\/svg><\/span><\/div><\/div>[\/vc_column][vc_column width=\u00bb5\/6&#8243; css=\u00bb.vc_custom_1611482334859{padding-left: 50px !important;}\u00bb]<div id=\"H2\" class=\"pix-heading-el text-left  vc_custom_1618327099044\"><h2 class=\"text-primary font-weight-bold h2 heading-text el-title_custom_color mb-12\" style=\"\" data-anim-type=\"\" data-anim-delay=\"0\">Investigaciones de seguros<\/h2><\/div><div id=\"H3\" class=\"pix-heading-el text-left  vc_custom_1618327109900\"><div class=\"d-inline-block\" style=\"max-width:730px;\"><h3 class=\"text-secondary font-weight-bold h3 heading-text el-title_custom_color mb-12\" style=\"\" data-anim-type=\"\" data-anim-delay=\"0\">C\u00f3mo limitar el riesgo de fraude<\/h3><\/div><\/div>[vc_column_text]La <strong>prevenci\u00f3n y gesti\u00f3n de los fraudes<\/strong> en los siniestros, hurtos, da\u00f1os, etc., y en los tr\u00e1mites de indemnizaci\u00f3n por enfermedad o accidente, comienza por la obtenci\u00f3n de la informaci\u00f3n a trav\u00e9s de un preciso an\u00e1lisis documental.\r\n\r\nLa actividad de investigaci\u00f3n de Caledonia se lleva a cabo con <strong>estudios in situ cuya<\/strong> finalidad es recoger informaci\u00f3n sobre la reputaci\u00f3n de empresas o personas para comprobar posibles conexiones objetivas y subjetivas, como grados de parentela entre los sujetos implicados, frecuencia de los siniestros, figuras profesionales, como m\u00e9dicos, peritos o asesores, recurrentes. El planteamiento especializado permite a Caledonia alcanzar en cada estudio el m\u00e1ximo grado de detalle de la informaci\u00f3n.\r\n\r\nLas investigaciones de seguros representan una ventaja competitiva concreta para las compa\u00f1\u00edas de seguros en la prevenci\u00f3n y atenuaci\u00f3n del <strong>riesgo de empresa para proteger el patrimonio de la misma<\/strong>.[\/vc_column_text][\/vc_column][\/vc_row][\/vc_section]<\/div>","protected":false},"excerpt":{"rendered":"[vc_section full_width=\u00bbstretch_row\u00bb content_placement=\u00bbmiddle\u00bb fade_in_opacity=\u00bbpix-opacity-7&#8243; pix_over_visibility=\u00bb\u00bb pix_overlay_color=\u00bbblack\u00bb css=\u00bb.vc_custom_1710862909273{background-color: #ffffff !important;}\u00bb pix_overlay_opacity=\u00bb1&#8243; b_custom_height=\u00bb300px\u00bb fade_in_intro=\u00bb17135&#8243;][vc_row pix_particles_check=\u00bb\u00bb responsive_css=\u00bb{\u00abpix_res_sm_pt\u00ab:\u00ab0px\u00ab,\u00abpix_res_md_pt\u00ab:\u00ab0px\u00ab}\u00bb css=\u00bb.vc_custom_1612279196503{padding-top: 150px !important;padding-bottom: 70px !important;}\u00bb][vc_column css=\u00bb.vc_custom_1611481106197{padding-top: 20px !important;padding-bottom: 20px !important;}\u00bb][\/vc_column][\/vc_row][\/vc_section][vc_section full_width=\u00bbstretch_row\u00bb pix_over_visibility=\u00bb\u00bb css=\u00bb.vc_custom_1611481625985{background-color: #f8f9fa !important;}\u00bb fade_in_intro=\u00bb14052&#8243;][vc_row full_width=\u00bbstretch_row\u00bb gap=\u00bb35&#8243; content_placement=\u00bbtop\u00bb pix_particles_check=\u00bb\u00bb css=\u00bb.vc_custom_1611481444397{padding-top: 70px !important;padding-bottom: 75px !important;}\u00bb][vc_column width=\u00bb1\/2&#8243;][vc_column_text]&#8230;","protected":false},"author":1,"featured_media":0,"parent":15912,"menu_order":0,"comment_status":"closed","ping_status":"closed","template":"","meta":{"inline_featured_image":false,"_monsterinsights_skip_tracking":false,"_monsterinsights_sitenote_active":false,"_monsterinsights_sitenote_note":"","_monsterinsights_sitenote_category":0,"footnotes":""},"class_list":["post-15916","page","type-page","status-publish","hentry"],"yoast_head":"<!-- This site is optimized with the Yoast SEO plugin v26.8 - https:\/\/yoast.com\/product\/yoast-seo-wordpress\/ -->\n<title>Caledonia, investigaciones de seguros c\u00f3mo limitar el riesgo de fraude<\/title>\n<meta name=\"description\" content=\"Caledonia Spa lleva a cabo investigaciones de seguros que ofrecen apoyo espec\u00edfico a las compa\u00f1\u00edas de seguros contra el fraude.\" \/>\n<meta name=\"robots\" content=\"index, follow, max-snippet:-1, max-image-preview:large, max-video-preview:-1\" \/>\n<link rel=\"canonical\" href=\"https:\/\/www.caledoniaspa.com\/es\/investigaciones\/investigaciones-de-seguros\/\" \/>\n<meta property=\"og:locale\" content=\"es_ES\" \/>\n<meta property=\"og:type\" content=\"article\" \/>\n<meta property=\"og:title\" content=\"Caledonia, investigaciones de seguros c\u00f3mo limitar el riesgo de fraude\" \/>\n<meta property=\"og:description\" content=\"Caledonia Spa lleva a cabo investigaciones de seguros que ofrecen apoyo espec\u00edfico a las compa\u00f1\u00edas de seguros contra el fraude.\" \/>\n<meta property=\"og:url\" content=\"https:\/\/www.caledoniaspa.com\/es\/investigaciones\/investigaciones-de-seguros\/\" \/>\n<meta property=\"og:site_name\" content=\"Caledonia Spa\" \/>\n<meta property=\"article:modified_time\" content=\"2024-03-19T15:41:53+00:00\" \/>\n<meta name=\"twitter:card\" content=\"summary_large_image\" \/>\n<meta name=\"twitter:label1\" content=\"Tiempo de lectura\" \/>\n\t<meta name=\"twitter:data1\" content=\"2 minutos\" \/>\n<script type=\"application\/ld+json\" class=\"yoast-schema-graph\">{\"@context\":\"https:\/\/schema.org\",\"@graph\":[{\"@type\":\"WebPage\",\"@id\":\"https:\/\/www.caledoniaspa.com\/es\/investigaciones\/investigaciones-de-seguros\/\",\"url\":\"https:\/\/www.caledoniaspa.com\/es\/investigaciones\/investigaciones-de-seguros\/\",\"name\":\"Caledonia, investigaciones de seguros c\u00f3mo limitar el riesgo de fraude\",\"isPartOf\":{\"@id\":\"https:\/\/www.caledoniaspa.com\/es\/#website\"},\"datePublished\":\"2021-01-26T16:50:58+00:00\",\"dateModified\":\"2024-03-19T15:41:53+00:00\",\"description\":\"Caledonia Spa lleva a cabo investigaciones de seguros que ofrecen apoyo espec\u00edfico a las compa\u00f1\u00edas de seguros contra el fraude.\",\"breadcrumb\":{\"@id\":\"https:\/\/www.caledoniaspa.com\/es\/investigaciones\/investigaciones-de-seguros\/#breadcrumb\"},\"inLanguage\":\"es\",\"potentialAction\":[{\"@type\":\"ReadAction\",\"target\":[\"https:\/\/www.caledoniaspa.com\/es\/investigaciones\/investigaciones-de-seguros\/\"]}]},{\"@type\":\"BreadcrumbList\",\"@id\":\"https:\/\/www.caledoniaspa.com\/es\/investigaciones\/investigaciones-de-seguros\/#breadcrumb\",\"itemListElement\":[{\"@type\":\"ListItem\",\"position\":1,\"name\":\"Investigaciones\",\"item\":\"https:\/\/www.caledoniaspa.com\/es\/investigaciones\/\"},{\"@type\":\"ListItem\",\"position\":2,\"name\":\"Investigaciones de seguros\"}]},{\"@type\":\"WebSite\",\"@id\":\"https:\/\/www.caledoniaspa.com\/es\/#website\",\"url\":\"https:\/\/www.caledoniaspa.com\/es\/\",\"name\":\"Caledonia Spa\",\"description\":\"Protect Your Interests\",\"publisher\":{\"@id\":\"https:\/\/www.caledoniaspa.com\/es\/#organization\"},\"potentialAction\":[{\"@type\":\"SearchAction\",\"target\":{\"@type\":\"EntryPoint\",\"urlTemplate\":\"https:\/\/www.caledoniaspa.com\/es\/?s={search_term_string}\"},\"query-input\":{\"@type\":\"PropertyValueSpecification\",\"valueRequired\":true,\"valueName\":\"search_term_string\"}}],\"inLanguage\":\"es\"},{\"@type\":\"Organization\",\"@id\":\"https:\/\/www.caledoniaspa.com\/es\/#organization\",\"name\":\"Caledonia Spa\",\"url\":\"https:\/\/www.caledoniaspa.com\/es\/\",\"logo\":{\"@type\":\"ImageObject\",\"inLanguage\":\"es\",\"@id\":\"https:\/\/www.caledoniaspa.com\/es\/#\/schema\/logo\/image\/\",\"url\":\"https:\/\/www.caledoniaspa.com\/wp-content\/uploads\/logo.svg\",\"contentUrl\":\"https:\/\/www.caledoniaspa.com\/wp-content\/uploads\/logo.svg\",\"caption\":\"Caledonia Spa\"},\"image\":{\"@id\":\"https:\/\/www.caledoniaspa.com\/es\/#\/schema\/logo\/image\/\"},\"sameAs\":[\"https:\/\/it.linkedin.com\/company\/caledonia-s-p-a\"]}]}<\/script>\n<!-- \/ Yoast SEO plugin. -->","yoast_head_json":{"title":"Caledonia, investigaciones de seguros c\u00f3mo limitar el riesgo de fraude","description":"Caledonia Spa lleva a cabo investigaciones de seguros que ofrecen apoyo espec\u00edfico a las compa\u00f1\u00edas de seguros contra el fraude.","robots":{"index":"index","follow":"follow","max-snippet":"max-snippet:-1","max-image-preview":"max-image-preview:large","max-video-preview":"max-video-preview:-1"},"canonical":"https:\/\/www.caledoniaspa.com\/es\/investigaciones\/investigaciones-de-seguros\/","og_locale":"es_ES","og_type":"article","og_title":"Caledonia, investigaciones de seguros c\u00f3mo limitar el riesgo de fraude","og_description":"Caledonia Spa lleva a cabo investigaciones de seguros que ofrecen apoyo espec\u00edfico a las compa\u00f1\u00edas de seguros contra el fraude.","og_url":"https:\/\/www.caledoniaspa.com\/es\/investigaciones\/investigaciones-de-seguros\/","og_site_name":"Caledonia Spa","article_modified_time":"2024-03-19T15:41:53+00:00","twitter_card":"summary_large_image","twitter_misc":{"Tiempo de lectura":"2 minutos"},"schema":{"@context":"https:\/\/schema.org","@graph":[{"@type":"WebPage","@id":"https:\/\/www.caledoniaspa.com\/es\/investigaciones\/investigaciones-de-seguros\/","url":"https:\/\/www.caledoniaspa.com\/es\/investigaciones\/investigaciones-de-seguros\/","name":"Caledonia, investigaciones de seguros c\u00f3mo limitar el riesgo de fraude","isPartOf":{"@id":"https:\/\/www.caledoniaspa.com\/es\/#website"},"datePublished":"2021-01-26T16:50:58+00:00","dateModified":"2024-03-19T15:41:53+00:00","description":"Caledonia Spa lleva a cabo investigaciones de seguros que ofrecen apoyo espec\u00edfico a las compa\u00f1\u00edas de seguros contra el fraude.","breadcrumb":{"@id":"https:\/\/www.caledoniaspa.com\/es\/investigaciones\/investigaciones-de-seguros\/#breadcrumb"},"inLanguage":"es","potentialAction":[{"@type":"ReadAction","target":["https:\/\/www.caledoniaspa.com\/es\/investigaciones\/investigaciones-de-seguros\/"]}]},{"@type":"BreadcrumbList","@id":"https:\/\/www.caledoniaspa.com\/es\/investigaciones\/investigaciones-de-seguros\/#breadcrumb","itemListElement":[{"@type":"ListItem","position":1,"name":"Investigaciones","item":"https:\/\/www.caledoniaspa.com\/es\/investigaciones\/"},{"@type":"ListItem","position":2,"name":"Investigaciones de seguros"}]},{"@type":"WebSite","@id":"https:\/\/www.caledoniaspa.com\/es\/#website","url":"https:\/\/www.caledoniaspa.com\/es\/","name":"Caledonia Spa","description":"Protect Your Interests","publisher":{"@id":"https:\/\/www.caledoniaspa.com\/es\/#organization"},"potentialAction":[{"@type":"SearchAction","target":{"@type":"EntryPoint","urlTemplate":"https:\/\/www.caledoniaspa.com\/es\/?s={search_term_string}"},"query-input":{"@type":"PropertyValueSpecification","valueRequired":true,"valueName":"search_term_string"}}],"inLanguage":"es"},{"@type":"Organization","@id":"https:\/\/www.caledoniaspa.com\/es\/#organization","name":"Caledonia Spa","url":"https:\/\/www.caledoniaspa.com\/es\/","logo":{"@type":"ImageObject","inLanguage":"es","@id":"https:\/\/www.caledoniaspa.com\/es\/#\/schema\/logo\/image\/","url":"https:\/\/www.caledoniaspa.com\/wp-content\/uploads\/logo.svg","contentUrl":"https:\/\/www.caledoniaspa.com\/wp-content\/uploads\/logo.svg","caption":"Caledonia Spa"},"image":{"@id":"https:\/\/www.caledoniaspa.com\/es\/#\/schema\/logo\/image\/"},"sameAs":["https:\/\/it.linkedin.com\/company\/caledonia-s-p-a"]}]}},"_links":{"self":[{"href":"https:\/\/www.caledoniaspa.com\/es\/wp-json\/wp\/v2\/pages\/15916","targetHints":{"allow":["GET"]}}],"collection":[{"href":"https:\/\/www.caledoniaspa.com\/es\/wp-json\/wp\/v2\/pages"}],"about":[{"href":"https:\/\/www.caledoniaspa.com\/es\/wp-json\/wp\/v2\/types\/page"}],"author":[{"embeddable":true,"href":"https:\/\/www.caledoniaspa.com\/es\/wp-json\/wp\/v2\/users\/1"}],"replies":[{"embeddable":true,"href":"https:\/\/www.caledoniaspa.com\/es\/wp-json\/wp\/v2\/comments?post=15916"}],"version-history":[{"count":4,"href":"https:\/\/www.caledoniaspa.com\/es\/wp-json\/wp\/v2\/pages\/15916\/revisions"}],"predecessor-version":[{"id":17146,"href":"https:\/\/www.caledoniaspa.com\/es\/wp-json\/wp\/v2\/pages\/15916\/revisions\/17146"}],"up":[{"embeddable":true,"href":"https:\/\/www.caledoniaspa.com\/es\/wp-json\/wp\/v2\/pages\/15912"}],"wp:attachment":[{"href":"https:\/\/www.caledoniaspa.com\/es\/wp-json\/wp\/v2\/media?parent=15916"}],"curies":[{"name":"wp","href":"https:\/\/api.w.org\/{rel}","templated":true}]}}