{"id":15899,"date":"2020-12-16T14:39:32","date_gmt":"2020-12-16T13:39:32","guid":{"rendered":"https:\/\/www.caledoniaspa.com\/gestion-del-credito\/rintraccio-e-recupero-beni\/"},"modified":"2021-04-19T16:43:37","modified_gmt":"2021-04-19T14:43:37","slug":"rastreo-y-recuperacion-de-bienes","status":"publish","type":"page","link":"https:\/\/www.caledoniaspa.com\/es\/gestion-del-credito\/rastreo-y-recuperacion-de-bienes\/","title":{"rendered":"Rastreo y recuperaci\u00f3n de bienes"},"content":{"rendered":"<div class=\"wpb-content-wrapper\"><p>[vc_section full_width=\u00bbstretch_row\u00bb content_placement=\u00bbmiddle\u00bb fade_in_opacity=\u00bbpix-opacity-6&#8243; pix_over_visibility=\u00bb\u00bb pix_overlay_color=\u00bbblack\u00bb css=\u00bb.vc_custom_1616514978402{background-color: #ffffff !important;}\u00bb pix_overlay_opacity=\u00bb1&#8243; b_custom_height=\u00bb300px\u00bb fade_in_intro=\u00bb15570&#8243;][vc_row pix_particles_check=\u00bb\u00bb responsive_css=\u00bb{\u00abpix_res_sm_pt\u00ab:\u00ab0px\u00ab,\u00abpix_res_md_pt\u00ab:\u00ab0px\u00ab}\u00bb css=\u00bb.vc_custom_1612279053087{padding-top: 150px !important;padding-bottom: 70px !important;}\u00bb][vc_column css=\u00bb.vc_custom_1589595508057{padding-top: 20px !important;padding-bottom: 20px !important;}\u00bb]<div id=\"H1\" class=\"pix-heading-el text-left  vc_custom_1618325100769\"><div class=\"d-inline-block\" style=\"max-width:750px;\"><h1 class=\"text-white font-weight-bold h1 animate-in heading-text el-title_custom_color mb-12\" style=\"\" data-anim-type=\"fade-in\" data-anim-delay=\"200\">Rastreo y recuperaci\u00f3n de bienes y veh\u00edculos en Italia y en otros pa\u00edses<\/h1><\/div><\/div><div class=\"pix-el-text w-100   vc_custom_1618325108712\" ><div class=\"d-inline-block\" style=\"max-width:720px;\"><p class=\"text-24  text-white  \" ><span class=\"text-white animate-in d-inline-block\" data-anim-delay=\"400\" data-anim-type=\"fade-in-up\">Caledonia est\u00e1 al lado de los particulares y de las empresas como colaborador en la protecci\u00f3n y recuperaci\u00f3n de bienes a trav\u00e9s de investigaciones y pesquisas.<\/span><\/p><\/div><\/div><a  href=\"http:\/\/www.caledoniaspa.com\/es\/contactos\/\" class=\"btn mb-2    vc_custom_1618325122506  shadow-sm shadow-hover-sm text-primary btn-white d-inline-flex align-items-center pix-hover-item       btn-md\"     ><span class=\"font-weight-bold \" >Cont\u00e1ctanos<\/span><svg class=\"pixfort-icon font-weight-bold  pix-hover-right  ml-2\" width=\"24\" height=\"24\"  data-name=\"Line\/pixfort-icon-arrow-right-2\" viewBox=\"2 2 20 20\"><polyline fill=\"none\" stroke=\"var(--pf-icon-color)\" stroke-linecap=\"round\" stroke-linejoin=\"round\" stroke-width=\"var(--pf-icon-stroke-width)\" points=\"9.5 17 14.5 12 9.5 7\"\/><\/svg><\/a>[\/vc_column][\/vc_row][\/vc_section][vc_section full_width=\u00bbstretch_row\u00bb pix_over_visibility=\u00bb\u00bb css=\u00bb.vc_custom_1611335549565{background-color: #f8f9fa !important;}\u00bb fade_in_intro=\u00bb14052&#8243;][vc_row full_width=\u00bbstretch_row\u00bb gap=\u00bb35&#8243; content_placement=\u00bbtop\u00bb pix_particles_check=\u00bb\u00bb css=\u00bb.vc_custom_1611335631854{padding-top: 70px !important;padding-bottom: 75px !important;}\u00bb][vc_column width=\u00bb1\/2&#8243; css=\u00bb.vc_custom_1612437004346{padding-bottom: 35px !important;}\u00bb][vc_column_text]<\/p><h2><strong>\u00bfTe han sustra\u00eddo un bien privado o de empresa?<\/strong><br \/><strong>Con Caledonia tus bienes est\u00e1n seguros.<\/strong><\/h2><p>[\/vc_column_text][vc_separator color=\u00bbcustom\u00bb align=\u00bbalign_left\u00bb border_width=\u00bb3&#8243; accent_color=\u00bb#3dc4f2&#8243;][\/vc_column][vc_column width=\u00bb1\/2&#8243;][vc_column_text]<\/p><p><strong>Caledonia ha desarrollado un alto nivel de especializaci\u00f3n en la <span style=\"color: #3dc4f2;\">localizaci\u00f3n y recuperaci\u00f3n de bienes<\/span> para brindar la mejor protecci\u00f3n a tus intereses.<br \/>El proceso operativo aplica toda una serie de estrategias estudiadas de forma personalizada para satisfacer tus necesidades.<br \/>La sinergia de <span style=\"color: #3dc4f2;\">actividades de cobro y de investigaci\u00f3n<\/span>, garantiza m\u00e1ximos de puntualidad y eficiencia para asegurar la protecci\u00f3n de tus bienes.<br \/>La presencia directa en el territorio y la amplia red de profesionales son factores decisivos a la hora de rastrear y recuperar los bienes.<br \/>En todas sus actividades, Caledonia adopta una pol\u00edtica de m\u00e1xima transparencia en la informaci\u00f3n y comparte constantemente con el cliente cada fase, extrajudicial o judicial, de la recuperaci\u00f3n.<\/strong><\/p><p>[\/vc_column_text][\/vc_column][\/vc_row][\/vc_section][vc_section full_width=\u00bbstretch_row\u00bb pix_over_visibility=\u00bb\u00bb css=\u00bb.vc_custom_1611335701561{padding-bottom: 100px !important;background-color: #ffffff !important;}\u00bb][vc_row full_width=\u00bbstretch_row\u00bb gap=\u00bb35&#8243; content_placement=\u00bbtop\u00bb pix_particles_check=\u00bb\u00bb css=\u00bb.vc_custom_1611335783115{padding-top: 80px !important;padding-bottom: 35px !important;}\u00bb][vc_column width=\u00bb1\/6&#8243; content_align=\u00bbtext-center\u00bb css=\u00bb.vc_custom_1608128772386{padding-right: 40px !important;padding-left: 20px !important;}\u00bb]<div id=\"duo-icon-77761895\" class=\"pix-icon text-left  vc_custom_1611335749688\"><div class=\"pix-icon-bg rounded-circle feature_img position-relative d-inline-flex align-items-center justify-content-center bg-secondary shadow-sm\"   style=\" width:153px;height:153px;position:relative;line-height:153px;text-align:center;\"><span style=\"font-size:85px;line-height:85px;\" class=\"text-white d-inline-flex align-middle\"><svg class=\"pixfort-icon \" width=\"85\" height=\"85\"  data-name=\"Line\/pixfort-icon-car-cedan-1\" viewBox=\"2 2 20 20\"><g  stroke=\"none\" stroke-width=\"var(--pf-icon-stroke-width)\" fill=\"none\" fill-rule=\"evenodd\" stroke-linecap=\"round\" stroke-linejoin=\"round\"><path d=\"M17,15 L8,15 M6,15 L4.08890979,15 C3.53662504,15 3.08890979,14.5522847 3.08890979,14 C3.08890979,13.9716377 3.09011642,13.9432882 3.09252642,13.9150284 L3.30885466,11.3783474 L3.30885466,11.3783474 C5.62312267,10.8333159 7.60313631,9.3783474 11.0180664,9.3783474 C15.0180664,9.3783474 15.084447,10.9027928 17.0180664,11.2519911 C18.6042452,11.538444 19.9239549,11.8306595 21.0180664,12.6027231 L21.007536,14.0000284 C21.0033648,14.5535123 20.5534996,15 20,15 L19,15 M7,16 C7.55228475,16 8,15.5522847 8,15 C8,14.4477153 7.55228475,14 7,14 C6.44771525,14 6,14.4477153 6,15 C6,15.5522847 6.44771525,16 7,16 Z M18,16 C18.5522847,16 19,15.5522847 19,15 C19,14.4477153 18.5522847,14 18,14 C17.4477153,14 17,14.4477153 17,15 C17,15.5522847 17.4477153,16 18,16 Z\"  stroke=\"var(--pf-icon-color)\" stroke-width=\"var(--pf-icon-stroke-width)\"><\/path><\/g><\/svg><\/span><\/div><\/div>[\/vc_column][vc_column width=\u00bb5\/6&#8243; css=\u00bb.vc_custom_1611336170679{padding-left: 50px !important;}\u00bb]<div id=\"H2\" class=\"pix-heading-el text-left  vc_custom_1618325311973\"><h2 class=\"text-primary font-weight-bold h2 heading-text el-title_custom_color mb-12\" style=\"\" data-anim-type=\"\" data-anim-delay=\"0\">Recuperaci\u00f3n de bienes y veh\u00edculos en fase extrajudicial<\/h2><\/div><div id=\"H3\" class=\"pix-heading-el text-left  vc_custom_1618325318926\"><h3 class=\"text-secondary font-weight-bold h3 heading-text el-title_custom_color mb-12\" style=\"\" data-anim-type=\"\" data-anim-delay=\"0\">C\u00f3mo prevenir y reducir al m\u00ednimo los riesgos<\/h3><\/div>[vc_column_text]La estrategia de <strong>recuperaci\u00f3n de bienes y veh\u00edculos<\/strong> en <strong>fase extrajudicial<\/strong> gira en torno a intervenciones caracterizadas por niveles m\u00e1ximos de puntualidad y eficiencia, evitando los riesgos y costes de una causa legal. Un equipo especializado efect\u00faa una meticulosa actividad de investigaci\u00f3n destinada a <strong>obtener informaci\u00f3n y al an\u00e1lisis documental<\/strong>. Cada acci\u00f3n en el territorio est\u00e1 respaldada por una labor de oficina que monitorea constantemente la intervenci\u00f3n a fin de adaptar la estrategia de recuperaci\u00f3n a las distintas circunstancias.<\/p><p>La <strong>recuperaci\u00f3n de bienes en fase extrajudicial garantiza<\/strong> una intervenci\u00f3n puntual para reducir los riesgos de ocultaci\u00f3n o depreciaci\u00f3n. Caledonia gestiona de forma directa y sin intermediarios todas las fases (investigaci\u00f3n, recuperaci\u00f3n y repatriaci\u00f3n), tanto en territorio nacional como en el extranjero, para tener siempre el pleno control de las actividades.<\/p><p>Caledonia ofrece adem\u00e1s una actividad <strong>log\u00edstica de conservaci\u00f3n de los bienes<\/strong> en un dep\u00f3sito dotado de los m\u00e1s modernos sistemas de seguridad.[\/vc_column_text][\/vc_column][\/vc_row][vc_row pix_particles_check=\u00bb\u00bb][vc_column][vc_separator border_width=\u00bb2&#8243;][\/vc_column][\/vc_row][vc_row full_width=\u00bbstretch_row\u00bb gap=\u00bb35&#8243; content_placement=\u00bbtop\u00bb pix_particles_check=\u00bb\u00bb css=\u00bb.vc_custom_1611335812419{padding-top: 35px !important;}\u00bb][vc_column width=\u00bb1\/6&#8243; content_align=\u00bbtext-center\u00bb css=\u00bb.vc_custom_1611335802970{padding-right: 40px !important;padding-left: 20px !important;}\u00bb]<div id=\"duo-icon-33153973\" class=\"pix-icon text-left  vc_custom_1611335796065\"><div class=\"pix-icon-bg rounded-circle feature_img position-relative d-inline-flex align-items-center justify-content-center bg-secondary shadow-sm\"   style=\" width:153px;height:153px;position:relative;line-height:153px;text-align:center;\"><span style=\"font-size:85px;line-height:85px;\" class=\"text-white d-inline-flex align-middle\"><svg class=\"pixfort-icon \" width=\"85\" height=\"85\"  data-name=\"Line\/pixfort-icon-balance-1\" viewBox=\"2 2 20 20\"><path fill=\"none\" stroke=\"var(--pf-icon-color)\" stroke-linecap=\"round\" stroke-linejoin=\"round\" stroke-width=\"var(--pf-icon-stroke-width)\" d=\"M5.5,15.5 C6.88071187,15.5 8,14.3807119 8,13 C8,11.6192881 3,11.6192881 3,13 C3,14.3807119 4.11928813,15.5 5.5,15.5 Z M18.5,11.5 C19.8807119,11.5 21,10.3807119 21,9 C21,7.61928813 16,7.61928813 16,9 C16,10.3807119 17.1192881,11.5 18.5,11.5 Z M12,5 L12,18 M5.5,7 L18.5,3 M12,6 C12.5522847,6 13,5.55228475 13,5 C13,4.44771525 12.5522847,4 12,4 C11.4477153,4 11,4.44771525 11,5 C11,5.55228475 11.4477153,6 12,6 Z M3,13 L5.5,7 L8,13 M16,9 L18.5,3 L21,9 M12,21 C14.7614237,21 17,20.3284271 17,19.5 C17,18.6715729 14.7614237,18 12,18 C9.23857625,18 7,18.6715729 7,19.5 C7,20.3284271 9.23857625,21 12,21 Z\"\/><\/svg><\/span><\/div><\/div>[\/vc_column][vc_column width=\u00bb5\/6&#8243; css=\u00bb.vc_custom_1611336180770{padding-left: 50px !important;}\u00bb]<div id=\"H2\" class=\"pix-heading-el text-left  vc_custom_1618325413320\"><h2 class=\"text-primary font-weight-bold h2 heading-text el-title_custom_color mb-12\" style=\"\" data-anim-type=\"\" data-anim-delay=\"0\">Recuperaci\u00f3n de bienes y veh\u00edculos en fase judicial<\/h2><\/div><div id=\"H3\" class=\"pix-heading-el text-left  vc_custom_1618325424072\"><h3 class=\"text-secondary font-weight-bold h3 heading-text el-title_custom_color mb-12\" style=\"\" data-anim-type=\"\" data-anim-delay=\"0\">C\u00f3mo gestionar cada fase del rastreo y recuperaci\u00f3n<\/h3><\/div>[vc_column_text]En caso de sustracci\u00f3n de un bien, Caledonia apoya al cliente tambi\u00e9n en la <strong>fase judicial<\/strong>.<br \/>Caledonia monitoriza constantemente la posici\u00f3n del bien en el territorio nacional, europeo y extraeuropeo y act\u00faa en sinergia con las Autoridades para llegar puntualmente a la recuperaci\u00f3n y su posterior reentrega.<br \/>Cada uno de los pasos del delicado <strong>procedimiento judicial<\/strong> se gestiona de manera proactiva, gracias a las competencias especializadas en materia t\u00e9cnico-jur\u00eddica del personal de Caledonia.[\/vc_column_text][\/vc_column][\/vc_row][\/vc_section]<\/p><\/div>","protected":false},"excerpt":{"rendered":"[vc_section full_width=\u00bbstretch_row\u00bb content_placement=\u00bbmiddle\u00bb fade_in_opacity=\u00bbpix-opacity-6&#8243; pix_over_visibility=\u00bb\u00bb pix_overlay_color=\u00bbblack\u00bb css=\u00bb.vc_custom_1616514978402{background-color: #ffffff !important;}\u00bb pix_overlay_opacity=\u00bb1&#8243; b_custom_height=\u00bb300px\u00bb fade_in_intro=\u00bb15570&#8243;][vc_row pix_particles_check=\u00bb\u00bb responsive_css=\u00bb{\u00abpix_res_sm_pt\u00ab:\u00ab0px\u00ab,\u00abpix_res_md_pt\u00ab:\u00ab0px\u00ab}\u00bb css=\u00bb.vc_custom_1612279053087{padding-top: 150px !important;padding-bottom: 70px !important;}\u00bb][vc_column css=\u00bb.vc_custom_1589595508057{padding-top: 20px !important;padding-bottom: 20px !important;}\u00bb][\/vc_column][\/vc_row][\/vc_section][vc_section full_width=\u00bbstretch_row\u00bb pix_over_visibility=\u00bb\u00bb css=\u00bb.vc_custom_1611335549565{background-color: #f8f9fa !important;}\u00bb fade_in_intro=\u00bb14052&#8243;][vc_row full_width=\u00bbstretch_row\u00bb gap=\u00bb35&#8243; content_placement=\u00bbtop\u00bb pix_particles_check=\u00bb\u00bb css=\u00bb.vc_custom_1611335631854{padding-top: 70px !important;padding-bottom: 75px !important;}\u00bb][vc_column width=\u00bb1\/2&#8243;&#8230;","protected":false},"author":1,"featured_media":0,"parent":15880,"menu_order":0,"comment_status":"closed","ping_status":"closed","template":"","meta":{"inline_featured_image":false,"_monsterinsights_skip_tracking":false,"_monsterinsights_sitenote_active":false,"_monsterinsights_sitenote_note":"","_monsterinsights_sitenote_category":0,"footnotes":""},"class_list":["post-15899","page","type-page","status-publish","hentry"],"yoast_head":"<!-- This site is optimized with the Yoast SEO plugin v26.8 - https:\/\/yoast.com\/product\/yoast-seo-wordpress\/ -->\n<title>Rastreo y recuperaci\u00f3n de bienes y veh\u00edculos en Italia y en otrospa\u00edses<\/title>\n<meta name=\"description\" content=\"Caledonia SpA apoya a las empresas de leasing como socio en el rastreo y recuperaci\u00f3n de activos y veh\u00edculos de la empresa.\" \/>\n<meta name=\"robots\" content=\"index, follow, max-snippet:-1, max-image-preview:large, max-video-preview:-1\" \/>\n<link rel=\"canonical\" href=\"https:\/\/www.caledoniaspa.com\/es\/gestion-del-credito\/rastreo-y-recuperacion-de-bienes\/\" \/>\n<meta property=\"og:locale\" content=\"es_ES\" \/>\n<meta property=\"og:type\" content=\"article\" \/>\n<meta property=\"og:title\" content=\"Rastreo y recuperaci\u00f3n de bienes y veh\u00edculos en Italia y en otrospa\u00edses\" \/>\n<meta property=\"og:description\" content=\"Caledonia SpA apoya a las empresas de leasing como socio en el rastreo y recuperaci\u00f3n de activos y veh\u00edculos de la empresa.\" \/>\n<meta property=\"og:url\" content=\"https:\/\/www.caledoniaspa.com\/es\/gestion-del-credito\/rastreo-y-recuperacion-de-bienes\/\" \/>\n<meta property=\"og:site_name\" content=\"Caledonia Spa\" \/>\n<meta property=\"article:modified_time\" content=\"2021-04-19T14:43:37+00:00\" \/>\n<meta name=\"twitter:card\" content=\"summary_large_image\" \/>\n<meta name=\"twitter:label1\" content=\"Tiempo de lectura\" \/>\n\t<meta name=\"twitter:data1\" content=\"3 minutos\" \/>\n<script type=\"application\/ld+json\" class=\"yoast-schema-graph\">{\"@context\":\"https:\/\/schema.org\",\"@graph\":[{\"@type\":\"WebPage\",\"@id\":\"https:\/\/www.caledoniaspa.com\/es\/gestion-del-credito\/rastreo-y-recuperacion-de-bienes\/\",\"url\":\"https:\/\/www.caledoniaspa.com\/es\/gestion-del-credito\/rastreo-y-recuperacion-de-bienes\/\",\"name\":\"Rastreo y recuperaci\u00f3n de bienes y veh\u00edculos en Italia y en otrospa\u00edses\",\"isPartOf\":{\"@id\":\"https:\/\/www.caledoniaspa.com\/es\/#website\"},\"datePublished\":\"2020-12-16T13:39:32+00:00\",\"dateModified\":\"2021-04-19T14:43:37+00:00\",\"description\":\"Caledonia SpA apoya a las empresas de leasing como socio en el rastreo y recuperaci\u00f3n de activos y veh\u00edculos de la empresa.\",\"breadcrumb\":{\"@id\":\"https:\/\/www.caledoniaspa.com\/es\/gestion-del-credito\/rastreo-y-recuperacion-de-bienes\/#breadcrumb\"},\"inLanguage\":\"es\",\"potentialAction\":[{\"@type\":\"ReadAction\",\"target\":[\"https:\/\/www.caledoniaspa.com\/es\/gestion-del-credito\/rastreo-y-recuperacion-de-bienes\/\"]}]},{\"@type\":\"BreadcrumbList\",\"@id\":\"https:\/\/www.caledoniaspa.com\/es\/gestion-del-credito\/rastreo-y-recuperacion-de-bienes\/#breadcrumb\",\"itemListElement\":[{\"@type\":\"ListItem\",\"position\":1,\"name\":\"Gesti\u00f3n del Cr\u00e9dito\",\"item\":\"https:\/\/www.caledoniaspa.com\/es\/gestion-del-credito\/\"},{\"@type\":\"ListItem\",\"position\":2,\"name\":\"Rastreo y recuperaci\u00f3n de bienes\"}]},{\"@type\":\"WebSite\",\"@id\":\"https:\/\/www.caledoniaspa.com\/es\/#website\",\"url\":\"https:\/\/www.caledoniaspa.com\/es\/\",\"name\":\"Caledonia Spa\",\"description\":\"Protect Your Interests\",\"publisher\":{\"@id\":\"https:\/\/www.caledoniaspa.com\/es\/#organization\"},\"potentialAction\":[{\"@type\":\"SearchAction\",\"target\":{\"@type\":\"EntryPoint\",\"urlTemplate\":\"https:\/\/www.caledoniaspa.com\/es\/?s={search_term_string}\"},\"query-input\":{\"@type\":\"PropertyValueSpecification\",\"valueRequired\":true,\"valueName\":\"search_term_string\"}}],\"inLanguage\":\"es\"},{\"@type\":\"Organization\",\"@id\":\"https:\/\/www.caledoniaspa.com\/es\/#organization\",\"name\":\"Caledonia Spa\",\"url\":\"https:\/\/www.caledoniaspa.com\/es\/\",\"logo\":{\"@type\":\"ImageObject\",\"inLanguage\":\"es\",\"@id\":\"https:\/\/www.caledoniaspa.com\/es\/#\/schema\/logo\/image\/\",\"url\":\"https:\/\/www.caledoniaspa.com\/wp-content\/uploads\/logo.svg\",\"contentUrl\":\"https:\/\/www.caledoniaspa.com\/wp-content\/uploads\/logo.svg\",\"caption\":\"Caledonia Spa\"},\"image\":{\"@id\":\"https:\/\/www.caledoniaspa.com\/es\/#\/schema\/logo\/image\/\"},\"sameAs\":[\"https:\/\/it.linkedin.com\/company\/caledonia-s-p-a\"]}]}<\/script>\n<!-- \/ Yoast SEO plugin. -->","yoast_head_json":{"title":"Rastreo y recuperaci\u00f3n de bienes y veh\u00edculos en Italia y en otrospa\u00edses","description":"Caledonia SpA apoya a las empresas de leasing como socio en el rastreo y recuperaci\u00f3n de activos y veh\u00edculos de la empresa.","robots":{"index":"index","follow":"follow","max-snippet":"max-snippet:-1","max-image-preview":"max-image-preview:large","max-video-preview":"max-video-preview:-1"},"canonical":"https:\/\/www.caledoniaspa.com\/es\/gestion-del-credito\/rastreo-y-recuperacion-de-bienes\/","og_locale":"es_ES","og_type":"article","og_title":"Rastreo y recuperaci\u00f3n de bienes y veh\u00edculos en Italia y en otrospa\u00edses","og_description":"Caledonia SpA apoya a las empresas de leasing como socio en el rastreo y recuperaci\u00f3n de activos y veh\u00edculos de la empresa.","og_url":"https:\/\/www.caledoniaspa.com\/es\/gestion-del-credito\/rastreo-y-recuperacion-de-bienes\/","og_site_name":"Caledonia Spa","article_modified_time":"2021-04-19T14:43:37+00:00","twitter_card":"summary_large_image","twitter_misc":{"Tiempo de lectura":"3 minutos"},"schema":{"@context":"https:\/\/schema.org","@graph":[{"@type":"WebPage","@id":"https:\/\/www.caledoniaspa.com\/es\/gestion-del-credito\/rastreo-y-recuperacion-de-bienes\/","url":"https:\/\/www.caledoniaspa.com\/es\/gestion-del-credito\/rastreo-y-recuperacion-de-bienes\/","name":"Rastreo y recuperaci\u00f3n de bienes y veh\u00edculos en Italia y en otrospa\u00edses","isPartOf":{"@id":"https:\/\/www.caledoniaspa.com\/es\/#website"},"datePublished":"2020-12-16T13:39:32+00:00","dateModified":"2021-04-19T14:43:37+00:00","description":"Caledonia SpA apoya a las empresas de leasing como socio en el rastreo y recuperaci\u00f3n de activos y veh\u00edculos de la empresa.","breadcrumb":{"@id":"https:\/\/www.caledoniaspa.com\/es\/gestion-del-credito\/rastreo-y-recuperacion-de-bienes\/#breadcrumb"},"inLanguage":"es","potentialAction":[{"@type":"ReadAction","target":["https:\/\/www.caledoniaspa.com\/es\/gestion-del-credito\/rastreo-y-recuperacion-de-bienes\/"]}]},{"@type":"BreadcrumbList","@id":"https:\/\/www.caledoniaspa.com\/es\/gestion-del-credito\/rastreo-y-recuperacion-de-bienes\/#breadcrumb","itemListElement":[{"@type":"ListItem","position":1,"name":"Gesti\u00f3n del Cr\u00e9dito","item":"https:\/\/www.caledoniaspa.com\/es\/gestion-del-credito\/"},{"@type":"ListItem","position":2,"name":"Rastreo y recuperaci\u00f3n de bienes"}]},{"@type":"WebSite","@id":"https:\/\/www.caledoniaspa.com\/es\/#website","url":"https:\/\/www.caledoniaspa.com\/es\/","name":"Caledonia Spa","description":"Protect Your Interests","publisher":{"@id":"https:\/\/www.caledoniaspa.com\/es\/#organization"},"potentialAction":[{"@type":"SearchAction","target":{"@type":"EntryPoint","urlTemplate":"https:\/\/www.caledoniaspa.com\/es\/?s={search_term_string}"},"query-input":{"@type":"PropertyValueSpecification","valueRequired":true,"valueName":"search_term_string"}}],"inLanguage":"es"},{"@type":"Organization","@id":"https:\/\/www.caledoniaspa.com\/es\/#organization","name":"Caledonia Spa","url":"https:\/\/www.caledoniaspa.com\/es\/","logo":{"@type":"ImageObject","inLanguage":"es","@id":"https:\/\/www.caledoniaspa.com\/es\/#\/schema\/logo\/image\/","url":"https:\/\/www.caledoniaspa.com\/wp-content\/uploads\/logo.svg","contentUrl":"https:\/\/www.caledoniaspa.com\/wp-content\/uploads\/logo.svg","caption":"Caledonia Spa"},"image":{"@id":"https:\/\/www.caledoniaspa.com\/es\/#\/schema\/logo\/image\/"},"sameAs":["https:\/\/it.linkedin.com\/company\/caledonia-s-p-a"]}]}},"_links":{"self":[{"href":"https:\/\/www.caledoniaspa.com\/es\/wp-json\/wp\/v2\/pages\/15899","targetHints":{"allow":["GET"]}}],"collection":[{"href":"https:\/\/www.caledoniaspa.com\/es\/wp-json\/wp\/v2\/pages"}],"about":[{"href":"https:\/\/www.caledoniaspa.com\/es\/wp-json\/wp\/v2\/types\/page"}],"author":[{"embeddable":true,"href":"https:\/\/www.caledoniaspa.com\/es\/wp-json\/wp\/v2\/users\/1"}],"replies":[{"embeddable":true,"href":"https:\/\/www.caledoniaspa.com\/es\/wp-json\/wp\/v2\/comments?post=15899"}],"version-history":[{"count":3,"href":"https:\/\/www.caledoniaspa.com\/es\/wp-json\/wp\/v2\/pages\/15899\/revisions"}],"predecessor-version":[{"id":16281,"href":"https:\/\/www.caledoniaspa.com\/es\/wp-json\/wp\/v2\/pages\/15899\/revisions\/16281"}],"up":[{"embeddable":true,"href":"https:\/\/www.caledoniaspa.com\/es\/wp-json\/wp\/v2\/pages\/15880"}],"wp:attachment":[{"href":"https:\/\/www.caledoniaspa.com\/es\/wp-json\/wp\/v2\/media?parent=15899"}],"curies":[{"name":"wp","href":"https:\/\/api.w.org\/{rel}","templated":true}]}}