{"id":15883,"date":"2020-12-16T16:00:29","date_gmt":"2020-12-16T15:00:29","guid":{"rendered":"https:\/\/www.caledoniaspa.com\/gestion-del-credito\/gestione-e-recupero-crediti\/"},"modified":"2024-03-19T16:20:44","modified_gmt":"2024-03-19T15:20:44","slug":"gestion-y-recuperacion-de-creditos","status":"publish","type":"page","link":"https:\/\/www.caledoniaspa.com\/es\/gestion-del-credito\/gestion-y-recuperacion-de-creditos\/","title":{"rendered":"Gesti\u00f3n y recuperaci\u00f3n de cr\u00e9ditos"},"content":{"rendered":"<div class=\"wpb-content-wrapper\">[vc_section full_width=\u00bbstretch_row\u00bb content_placement=\u00bbmiddle\u00bb fade_in_opacity=\u00bbpix-opacity-7&#8243; pix_over_visibility=\u00bb\u00bb pix_overlay_color=\u00bbblack\u00bb css=\u00bb.vc_custom_1710861624895{background-color: #ffffff !important;}\u00bb pix_overlay_opacity=\u00bb1&#8243; b_custom_height=\u00bb300px\u00bb fade_in_intro=\u00bb17114&#8243;][vc_row pix_particles_check=\u00bb\u00bb responsive_css=\u00bb{\u00abpix_res_sm_pt\u00ab:\u00ab0px\u00ab,\u00abpix_res_md_pt\u00ab:\u00ab0px\u00ab}\u00bb css=\u00bb.vc_custom_1612279093745{padding-top: 150px !important;padding-bottom: 70px !important;}\u00bb][vc_column css=\u00bb.vc_custom_1589595508057{padding-top: 20px !important;padding-bottom: 20px !important;}\u00bb]<div id=\"H1\" class=\"pix-heading-el text-left  vc_custom_1618323626878\"><div class=\"d-inline-block\" style=\"max-width:750px;\"><h1 class=\"text-white font-weight-bold h1 animate-in heading-text el-title_custom_color mb-12\" style=\"\" data-anim-type=\"fade-in\" data-anim-delay=\"200\">Gesti\u00f3n y recuperaci\u00f3n de cr\u00e9ditos como ciencia<\/h1><\/div><\/div><div class=\"pix-el-text w-100   vc_custom_1618323633963\" ><div class=\"d-inline-block\" style=\"max-width:800px;\"><p class=\"text-24  text-white  \" ><span class=\"text-white animate-in d-inline-block\" data-anim-delay=\"400\" data-anim-type=\"fade-in-up\">Caledonia, en sus a\u00f1os de experiencia, ha desarrollado un planteamiento fuertemente especializado en la gesti\u00f3n del cr\u00e9dito para particulares y empresas en los sectores bancario, financiero y para sociedades de leasing y renting.<\/span><\/p><\/div><\/div><a  href=\"http:\/\/www.caledoniaspa.com\/es\/contactos\/\" class=\"btn mb-2    vc_custom_1618323646441  shadow-sm shadow-hover-sm text-primary btn-white d-inline-flex align-items-center pix-hover-item       btn-md\"     ><span class=\"font-weight-bold \" >Cont\u00e1ctanos<\/span><svg class=\"pixfort-icon font-weight-bold  pix-hover-right  ml-2\" width=\"24\" height=\"24\"  data-name=\"Line\/pixfort-icon-arrow-right-2\" viewBox=\"2 2 20 20\"><polyline fill=\"none\" stroke=\"var(--pf-icon-color)\" stroke-linecap=\"round\" stroke-linejoin=\"round\" stroke-width=\"var(--pf-icon-stroke-width)\" points=\"9.5 17 14.5 12 9.5 7\"\/><\/svg><\/a>[\/vc_column][\/vc_row][\/vc_section][vc_section full_width=\u00bbstretch_row\u00bb pix_over_visibility=\u00bb\u00bb css=\u00bb.vc_custom_1611338618988{background-color: #f8f9fa !important;}\u00bb fade_in_intro=\u00bb14052&#8243;][vc_row full_width=\u00bbstretch_row\u00bb gap=\u00bb35&#8243; content_placement=\u00bbtop\u00bb pix_particles_check=\u00bb\u00bb css=\u00bb.vc_custom_1612436460514{padding-top: 70px !important;padding-bottom: 75px !important;}\u00bb][vc_column width=\u00bb1\/2&#8243;][vc_column_text]\r\n<h2><strong>\u00bfPrevenir el riesgo de empresa?<\/strong>\r\n<strong>Con Caledonia es una ciencia.<\/strong><\/h2>\r\n[\/vc_column_text][vc_separator color=\u00bbcustom\u00bb align=\u00bbalign_left\u00bb border_width=\u00bb3&#8243; accent_color=\u00bb#3dc4f2&#8243;][\/vc_column][vc_column width=\u00bb1\/2&#8243;][vc_column_text]\r\n\r\n<strong>Estudiamos en detalle cada factor de riesgo para resolver con la m\u00e1xima eficiencia y puntualidad toda problem\u00e1tica ligada a la <span style=\"color: #3dc4f2;\">gesti\u00f3n del cr\u00e9dito<\/span>.\r\nEl m\u00e9todo de Caledonia: Prevenir, gestionar y reducir al m\u00ednimo los riesgos a trav\u00e9s de una actividad de <span style=\"color: #3dc4f2;\">Recuperaci\u00f3n r\u00e1pida<\/span>. Con la acci\u00f3n en sinergia del cobro por <span style=\"color: #3dc4f2;\">tel\u00e9fono y a domicilio logramos<\/span> resolver el da\u00f1o r\u00e1pidamente, evitando los costes impl\u00edcitos en las acciones legales.\r\nCada intervenci\u00f3n se gestiona en relaci\u00f3n con el tipo de cr\u00e9dito y su antig\u00fcedad para definir, de forma personalizada, la estrategia m\u00e1s id\u00f3nea para tus necesidades con el objetivo de mantener bajos los costes.<\/strong>\r\n\r\n[\/vc_column_text][\/vc_column][\/vc_row][\/vc_section][vc_section full_width=\u00bbstretch_row\u00bb pix_over_visibility=\u00bb\u00bb css=\u00bb.vc_custom_1611338363375{padding-bottom: 100px !important;background-color: #ffffff !important;}\u00bb][vc_row full_width=\u00bbstretch_row\u00bb gap=\u00bb35&#8243; content_placement=\u00bbtop\u00bb pix_particles_check=\u00bb\u00bb css=\u00bb.vc_custom_1611335785260{padding-top: 80px !important;padding-bottom: 35px !important;}\u00bb][vc_column width=\u00bb1\/6&#8243; content_align=\u00bbtext-center\u00bb]<div id=\"duo-icon-101938839\" class=\"pix-icon text-left  vc_custom_1611335752009\"><div class=\"pix-icon-bg rounded-circle feature_img position-relative d-inline-flex align-items-center justify-content-center bg-secondary shadow-sm\"   style=\" width:153px;height:153px;position:relative;line-height:153px;text-align:center;\"><span style=\"font-size:85px;line-height:85px;\" class=\"text-white d-inline-flex align-middle\"><svg class=\"pixfort-icon \" width=\"85\" height=\"85\"  data-name=\"Line\/pixfort-icon-headphones-3\" viewBox=\"2 2 20 20\"><path fill=\"none\" stroke=\"var(--pf-icon-color)\" stroke-linecap=\"round\" stroke-linejoin=\"round\" stroke-width=\"var(--pf-icon-stroke-width)\" d=\"M15,20 L17,20 C18.6568542,20 20,18.6568542 20,17 L20,14 L20,14 C20,13.6146301 20,12.4479634 20,10.5 C20,5.80557963 16,3 12,3 C8,3 3.99989551,6 3.99989551,10.5 C3.99989551,12.4363993 3.99989551,13.2697326 3.99989551,13 M12.9998955,19 L13.9998955,19 C14.5521803,19 14.9998955,19.4477153 14.9998955,20 C14.9998955,20.5522847 14.5521803,21 13.9998955,21 L12.9998955,21 C12.4476108,21 11.9998955,20.5522847 11.9998955,20 C11.9998955,19.4477153 12.4476108,19 12.9998955,19 Z M5.99989551,11 C7.10446501,11 7.99989551,11.8954305 7.99989551,13 L7.99989551,14 C7.99989551,15.1045695 7.10446501,16 5.99989551,16 C4.89532601,16 3.99989551,15.1045695 3.99989551,14 L3.99989551,13 C3.99989551,11.8954305 4.89532601,11 5.99989551,11 Z M17.9998955,11 C19.104465,11 19.9998955,11.8954305 19.9998955,13 L19.9998955,14 C19.9998955,15.1045695 19.104465,16 17.9998955,16 C16.895326,16 15.9998955,15.1045695 15.9998955,14 L15.9998955,13 C15.9998955,11.8954305 16.895326,11 17.9998955,11 Z\"\/><\/svg><\/span><\/div><\/div>[\/vc_column][vc_column width=\u00bb5\/6&#8243; css=\u00bb.vc_custom_1611307619713{padding-left: 50px !important;}\u00bb]<div id=\"H2\" class=\"pix-heading-el text-left  vc_custom_1618324700706\"><h2 class=\"text-primary font-weight-bold h2 heading-text el-title_custom_color mb-12\" style=\"\" data-anim-type=\"\" data-anim-delay=\"0\">Actividad de cobro telef\u00f3nico<\/h2><\/div><div id=\"H3\" class=\"pix-heading-el text-left  vc_custom_1618324708132\"><h3 class=\"text-secondary font-weight-bold h3 heading-text el-title_custom_color mb-12\" style=\"\" data-anim-type=\"\" data-anim-delay=\"0\">Cuando el objetivo es m\u00e1xima eficiencia y puntualidad<\/h3><\/div>[vc_column_text]\r\n\r\nUna intervenci\u00f3n puntual e incisiva es clave en la <strong>gesti\u00f3n del cobro<\/strong>.\r\nLa actividad de <strong>cobro telef\u00f3nico<\/strong> se lleva a cabo en su totalidad por intermediaci\u00f3n de operadores internos que, a trav\u00e9s de cursos de formaci\u00f3n y especializaci\u00f3n, garantizan competencia y rapidez de intervenci\u00f3n.\r\n\r\nLa acci\u00f3n se concentra en <strong>apremios telef\u00f3nicos<\/strong>, con una operatividad que se extiende a lo largo de <strong>varios d\u00edas y en distintas franjas horarias<\/strong> durante el per\u00edodo de asignaci\u00f3n y realiza la gesti\u00f3n con la m\u00e1xima eficiencia.\r\n\r\n[\/vc_column_text][\/vc_column][\/vc_row][vc_row pix_particles_check=\u00bb\u00bb][vc_column][vc_separator border_width=\u00bb2&#8243;][\/vc_column][\/vc_row][vc_row full_width=\u00bbstretch_row\u00bb gap=\u00bb35&#8243; content_placement=\u00bbtop\u00bb pix_particles_check=\u00bb\u00bb css=\u00bb.vc_custom_1611335819394{padding-top: 35px !important;}\u00bb][vc_column width=\u00bb1\/6&#8243; content_align=\u00bbtext-center\u00bb]<div id=\"duo-icon-169895204\" class=\"pix-icon text-left  vc_custom_1611308237597\"><div class=\"pix-icon-bg rounded-circle feature_img position-relative d-inline-flex align-items-center justify-content-center bg-secondary shadow-sm\"   style=\" width:153px;height:153px;position:relative;line-height:153px;text-align:center;\"><span style=\"font-size:85px;line-height:85px;\" class=\"text-white d-inline-flex align-middle\"><svg class=\"pixfort-icon \" width=\"85\" height=\"85\"  data-name=\"Line\/pixfort-icon-user-circle-pin-1\" viewBox=\"2 2 20 20\"><path fill=\"none\" stroke=\"var(--pf-icon-color)\" stroke-linecap=\"round\" stroke-linejoin=\"round\" stroke-width=\"var(--pf-icon-stroke-width)\" d=\"M21,12 C21,7.02943725 16.9705627,3 12,3 C7.02943725,3 3,7.02943725 3,12 C3,16.9705627 7.02943725,21 12,21 C12.6782175,21 13.3389135,20.924981 13.9742424,20.7827883 M5.63686238,18.367264 C7.12663784,16.789088 9.24768372,16 12,16 C12.3442044,16 12.6785358,16.0123413 13.0029941,16.037024 M12,13 C13.6568542,13 15,11.6568542 15,10 C15,8.34314575 13.6568542,7 12,7 C10.3431458,7 9,8.34314575 9,10 C9,11.6568542 10.3431458,13 12,13 Z M18.5294118,21.6 C20.1764706,19.6784314 21,18.1686275 21,17.0705882 C21,15.8352941 20.1212913,14.6 18.5294118,14.6 C16.9375322,14.6 16.0588235,15.8352941 16.0588235,17.0705882 C16.0588235,18.1686275 16.8823529,19.6784314 18.5294118,21.6 Z\"\/><\/svg><\/span><\/div><\/div>[\/vc_column][vc_column width=\u00bb5\/6&#8243; css=\u00bb.vc_custom_1611336217637{padding-left: 50px !important;}\u00bb]<div id=\"H2\" class=\"pix-heading-el text-left  vc_custom_1618324793801\"><h2 class=\"text-primary font-weight-bold h2 heading-text el-title_custom_color mb-12\" style=\"\" data-anim-type=\"\" data-anim-delay=\"0\">Actividad de cobro a domicilio<\/h2><\/div><div id=\"H3\" class=\"pix-heading-el text-left  vc_custom_1618324799856\"><h3 class=\"text-secondary font-weight-bold h3 heading-text el-title_custom_color mb-12\" style=\"\" data-anim-type=\"\" data-anim-delay=\"0\">Recuperar tu cr\u00e9dito ser\u00e1 nuestra prioridad<\/h3><\/div>[vc_column_text]\r\n\r\nLa intervenci\u00f3n de Caledonia se lleva a cabo de forma din\u00e1mica y flexible en todo el territorio nacional y en otros pa\u00edses.\r\nDe la actividad de <strong>cobro a domicilio<\/strong> se encarga una amplia red de <strong>profesionales internos<\/strong> y de la red de recaudadores, capaces de gestionar con sensibilidad y eficiencia todos los aspectos cr\u00edticos a trav\u00e9s de presencia constante en el territorio.\r\n\r\nEl objetivo primario de cada estrategia de Caledonia es la <strong>recuperaci\u00f3n del cr\u00e9dito<\/strong> en el menor tiempo posible, para evitar los costes de posibles acciones legales.\r\n\r\n[\/vc_column_text][\/vc_column][\/vc_row][\/vc_section]<\/div>","protected":false},"excerpt":{"rendered":"[vc_section full_width=\u00bbstretch_row\u00bb content_placement=\u00bbmiddle\u00bb fade_in_opacity=\u00bbpix-opacity-7&#8243; pix_over_visibility=\u00bb\u00bb pix_overlay_color=\u00bbblack\u00bb css=\u00bb.vc_custom_1710861624895{background-color: #ffffff !important;}\u00bb pix_overlay_opacity=\u00bb1&#8243; b_custom_height=\u00bb300px\u00bb fade_in_intro=\u00bb17114&#8243;][vc_row pix_particles_check=\u00bb\u00bb responsive_css=\u00bb{\u00abpix_res_sm_pt\u00ab:\u00ab0px\u00ab,\u00abpix_res_md_pt\u00ab:\u00ab0px\u00ab}\u00bb css=\u00bb.vc_custom_1612279093745{padding-top: 150px !important;padding-bottom: 70px !important;}\u00bb][vc_column css=\u00bb.vc_custom_1589595508057{padding-top: 20px !important;padding-bottom: 20px !important;}\u00bb][\/vc_column][\/vc_row][\/vc_section][vc_section full_width=\u00bbstretch_row\u00bb pix_over_visibility=\u00bb\u00bb css=\u00bb.vc_custom_1611338618988{background-color: #f8f9fa !important;}\u00bb fade_in_intro=\u00bb14052&#8243;][vc_row full_width=\u00bbstretch_row\u00bb gap=\u00bb35&#8243; content_placement=\u00bbtop\u00bb pix_particles_check=\u00bb\u00bb css=\u00bb.vc_custom_1612436460514{padding-top: 70px !important;padding-bottom: 75px !important;}\u00bb][vc_column width=\u00bb1\/2&#8243;][vc_column_text]&#8230;","protected":false},"author":1,"featured_media":0,"parent":15880,"menu_order":0,"comment_status":"closed","ping_status":"closed","template":"","meta":{"inline_featured_image":false,"_monsterinsights_skip_tracking":false,"_monsterinsights_sitenote_active":false,"_monsterinsights_sitenote_note":"","_monsterinsights_sitenote_category":0,"footnotes":""},"class_list":["post-15883","page","type-page","status-publish","hentry"],"yoast_head":"<!-- This site is optimized with the Yoast SEO plugin v26.8 - https:\/\/yoast.com\/product\/yoast-seo-wordpress\/ -->\n<title>Gesti\u00f3n y recuperaci\u00f3n de cr\u00e9ditos: actividad de cobro telef\u00f3nico y domicilio<\/title>\n<meta name=\"description\" content=\"Caledonia SpA se especializa en la gesti\u00f3n de cr\u00e9dito y opera con una estrategia combinada de recogida de tel\u00e9fonos y recogida a domicilio.\" \/>\n<meta name=\"robots\" content=\"index, follow, max-snippet:-1, max-image-preview:large, max-video-preview:-1\" \/>\n<link rel=\"canonical\" href=\"https:\/\/www.caledoniaspa.com\/es\/gestion-del-credito\/gestion-y-recuperacion-de-creditos\/\" \/>\n<meta property=\"og:locale\" content=\"es_ES\" \/>\n<meta property=\"og:type\" content=\"article\" \/>\n<meta property=\"og:title\" content=\"Gesti\u00f3n y recuperaci\u00f3n de cr\u00e9ditos: actividad de cobro telef\u00f3nico y domicilio\" \/>\n<meta property=\"og:description\" content=\"Caledonia SpA se especializa en la gesti\u00f3n de cr\u00e9dito y opera con una estrategia combinada de recogida de tel\u00e9fonos y recogida a domicilio.\" \/>\n<meta property=\"og:url\" content=\"https:\/\/www.caledoniaspa.com\/es\/gestion-del-credito\/gestion-y-recuperacion-de-creditos\/\" \/>\n<meta property=\"og:site_name\" content=\"Caledonia Spa\" \/>\n<meta property=\"article:modified_time\" content=\"2024-03-19T15:20:44+00:00\" \/>\n<meta name=\"twitter:card\" content=\"summary_large_image\" \/>\n<meta name=\"twitter:label1\" content=\"Tiempo de lectura\" \/>\n\t<meta name=\"twitter:data1\" content=\"3 minutos\" \/>\n<script type=\"application\/ld+json\" class=\"yoast-schema-graph\">{\"@context\":\"https:\/\/schema.org\",\"@graph\":[{\"@type\":\"WebPage\",\"@id\":\"https:\/\/www.caledoniaspa.com\/es\/gestion-del-credito\/gestion-y-recuperacion-de-creditos\/\",\"url\":\"https:\/\/www.caledoniaspa.com\/es\/gestion-del-credito\/gestion-y-recuperacion-de-creditos\/\",\"name\":\"Gesti\u00f3n y recuperaci\u00f3n de cr\u00e9ditos: actividad de cobro telef\u00f3nico y domicilio\",\"isPartOf\":{\"@id\":\"https:\/\/www.caledoniaspa.com\/es\/#website\"},\"datePublished\":\"2020-12-16T15:00:29+00:00\",\"dateModified\":\"2024-03-19T15:20:44+00:00\",\"description\":\"Caledonia SpA se especializa en la gesti\u00f3n de cr\u00e9dito y opera con una estrategia combinada de recogida de tel\u00e9fonos y recogida a domicilio.\",\"breadcrumb\":{\"@id\":\"https:\/\/www.caledoniaspa.com\/es\/gestion-del-credito\/gestion-y-recuperacion-de-creditos\/#breadcrumb\"},\"inLanguage\":\"es\",\"potentialAction\":[{\"@type\":\"ReadAction\",\"target\":[\"https:\/\/www.caledoniaspa.com\/es\/gestion-del-credito\/gestion-y-recuperacion-de-creditos\/\"]}]},{\"@type\":\"BreadcrumbList\",\"@id\":\"https:\/\/www.caledoniaspa.com\/es\/gestion-del-credito\/gestion-y-recuperacion-de-creditos\/#breadcrumb\",\"itemListElement\":[{\"@type\":\"ListItem\",\"position\":1,\"name\":\"Gesti\u00f3n del Cr\u00e9dito\",\"item\":\"https:\/\/www.caledoniaspa.com\/es\/gestion-del-credito\/\"},{\"@type\":\"ListItem\",\"position\":2,\"name\":\"Gesti\u00f3n y recuperaci\u00f3n de cr\u00e9ditos\"}]},{\"@type\":\"WebSite\",\"@id\":\"https:\/\/www.caledoniaspa.com\/es\/#website\",\"url\":\"https:\/\/www.caledoniaspa.com\/es\/\",\"name\":\"Caledonia Spa\",\"description\":\"Protect Your Interests\",\"publisher\":{\"@id\":\"https:\/\/www.caledoniaspa.com\/es\/#organization\"},\"potentialAction\":[{\"@type\":\"SearchAction\",\"target\":{\"@type\":\"EntryPoint\",\"urlTemplate\":\"https:\/\/www.caledoniaspa.com\/es\/?s={search_term_string}\"},\"query-input\":{\"@type\":\"PropertyValueSpecification\",\"valueRequired\":true,\"valueName\":\"search_term_string\"}}],\"inLanguage\":\"es\"},{\"@type\":\"Organization\",\"@id\":\"https:\/\/www.caledoniaspa.com\/es\/#organization\",\"name\":\"Caledonia Spa\",\"url\":\"https:\/\/www.caledoniaspa.com\/es\/\",\"logo\":{\"@type\":\"ImageObject\",\"inLanguage\":\"es\",\"@id\":\"https:\/\/www.caledoniaspa.com\/es\/#\/schema\/logo\/image\/\",\"url\":\"https:\/\/www.caledoniaspa.com\/wp-content\/uploads\/logo.svg\",\"contentUrl\":\"https:\/\/www.caledoniaspa.com\/wp-content\/uploads\/logo.svg\",\"caption\":\"Caledonia Spa\"},\"image\":{\"@id\":\"https:\/\/www.caledoniaspa.com\/es\/#\/schema\/logo\/image\/\"},\"sameAs\":[\"https:\/\/it.linkedin.com\/company\/caledonia-s-p-a\"]}]}<\/script>\n<!-- \/ Yoast SEO plugin. -->","yoast_head_json":{"title":"Gesti\u00f3n y recuperaci\u00f3n de cr\u00e9ditos: actividad de cobro telef\u00f3nico y domicilio","description":"Caledonia SpA se especializa en la gesti\u00f3n de cr\u00e9dito y opera con una estrategia combinada de recogida de tel\u00e9fonos y recogida a domicilio.","robots":{"index":"index","follow":"follow","max-snippet":"max-snippet:-1","max-image-preview":"max-image-preview:large","max-video-preview":"max-video-preview:-1"},"canonical":"https:\/\/www.caledoniaspa.com\/es\/gestion-del-credito\/gestion-y-recuperacion-de-creditos\/","og_locale":"es_ES","og_type":"article","og_title":"Gesti\u00f3n y recuperaci\u00f3n de cr\u00e9ditos: actividad de cobro telef\u00f3nico y domicilio","og_description":"Caledonia SpA se especializa en la gesti\u00f3n de cr\u00e9dito y opera con una estrategia combinada de recogida de tel\u00e9fonos y recogida a domicilio.","og_url":"https:\/\/www.caledoniaspa.com\/es\/gestion-del-credito\/gestion-y-recuperacion-de-creditos\/","og_site_name":"Caledonia Spa","article_modified_time":"2024-03-19T15:20:44+00:00","twitter_card":"summary_large_image","twitter_misc":{"Tiempo de lectura":"3 minutos"},"schema":{"@context":"https:\/\/schema.org","@graph":[{"@type":"WebPage","@id":"https:\/\/www.caledoniaspa.com\/es\/gestion-del-credito\/gestion-y-recuperacion-de-creditos\/","url":"https:\/\/www.caledoniaspa.com\/es\/gestion-del-credito\/gestion-y-recuperacion-de-creditos\/","name":"Gesti\u00f3n y recuperaci\u00f3n de cr\u00e9ditos: actividad de cobro telef\u00f3nico y domicilio","isPartOf":{"@id":"https:\/\/www.caledoniaspa.com\/es\/#website"},"datePublished":"2020-12-16T15:00:29+00:00","dateModified":"2024-03-19T15:20:44+00:00","description":"Caledonia SpA se especializa en la gesti\u00f3n de cr\u00e9dito y opera con una estrategia combinada de recogida de tel\u00e9fonos y recogida a domicilio.","breadcrumb":{"@id":"https:\/\/www.caledoniaspa.com\/es\/gestion-del-credito\/gestion-y-recuperacion-de-creditos\/#breadcrumb"},"inLanguage":"es","potentialAction":[{"@type":"ReadAction","target":["https:\/\/www.caledoniaspa.com\/es\/gestion-del-credito\/gestion-y-recuperacion-de-creditos\/"]}]},{"@type":"BreadcrumbList","@id":"https:\/\/www.caledoniaspa.com\/es\/gestion-del-credito\/gestion-y-recuperacion-de-creditos\/#breadcrumb","itemListElement":[{"@type":"ListItem","position":1,"name":"Gesti\u00f3n del Cr\u00e9dito","item":"https:\/\/www.caledoniaspa.com\/es\/gestion-del-credito\/"},{"@type":"ListItem","position":2,"name":"Gesti\u00f3n y recuperaci\u00f3n de cr\u00e9ditos"}]},{"@type":"WebSite","@id":"https:\/\/www.caledoniaspa.com\/es\/#website","url":"https:\/\/www.caledoniaspa.com\/es\/","name":"Caledonia Spa","description":"Protect Your Interests","publisher":{"@id":"https:\/\/www.caledoniaspa.com\/es\/#organization"},"potentialAction":[{"@type":"SearchAction","target":{"@type":"EntryPoint","urlTemplate":"https:\/\/www.caledoniaspa.com\/es\/?s={search_term_string}"},"query-input":{"@type":"PropertyValueSpecification","valueRequired":true,"valueName":"search_term_string"}}],"inLanguage":"es"},{"@type":"Organization","@id":"https:\/\/www.caledoniaspa.com\/es\/#organization","name":"Caledonia Spa","url":"https:\/\/www.caledoniaspa.com\/es\/","logo":{"@type":"ImageObject","inLanguage":"es","@id":"https:\/\/www.caledoniaspa.com\/es\/#\/schema\/logo\/image\/","url":"https:\/\/www.caledoniaspa.com\/wp-content\/uploads\/logo.svg","contentUrl":"https:\/\/www.caledoniaspa.com\/wp-content\/uploads\/logo.svg","caption":"Caledonia Spa"},"image":{"@id":"https:\/\/www.caledoniaspa.com\/es\/#\/schema\/logo\/image\/"},"sameAs":["https:\/\/it.linkedin.com\/company\/caledonia-s-p-a"]}]}},"_links":{"self":[{"href":"https:\/\/www.caledoniaspa.com\/es\/wp-json\/wp\/v2\/pages\/15883","targetHints":{"allow":["GET"]}}],"collection":[{"href":"https:\/\/www.caledoniaspa.com\/es\/wp-json\/wp\/v2\/pages"}],"about":[{"href":"https:\/\/www.caledoniaspa.com\/es\/wp-json\/wp\/v2\/types\/page"}],"author":[{"embeddable":true,"href":"https:\/\/www.caledoniaspa.com\/es\/wp-json\/wp\/v2\/users\/1"}],"replies":[{"embeddable":true,"href":"https:\/\/www.caledoniaspa.com\/es\/wp-json\/wp\/v2\/comments?post=15883"}],"version-history":[{"count":4,"href":"https:\/\/www.caledoniaspa.com\/es\/wp-json\/wp\/v2\/pages\/15883\/revisions"}],"predecessor-version":[{"id":17124,"href":"https:\/\/www.caledoniaspa.com\/es\/wp-json\/wp\/v2\/pages\/15883\/revisions\/17124"}],"up":[{"embeddable":true,"href":"https:\/\/www.caledoniaspa.com\/es\/wp-json\/wp\/v2\/pages\/15880"}],"wp:attachment":[{"href":"https:\/\/www.caledoniaspa.com\/es\/wp-json\/wp\/v2\/media?parent=15883"}],"curies":[{"name":"wp","href":"https:\/\/api.w.org\/{rel}","templated":true}]}}