{"id":16214,"date":"2020-12-14T18:14:15","date_gmt":"2020-12-14T17:14:15","guid":{"rendered":"https:\/\/www.caledoniaspa.com\/gestione-del-credito\/"},"modified":"2024-03-19T16:14:32","modified_gmt":"2024-03-19T15:14:32","slug":"schuldenmanagement","status":"publish","type":"page","link":"https:\/\/www.caledoniaspa.com\/de\/schuldenmanagement\/","title":{"rendered":"Schuldenmanagement"},"content":{"rendered":"<div class=\"wpb-content-wrapper\">[vc_section full_width=&#8220;stretch_row&#8220; fade_in_opacity=&#8220;pix-opacity-8&#8243; pix_over_visibility=&#8220;&#8220; responsive_css=&#8220;{&#8222;pix_res_sm_pt&#8222;:&#8222;10px&#8222;,&#8222;pix_res_sm_pb&#8222;:&#8222;40px&#8222;,&#8222;pix_res_md_pt&#8222;:&#8222;10px&#8222;,&#8222;pix_res_md_pb&#8222;:&#8222;40px&#8222;}&#8220; css=&#8220;.vc_custom_1612279429806{padding-top: 150px !important;padding-bottom: 110px !important;background-color: #f8f9fa !important;}&#8220; fade_in_intro=&#8220;14052&#8243;][vc_row pix_particles_check=&#8220;&#8220;][vc_column]<div id=\"H1\" class=\"pix-heading-el text-left  vc_custom_1618837623210\"><h1 class=\"text-primary font-weight-bold h1 heading-text el-title_custom_color mb-12\" style=\"\" data-anim-type=\"\" data-anim-delay=\"0\">Schuldenmanagement<\/h1><\/div><div class=\"pix-el-text w-100   vc_custom_1618837630295\" ><div class=\"d-inline-block\" style=\"max-width:1100px;\"><p class=\"text-24  text-body-default  \" ><span class=\"text-body-default animate-in d-inline-block\" data-anim-delay=\"200\" data-anim-type=\"fade-in-up\">Eine hochspezialisierte Methode f\u00fcr die Schuldenbeitreibung sowie f\u00fcr die Verfolgung und Einforderung von Verm\u00f6genswerten auf der Grundlage einer kombinierten Beitreibung an der Haust\u00fcr und \u00fcber das Telefon sowie einer schnellen Einziehung.<\/span><\/p><\/div><\/div>[\/vc_column][\/vc_row][vc_row content_placement=&#8220;middle&#8220; pix_particles_check=&#8220;&#8220; css=&#8220;.vc_custom_1611851605415{padding-top: 50px !important;}&#8220;][vc_column width=&#8220;1\/2&#8243; css=&#8220;.vc_custom_1611851297974{margin-bottom: 35px !important;}&#8220;]<div class=\"card pix-content-box pix-card-element bg-white2 rounded-xl   vc_custom_1710861269292  rounded-xl  overflow-hidden shadow shadow-hover\" ><a   href=\"http:\/\/caledoniaspa.com\/de\/schuldenmanagement\/schuldenmanagement-und-inkasso\"><img decoding=\"async\" class=\"w-100\"   srcset=\"https:\/\/www.caledoniaspa.com\/wp-content\/uploads\/caledonia-recupero-crediti-1-300x150.jpg 300w, https:\/\/www.caledoniaspa.com\/wp-content\/uploads\/caledonia-recupero-crediti-1-1024x512.jpg 1024w, https:\/\/www.caledoniaspa.com\/wp-content\/uploads\/caledonia-recupero-crediti-1-150x75.jpg 150w, https:\/\/www.caledoniaspa.com\/wp-content\/uploads\/caledonia-recupero-crediti-1-768x384.jpg 768w, https:\/\/www.caledoniaspa.com\/wp-content\/uploads\/caledonia-recupero-crediti-1-1536x768.jpg 1536w, https:\/\/www.caledoniaspa.com\/wp-content\/uploads\/caledonia-recupero-crediti-1.jpg 1600w\" src=\"https:\/\/www.caledoniaspa.com\/wp-content\/uploads\/caledonia-recupero-crediti-1.jpg\" alt=\"Schuldenmanagement und Inkasso\"><\/a><div class=\"pix-card-content bg-white\"><div class=\"card-body py-3\"><div style=\"\" class=\"card-title font-weight-bold text-primary h3 heading-font\">Schuldenmanagement und Inkasso<\/div><p class=\"card-text text-body-default \" >Wir sind auf Schuldenmanagement spezialisiert und verfolgen eine kombinierte Strategie der Beitreibung per Telefon oder an der Haust\u00fcr, um Verluste zu minimieren.<\/p><\/div><div class=\"card-footer text-right\"><a   href=\"http:\/\/caledoniaspa.com\/de\/schuldenmanagement\/schuldenmanagement-und-inkasso\"  class=\"pix-card-link d-flex align-items-center justify-content-end font-weight-bold text-secondary text-sm\"><span class=\"d-inline-block\">Mehr erfahren<\/span><svg class=\"pixfort-icon ml-1\" width=\"24\" height=\"24\"  data-name=\"Line\/pixfort-icon-arrow-right-2\" viewBox=\"2 2 20 20\"><polyline fill=\"none\" stroke=\"var(--pf-icon-color)\" stroke-linecap=\"round\" stroke-linejoin=\"round\" stroke-width=\"var(--pf-icon-stroke-width)\" points=\"9.5 17 14.5 12 9.5 7\"\/><\/svg><\/a><\/div><\/div><\/div>[\/vc_column][vc_column width=&#8220;1\/2&#8243; css=&#8220;.vc_custom_1611851314984{margin-bottom: 35px !important;}&#8220;]<div class=\"card pix-content-box pix-card-element bg-white2 rounded-xl   vc_custom_1618838988543  rounded-xl  overflow-hidden shadow shadow-hover\" ><a   href=\"https:\/\/www.caledoniaspa.com\/de\/schuldenmanagement\/verfolgung-und-einforderung-von-vermoegenswerten\/\"><img decoding=\"async\" class=\"w-100\"   srcset=\"https:\/\/www.caledoniaspa.com\/wp-content\/uploads\/caledonia-rintraccio-beni-300x150.jpg 300w, https:\/\/www.caledoniaspa.com\/wp-content\/uploads\/caledonia-rintraccio-beni-1024x512.jpg 1024w, https:\/\/www.caledoniaspa.com\/wp-content\/uploads\/caledonia-rintraccio-beni-150x75.jpg 150w, https:\/\/www.caledoniaspa.com\/wp-content\/uploads\/caledonia-rintraccio-beni-768x384.jpg 768w, https:\/\/www.caledoniaspa.com\/wp-content\/uploads\/caledonia-rintraccio-beni-1536x768.jpg 1536w, https:\/\/www.caledoniaspa.com\/wp-content\/uploads\/caledonia-rintraccio-beni.jpg 1600w\" src=\"https:\/\/www.caledoniaspa.com\/wp-content\/uploads\/caledonia-rintraccio-beni.jpg\" alt=\"Verfolgung und Einforderung von Verm\u00f6genswerten\"><\/a><div class=\"pix-card-content bg-white\"><div class=\"card-body py-3\"><div style=\"\" class=\"card-title font-weight-bold text-primary h3 heading-font\">Verfolgung und Einforderung von Verm\u00f6genswerten<\/div><p class=\"card-text text-body-default \" >Spezialisiert auf die Verfolgung und Einforderung von Unternehmensverm\u00f6gen und Firmenfahrzeugen, sowohl in der au\u00dfergerichtlichen als auch in der gerichtlichen Phase, mit spezifischen Strategien f\u00fcr die Art der Intervention.<\/p><\/div><div class=\"card-footer text-right\"><a   href=\"https:\/\/www.caledoniaspa.com\/de\/schuldenmanagement\/verfolgung-und-einforderung-von-vermoegenswerten\/\"  class=\"pix-card-link d-flex align-items-center justify-content-end font-weight-bold text-secondary text-sm\"><span class=\"d-inline-block\">Mehr erfahren<\/span><svg class=\"pixfort-icon ml-1\" width=\"24\" height=\"24\"  data-name=\"Line\/pixfort-icon-arrow-right-2\" viewBox=\"2 2 20 20\"><polyline fill=\"none\" stroke=\"var(--pf-icon-color)\" stroke-linecap=\"round\" stroke-linejoin=\"round\" stroke-width=\"var(--pf-icon-stroke-width)\" points=\"9.5 17 14.5 12 9.5 7\"\/><\/svg><\/a><\/div><\/div><\/div>[\/vc_column][\/vc_row][\/vc_section]<\/div>","protected":false},"excerpt":{"rendered":"[vc_section full_width=&#8220;stretch_row&#8220; fade_in_opacity=&#8220;pix-opacity-8&#8243; pix_over_visibility=&#8220;&#8220; responsive_css=&#8220;{&#8222;pix_res_sm_pt&#8222;:&#8222;10px&#8222;,&#8222;pix_res_sm_pb&#8222;:&#8222;40px&#8222;,&#8222;pix_res_md_pt&#8222;:&#8222;10px&#8222;,&#8222;pix_res_md_pb&#8222;:&#8222;40px&#8222;}&#8220; css=&#8220;.vc_custom_1612279429806{padding-top: 150px !important;padding-bottom: 110px !important;background-color: #f8f9fa !important;}&#8220; fade_in_intro=&#8220;14052&#8243;][vc_row pix_particles_check=&#8220;&#8220;][vc_column][\/vc_column][\/vc_row][vc_row content_placement=&#8220;middle&#8220; pix_particles_check=&#8220;&#8220; css=&#8220;.vc_custom_1611851605415{padding-top: 50px !important;}&#8220;][vc_column width=&#8220;1\/2&#8243; css=&#8220;.vc_custom_1611851297974{margin-bottom: 35px !important;}&#8220;][\/vc_column][vc_column width=&#8220;1\/2&#8243; css=&#8220;.vc_custom_1611851314984{margin-bottom: 35px !important;}&#8220;][\/vc_column][\/vc_row][\/vc_section]","protected":false},"author":1,"featured_media":0,"parent":0,"menu_order":0,"comment_status":"closed","ping_status":"closed","template":"","meta":{"inline_featured_image":false,"_monsterinsights_skip_tracking":false,"_monsterinsights_sitenote_active":false,"_monsterinsights_sitenote_note":"","_monsterinsights_sitenote_category":0,"footnotes":""},"class_list":["post-16214","page","type-page","status-publish","hentry"],"yoast_head":"<!-- This site is optimized with the Yoast SEO plugin v26.8 - https:\/\/yoast.com\/product\/yoast-seo-wordpress\/ -->\n<title>Caledonia Spa, Schuldenmanagement und Inkasso<\/title>\n<meta name=\"description\" content=\"Caledonia Spa ist auf das Kreditmanagement sowie auf die R\u00fcckverfolgung und Wiederherstellung von Verm\u00f6genswerten zum Schutz und zur...\" \/>\n<meta name=\"robots\" content=\"index, follow, max-snippet:-1, max-image-preview:large, max-video-preview:-1\" \/>\n<link rel=\"canonical\" href=\"https:\/\/www.caledoniaspa.com\/de\/schuldenmanagement\/\" \/>\n<meta property=\"og:locale\" content=\"de_DE\" \/>\n<meta property=\"og:type\" content=\"article\" \/>\n<meta property=\"og:title\" content=\"Caledonia Spa, Schuldenmanagement und Inkasso\" \/>\n<meta property=\"og:description\" content=\"Caledonia Spa ist auf das Kreditmanagement sowie auf die R\u00fcckverfolgung und Wiederherstellung von Verm\u00f6genswerten zum Schutz und zur...\" \/>\n<meta property=\"og:url\" content=\"https:\/\/www.caledoniaspa.com\/de\/schuldenmanagement\/\" \/>\n<meta property=\"og:site_name\" content=\"Caledonia Spa\" \/>\n<meta property=\"article:modified_time\" content=\"2024-03-19T15:14:32+00:00\" \/>\n<meta name=\"twitter:card\" content=\"summary_large_image\" \/>\n<meta name=\"twitter:label1\" content=\"Gesch\u00e4tzte Lesezeit\" \/>\n\t<meta name=\"twitter:data1\" content=\"2\u00a0Minuten\" \/>\n<script type=\"application\/ld+json\" class=\"yoast-schema-graph\">{\"@context\":\"https:\/\/schema.org\",\"@graph\":[{\"@type\":\"WebPage\",\"@id\":\"https:\/\/www.caledoniaspa.com\/de\/schuldenmanagement\/\",\"url\":\"https:\/\/www.caledoniaspa.com\/de\/schuldenmanagement\/\",\"name\":\"Caledonia Spa, Schuldenmanagement und Inkasso\",\"isPartOf\":{\"@id\":\"https:\/\/www.caledoniaspa.com\/de\/#website\"},\"datePublished\":\"2020-12-14T17:14:15+00:00\",\"dateModified\":\"2024-03-19T15:14:32+00:00\",\"description\":\"Caledonia Spa ist auf das Kreditmanagement sowie auf die R\u00fcckverfolgung und Wiederherstellung von Verm\u00f6genswerten zum Schutz und zur...\",\"inLanguage\":\"de\",\"potentialAction\":[{\"@type\":\"ReadAction\",\"target\":[\"https:\/\/www.caledoniaspa.com\/de\/schuldenmanagement\/\"]}]},{\"@type\":\"WebSite\",\"@id\":\"https:\/\/www.caledoniaspa.com\/de\/#website\",\"url\":\"https:\/\/www.caledoniaspa.com\/de\/\",\"name\":\"Caledonia Spa\",\"description\":\"Protect Your Interests\",\"publisher\":{\"@id\":\"https:\/\/www.caledoniaspa.com\/de\/#organization\"},\"potentialAction\":[{\"@type\":\"SearchAction\",\"target\":{\"@type\":\"EntryPoint\",\"urlTemplate\":\"https:\/\/www.caledoniaspa.com\/de\/?s={search_term_string}\"},\"query-input\":{\"@type\":\"PropertyValueSpecification\",\"valueRequired\":true,\"valueName\":\"search_term_string\"}}],\"inLanguage\":\"de\"},{\"@type\":\"Organization\",\"@id\":\"https:\/\/www.caledoniaspa.com\/de\/#organization\",\"name\":\"Caledonia Spa\",\"url\":\"https:\/\/www.caledoniaspa.com\/de\/\",\"logo\":{\"@type\":\"ImageObject\",\"inLanguage\":\"de\",\"@id\":\"https:\/\/www.caledoniaspa.com\/de\/#\/schema\/logo\/image\/\",\"url\":\"https:\/\/www.caledoniaspa.com\/wp-content\/uploads\/logo.svg\",\"contentUrl\":\"https:\/\/www.caledoniaspa.com\/wp-content\/uploads\/logo.svg\",\"caption\":\"Caledonia Spa\"},\"image\":{\"@id\":\"https:\/\/www.caledoniaspa.com\/de\/#\/schema\/logo\/image\/\"},\"sameAs\":[\"https:\/\/it.linkedin.com\/company\/caledonia-s-p-a\"]}]}<\/script>\n<!-- \/ Yoast SEO plugin. -->","yoast_head_json":{"title":"Caledonia Spa, Schuldenmanagement und Inkasso","description":"Caledonia Spa ist auf das Kreditmanagement sowie auf die R\u00fcckverfolgung und Wiederherstellung von Verm\u00f6genswerten zum Schutz und zur...","robots":{"index":"index","follow":"follow","max-snippet":"max-snippet:-1","max-image-preview":"max-image-preview:large","max-video-preview":"max-video-preview:-1"},"canonical":"https:\/\/www.caledoniaspa.com\/de\/schuldenmanagement\/","og_locale":"de_DE","og_type":"article","og_title":"Caledonia Spa, Schuldenmanagement und Inkasso","og_description":"Caledonia Spa ist auf das Kreditmanagement sowie auf die R\u00fcckverfolgung und Wiederherstellung von Verm\u00f6genswerten zum Schutz und zur...","og_url":"https:\/\/www.caledoniaspa.com\/de\/schuldenmanagement\/","og_site_name":"Caledonia Spa","article_modified_time":"2024-03-19T15:14:32+00:00","twitter_card":"summary_large_image","twitter_misc":{"Gesch\u00e4tzte Lesezeit":"2\u00a0Minuten"},"schema":{"@context":"https:\/\/schema.org","@graph":[{"@type":"WebPage","@id":"https:\/\/www.caledoniaspa.com\/de\/schuldenmanagement\/","url":"https:\/\/www.caledoniaspa.com\/de\/schuldenmanagement\/","name":"Caledonia Spa, Schuldenmanagement und Inkasso","isPartOf":{"@id":"https:\/\/www.caledoniaspa.com\/de\/#website"},"datePublished":"2020-12-14T17:14:15+00:00","dateModified":"2024-03-19T15:14:32+00:00","description":"Caledonia Spa ist auf das Kreditmanagement sowie auf die R\u00fcckverfolgung und Wiederherstellung von Verm\u00f6genswerten zum Schutz und zur...","inLanguage":"de","potentialAction":[{"@type":"ReadAction","target":["https:\/\/www.caledoniaspa.com\/de\/schuldenmanagement\/"]}]},{"@type":"WebSite","@id":"https:\/\/www.caledoniaspa.com\/de\/#website","url":"https:\/\/www.caledoniaspa.com\/de\/","name":"Caledonia Spa","description":"Protect Your Interests","publisher":{"@id":"https:\/\/www.caledoniaspa.com\/de\/#organization"},"potentialAction":[{"@type":"SearchAction","target":{"@type":"EntryPoint","urlTemplate":"https:\/\/www.caledoniaspa.com\/de\/?s={search_term_string}"},"query-input":{"@type":"PropertyValueSpecification","valueRequired":true,"valueName":"search_term_string"}}],"inLanguage":"de"},{"@type":"Organization","@id":"https:\/\/www.caledoniaspa.com\/de\/#organization","name":"Caledonia Spa","url":"https:\/\/www.caledoniaspa.com\/de\/","logo":{"@type":"ImageObject","inLanguage":"de","@id":"https:\/\/www.caledoniaspa.com\/de\/#\/schema\/logo\/image\/","url":"https:\/\/www.caledoniaspa.com\/wp-content\/uploads\/logo.svg","contentUrl":"https:\/\/www.caledoniaspa.com\/wp-content\/uploads\/logo.svg","caption":"Caledonia Spa"},"image":{"@id":"https:\/\/www.caledoniaspa.com\/de\/#\/schema\/logo\/image\/"},"sameAs":["https:\/\/it.linkedin.com\/company\/caledonia-s-p-a"]}]}},"_links":{"self":[{"href":"https:\/\/www.caledoniaspa.com\/de\/wp-json\/wp\/v2\/pages\/16214","targetHints":{"allow":["GET"]}}],"collection":[{"href":"https:\/\/www.caledoniaspa.com\/de\/wp-json\/wp\/v2\/pages"}],"about":[{"href":"https:\/\/www.caledoniaspa.com\/de\/wp-json\/wp\/v2\/types\/page"}],"author":[{"embeddable":true,"href":"https:\/\/www.caledoniaspa.com\/de\/wp-json\/wp\/v2\/users\/1"}],"replies":[{"embeddable":true,"href":"https:\/\/www.caledoniaspa.com\/de\/wp-json\/wp\/v2\/comments?post=16214"}],"version-history":[{"count":4,"href":"https:\/\/www.caledoniaspa.com\/de\/wp-json\/wp\/v2\/pages\/16214\/revisions"}],"predecessor-version":[{"id":17118,"href":"https:\/\/www.caledoniaspa.com\/de\/wp-json\/wp\/v2\/pages\/16214\/revisions\/17118"}],"wp:attachment":[{"href":"https:\/\/www.caledoniaspa.com\/de\/wp-json\/wp\/v2\/media?parent=16214"}],"curies":[{"name":"wp","href":"https:\/\/api.w.org\/{rel}","templated":true}]}}