{"id":16202,"date":"2021-01-24T16:22:31","date_gmt":"2021-01-24T15:22:31","guid":{"rendered":"https:\/\/www.caledoniaspa.com\/investigazioni\/"},"modified":"2024-03-19T16:36:13","modified_gmt":"2024-03-19T15:36:13","slug":"ermittlungen","status":"publish","type":"page","link":"https:\/\/www.caledoniaspa.com\/de\/ermittlungen\/","title":{"rendered":"Ermittlungen"},"content":{"rendered":"<div class=\"wpb-content-wrapper\">[vc_section full_width=&#8220;stretch_row&#8220; fade_in_opacity=&#8220;pix-opacity-8&#8243; pix_over_visibility=&#8220;&#8220; responsive_css=&#8220;{&#8222;pix_res_sm_pt&#8222;:&#8222;10px&#8222;,&#8222;pix_res_sm_pb&#8222;:&#8222;40px&#8222;,&#8222;pix_res_md_pt&#8222;:&#8222;10px&#8222;,&#8222;pix_res_md_pb&#8222;:&#8222;40px&#8222;}&#8220; css=&#8220;.vc_custom_1612279492257{padding-top: 150px !important;padding-bottom: 110px !important;background-color: #f8f9fa !important;}&#8220; fade_in_intro=&#8220;14052&#8243;][vc_row pix_particles_check=&#8220;&#8220;][vc_column]<div id=\"H1\" class=\"pix-heading-el text-left  vc_custom_1618836473219\"><div class=\"d-inline-block\" style=\"max-width:1000px;\"><h1 class=\"text-primary font-weight-bold h1 heading-text el-title_custom_color mb-12\" style=\"\" data-anim-type=\"\" data-anim-delay=\"0\">Ermittlungen, Wahrung und Schutz von Interessen als einheitlicher Wert<\/h1><\/div><\/div><div class=\"pix-el-text w-100   vc_custom_1618836479797\" ><div class=\"d-inline-block\" style=\"max-width:1000px;\"><p class=\"text-24  text-body-default  \" ><span class=\"text-body-default animate-in d-inline-block\" data-anim-delay=\"200\" data-anim-type=\"fade-in-up\">Bei Ermittlungst\u00e4tigkeiten, die von Unternehmens-, Versicherungs- und Finanzermittlungen bis hin zu privaten Ermittlungen reichen, stellt Caledonia den Schutz und die Wahrung der Interessen des Kunden stets in den Mittelpunkt seines Dienstleistungs-\u00d6kosystems.<\/span><\/p><\/div><\/div><div class=\"pix-el-text w-100   vc_custom_1618836489922\" ><div class=\"d-inline-block\" style=\"max-width:1000px;\"><p class=\"text-18  text-body-default  \" ><span class=\"text-body-default animate-in d-inline-block\" data-anim-delay=\"200\" data-anim-type=\"fade-in-up\">Spezialkenntnisse und ein qualifiziertes Verst\u00e4ndnis der Fakten werden zu Schl\u00fcsselfaktoren, um jeden Beweis in einen einzigartigen Wert f\u00fcr den Kunden zu wandeln und in jeder Phase individuelle Unterst\u00fctzung zu bieten. Die hohe Spezialisierung wird durch relationale F\u00e4higkeiten erg\u00e4nzt, um ein tiefgreifendes Verst\u00e4ndnis der Person und ihrer Bed\u00fcrfnisse zu erhalten, wobei stets der menschliche Faktor im Vordergrund steht.<\/span><\/p><\/div><\/div>[\/vc_column][\/vc_row][vc_row content_placement=&#8220;middle&#8220; pix_particles_check=&#8220;&#8220; css=&#8220;.vc_custom_1611851634148{padding-top: 60px !important;}&#8220;][vc_column width=&#8220;1\/2&#8243; css=&#8220;.vc_custom_1611850908283{margin-bottom: 35px !important;}&#8220;]<div class=\"card pix-content-box pix-card-element bg-white2 rounded-xl   vc_custom_1618836589468  rounded-xl  overflow-hidden shadow shadow-hover\" ><a   href=\"http:\/\/caledoniaspa.com\/de\/ermittlungen\/untersuchungen-im-unternehmensbereich\/\"><img decoding=\"async\" class=\"w-100\"   srcset=\"https:\/\/www.caledoniaspa.com\/wp-content\/uploads\/caledonia-bonifiche-ambientali-header-300x150.jpg 300w, https:\/\/www.caledoniaspa.com\/wp-content\/uploads\/caledonia-bonifiche-ambientali-header-1024x512.jpg 1024w, https:\/\/www.caledoniaspa.com\/wp-content\/uploads\/caledonia-bonifiche-ambientali-header-150x75.jpg 150w, https:\/\/www.caledoniaspa.com\/wp-content\/uploads\/caledonia-bonifiche-ambientali-header-768x384.jpg 768w, https:\/\/www.caledoniaspa.com\/wp-content\/uploads\/caledonia-bonifiche-ambientali-header-1536x768.jpg 1536w, https:\/\/www.caledoniaspa.com\/wp-content\/uploads\/caledonia-bonifiche-ambientali-header.jpg 1600w\" src=\"https:\/\/www.caledoniaspa.com\/wp-content\/uploads\/caledonia-bonifiche-ambientali-header.jpg\" alt=\"Untersuchungen im Unternehmensbereich\"><\/a><div class=\"pix-card-content bg-white\"><div class=\"card-body py-3\"><div style=\"\" class=\"card-title font-weight-bold text-primary h3 heading-font\">Untersuchungen im Unternehmensbereich<\/div><p class=\"card-text text-body-default \" >Untersuchungen im Unternehmensbereich sch\u00fctzen den Wert des Unternehmens vor unlauterem Wettbewerb, Marken- und Patentf\u00e4lschungen und Untreue von Mitarbeitern.<\/p><\/div><div class=\"card-footer text-right\"><a   href=\"http:\/\/caledoniaspa.com\/de\/ermittlungen\/untersuchungen-im-unternehmensbereich\/\"  class=\"pix-card-link d-flex align-items-center justify-content-end font-weight-bold text-secondary text-sm\"><span class=\"d-inline-block\">Mehr erfahren<\/span><svg class=\"pixfort-icon ml-1\" width=\"24\" height=\"24\"  data-name=\"Line\/pixfort-icon-arrow-right-2\" viewBox=\"2 2 20 20\"><polyline fill=\"none\" stroke=\"var(--pf-icon-color)\" stroke-linecap=\"round\" stroke-linejoin=\"round\" stroke-width=\"var(--pf-icon-stroke-width)\" points=\"9.5 17 14.5 12 9.5 7\"\/><\/svg><\/a><\/div><\/div><\/div>[\/vc_column][vc_column width=&#8220;1\/2&#8243; css=&#8220;.vc_custom_1611850965097{margin-bottom: 35px !important;}&#8220;]<div class=\"card pix-content-box pix-card-element bg-white2 rounded-xl   vc_custom_1710862570483  rounded-xl  overflow-hidden shadow shadow-hover\" ><a   href=\"http:\/\/caledoniaspa.com\/de\/ermittlungen\/versicherungsuntersuchungen\/\"><img decoding=\"async\" class=\"w-100\"   srcset=\"https:\/\/www.caledoniaspa.com\/wp-content\/uploads\/caledonia-indagini-assicurative-1-300x150.jpg 300w, https:\/\/www.caledoniaspa.com\/wp-content\/uploads\/caledonia-indagini-assicurative-1-1024x512.jpg 1024w, https:\/\/www.caledoniaspa.com\/wp-content\/uploads\/caledonia-indagini-assicurative-1-150x75.jpg 150w, https:\/\/www.caledoniaspa.com\/wp-content\/uploads\/caledonia-indagini-assicurative-1-768x384.jpg 768w, https:\/\/www.caledoniaspa.com\/wp-content\/uploads\/caledonia-indagini-assicurative-1-1536x768.jpg 1536w, https:\/\/www.caledoniaspa.com\/wp-content\/uploads\/caledonia-indagini-assicurative-1.jpg 1600w\" src=\"https:\/\/www.caledoniaspa.com\/wp-content\/uploads\/caledonia-indagini-assicurative-1.jpg\" alt=\"Versicherungsuntersuchungen\"><\/a><div class=\"pix-card-content bg-white\"><div class=\"card-body py-3\"><div style=\"\" class=\"card-title font-weight-bold text-primary h3 heading-font\">Versicherungsuntersuchungen<\/div><p class=\"card-text text-body-default \" >Versicherungsuntersuchungen bieten Versicherungsgesellschaften gezielte Unterst\u00fctzung bei der Verh\u00fctung und Bew\u00e4ltigung von Betrug bei Schadensf\u00e4llen, Diebstahl und Sch\u00e4den.<\/p><\/div><div class=\"card-footer text-right\"><a   href=\"http:\/\/caledoniaspa.com\/de\/ermittlungen\/versicherungsuntersuchungen\/\"  class=\"pix-card-link d-flex align-items-center justify-content-end font-weight-bold text-secondary text-sm\"><span class=\"d-inline-block\">Mehr erfahren<\/span><svg class=\"pixfort-icon ml-1\" width=\"24\" height=\"24\"  data-name=\"Line\/pixfort-icon-arrow-right-2\" viewBox=\"2 2 20 20\"><polyline fill=\"none\" stroke=\"var(--pf-icon-color)\" stroke-linecap=\"round\" stroke-linejoin=\"round\" stroke-width=\"var(--pf-icon-stroke-width)\" points=\"9.5 17 14.5 12 9.5 7\"\/><\/svg><\/a><\/div><\/div><\/div>[\/vc_column][\/vc_row][vc_row content_placement=&#8220;middle&#8220; pix_particles_check=&#8220;&#8220;][vc_column width=&#8220;1\/3&#8243; css=&#8220;.vc_custom_1611850914524{margin-bottom: 35px !important;}&#8220;]<div class=\"card pix-content-box pix-card-element bg-white2 rounded-xl   vc_custom_1618836649071  rounded-xl  overflow-hidden shadow shadow-hover\" ><a   href=\"http:\/\/caledoniaspa.com\/de\/ermittlungen\/untersuchungen-im-wirtschafts-und-finanzbereich\"><img decoding=\"async\" class=\"w-100\"   srcset=\"https:\/\/www.caledoniaspa.com\/wp-content\/uploads\/caledonia-indagini-finanziarie-300x150.jpg 300w, https:\/\/www.caledoniaspa.com\/wp-content\/uploads\/caledonia-indagini-finanziarie-1024x512.jpg 1024w, https:\/\/www.caledoniaspa.com\/wp-content\/uploads\/caledonia-indagini-finanziarie-150x75.jpg 150w, https:\/\/www.caledoniaspa.com\/wp-content\/uploads\/caledonia-indagini-finanziarie-768x384.jpg 768w, https:\/\/www.caledoniaspa.com\/wp-content\/uploads\/caledonia-indagini-finanziarie-1536x768.jpg 1536w, https:\/\/www.caledoniaspa.com\/wp-content\/uploads\/caledonia-indagini-finanziarie.jpg 1600w\" src=\"https:\/\/www.caledoniaspa.com\/wp-content\/uploads\/caledonia-indagini-finanziarie.jpg\" alt=\"Untersuchungen im Wirtschafts- und Finanzbereich\"><\/a><div class=\"pix-card-content bg-white\"><div class=\"card-body py-3\"><div style=\"\" class=\"card-title font-weight-bold text-primary h3 heading-font\">Untersuchungen im Wirtschafts- und Finanzbereich<\/div><p class=\"card-text text-body-default \" >Untersuchungen im Wirtschafts- und Finanzbereich best\u00e4tigen die wirtschaftliche und finanzielle Solidit\u00e4t von Einzelpersonen und juristischen Personen, um die Gesch\u00e4ftsm\u00f6glichkeiten zu erweitern.<\/p><\/div><div class=\"card-footer text-right\"><a   href=\"http:\/\/caledoniaspa.com\/de\/ermittlungen\/untersuchungen-im-wirtschafts-und-finanzbereich\"  class=\"pix-card-link d-flex align-items-center justify-content-end font-weight-bold text-secondary text-sm\"><span class=\"d-inline-block\">Mehr erfahren<\/span><svg class=\"pixfort-icon ml-1\" width=\"24\" height=\"24\"  data-name=\"Line\/pixfort-icon-arrow-right-2\" viewBox=\"2 2 20 20\"><polyline fill=\"none\" stroke=\"var(--pf-icon-color)\" stroke-linecap=\"round\" stroke-linejoin=\"round\" stroke-width=\"var(--pf-icon-stroke-width)\" points=\"9.5 17 14.5 12 9.5 7\"\/><\/svg><\/a><\/div><\/div><\/div>[\/vc_column][vc_column width=&#8220;1\/3&#8243; css=&#8220;.vc_custom_1611850937961{margin-bottom: 35px !important;}&#8220;]<div class=\"card pix-content-box pix-card-element bg-white2 rounded-xl   vc_custom_1618838905728  rounded-xl  overflow-hidden shadow shadow-hover\" ><a   href=\"https:\/\/www.caledoniaspa.com\/de\/ermittlungen\/untersuchungen-fuer-die-verteidigung\/\"><img decoding=\"async\" class=\"w-100\"   srcset=\"https:\/\/www.caledoniaspa.com\/wp-content\/uploads\/caledonia-indagini-economiche-300x150.jpg 300w, https:\/\/www.caledoniaspa.com\/wp-content\/uploads\/caledonia-indagini-economiche-1024x512.jpg 1024w, https:\/\/www.caledoniaspa.com\/wp-content\/uploads\/caledonia-indagini-economiche-150x75.jpg 150w, https:\/\/www.caledoniaspa.com\/wp-content\/uploads\/caledonia-indagini-economiche-768x384.jpg 768w, https:\/\/www.caledoniaspa.com\/wp-content\/uploads\/caledonia-indagini-economiche-1536x768.jpg 1536w, https:\/\/www.caledoniaspa.com\/wp-content\/uploads\/caledonia-indagini-economiche.jpg 1600w\" src=\"https:\/\/www.caledoniaspa.com\/wp-content\/uploads\/caledonia-indagini-economiche.jpg\" alt=\"Untersuchungen f\u00fcr die Verteidigung\"><\/a><div class=\"pix-card-content bg-white\"><div class=\"card-body py-3\"><div style=\"\" class=\"card-title font-weight-bold text-primary h3 heading-font\">Untersuchungen f\u00fcr die Verteidigung<\/div><p class=\"card-text text-body-default \" >Untersuchungen f\u00fcr die Verteidigung sind eine spezielle Dienstleistung, die Caledonia Anwaltskanzleien anbietet, um wichtige Informationen f\u00fcr Strafverfahren zu erhalten.<\/p><\/div><div class=\"card-footer text-right\"><a   href=\"https:\/\/www.caledoniaspa.com\/de\/ermittlungen\/untersuchungen-fuer-die-verteidigung\/\"  class=\"pix-card-link d-flex align-items-center justify-content-end font-weight-bold text-secondary text-sm\"><span class=\"d-inline-block\">Mehr erfahren<\/span><svg class=\"pixfort-icon ml-1\" width=\"24\" height=\"24\"  data-name=\"Line\/pixfort-icon-arrow-right-2\" viewBox=\"2 2 20 20\"><polyline fill=\"none\" stroke=\"var(--pf-icon-color)\" stroke-linecap=\"round\" stroke-linejoin=\"round\" stroke-width=\"var(--pf-icon-stroke-width)\" points=\"9.5 17 14.5 12 9.5 7\"\/><\/svg><\/a><\/div><\/div><\/div>[\/vc_column][vc_column width=&#8220;1\/3&#8243; css=&#8220;.vc_custom_1611850943440{margin-bottom: 35px !important;}&#8220;]<div class=\"card pix-content-box pix-card-element bg-white2 rounded-xl   vc_custom_1618836904326  rounded-xl  overflow-hidden shadow shadow-hover\" ><a   href=\"http:\/\/caledoniaspa.com\/de\/ermittlungen\/untersuchungen-im-privatbereich\"><img decoding=\"async\" class=\"w-100\"   srcset=\"https:\/\/www.caledoniaspa.com\/wp-content\/uploads\/caledonia-indagini-private-300x150.jpg 300w, https:\/\/www.caledoniaspa.com\/wp-content\/uploads\/caledonia-indagini-private-1024x512.jpg 1024w, https:\/\/www.caledoniaspa.com\/wp-content\/uploads\/caledonia-indagini-private-150x75.jpg 150w, https:\/\/www.caledoniaspa.com\/wp-content\/uploads\/caledonia-indagini-private-768x384.jpg 768w, https:\/\/www.caledoniaspa.com\/wp-content\/uploads\/caledonia-indagini-private-1536x768.jpg 1536w, https:\/\/www.caledoniaspa.com\/wp-content\/uploads\/caledonia-indagini-private.jpg 1600w\" src=\"https:\/\/www.caledoniaspa.com\/wp-content\/uploads\/caledonia-indagini-private.jpg\" alt=\"Untersuchungen im Privatbereich\"><\/a><div class=\"pix-card-content bg-white\"><div class=\"card-body py-3\"><div style=\"\" class=\"card-title font-weight-bold text-primary h3 heading-font\">Untersuchungen im Privatbereich<\/div><p class=\"card-text text-body-default \" >Untersuchungen im Privatbereich sch\u00fctzen Personen bei ehelicher Untreue, Eigentumsermittlungen und der Kontrolle von Minderj\u00e4hrigen, um deren Sicherheit zu gew\u00e4hrleisten.<\/p><\/div><div class=\"card-footer text-right\"><a   href=\"http:\/\/caledoniaspa.com\/de\/ermittlungen\/untersuchungen-im-privatbereich\"  class=\"pix-card-link d-flex align-items-center justify-content-end font-weight-bold text-secondary text-sm\"><span class=\"d-inline-block\">Mehr erfahren<\/span><svg class=\"pixfort-icon ml-1\" width=\"24\" height=\"24\"  data-name=\"Line\/pixfort-icon-arrow-right-2\" viewBox=\"2 2 20 20\"><polyline fill=\"none\" stroke=\"var(--pf-icon-color)\" stroke-linecap=\"round\" stroke-linejoin=\"round\" stroke-width=\"var(--pf-icon-stroke-width)\" points=\"9.5 17 14.5 12 9.5 7\"\/><\/svg><\/a><\/div><\/div><\/div>[\/vc_column][\/vc_row][\/vc_section]<\/div>","protected":false},"excerpt":{"rendered":"[vc_section full_width=&#8220;stretch_row&#8220; fade_in_opacity=&#8220;pix-opacity-8&#8243; pix_over_visibility=&#8220;&#8220; responsive_css=&#8220;{&#8222;pix_res_sm_pt&#8222;:&#8222;10px&#8222;,&#8222;pix_res_sm_pb&#8222;:&#8222;40px&#8222;,&#8222;pix_res_md_pt&#8222;:&#8222;10px&#8222;,&#8222;pix_res_md_pb&#8222;:&#8222;40px&#8222;}&#8220; css=&#8220;.vc_custom_1612279492257{padding-top: 150px !important;padding-bottom: 110px !important;background-color: #f8f9fa !important;}&#8220; fade_in_intro=&#8220;14052&#8243;][vc_row pix_particles_check=&#8220;&#8220;][vc_column][\/vc_column][\/vc_row][vc_row content_placement=&#8220;middle&#8220; pix_particles_check=&#8220;&#8220; css=&#8220;.vc_custom_1611851634148{padding-top: 60px !important;}&#8220;][vc_column width=&#8220;1\/2&#8243; css=&#8220;.vc_custom_1611850908283{margin-bottom: 35px !important;}&#8220;][\/vc_column][vc_column width=&#8220;1\/2&#8243; css=&#8220;.vc_custom_1611850965097{margin-bottom: 35px !important;}&#8220;][\/vc_column][\/vc_row][vc_row content_placement=&#8220;middle&#8220; pix_particles_check=&#8220;&#8220;][vc_column width=&#8220;1\/3&#8243; css=&#8220;.vc_custom_1611850914524{margin-bottom: 35px !important;}&#8220;][\/vc_column][vc_column width=&#8220;1\/3&#8243; css=&#8220;.vc_custom_1611850937961{margin-bottom: 35px !important;}&#8220;][\/vc_column][vc_column width=&#8220;1\/3&#8243; css=&#8220;.vc_custom_1611850943440{margin-bottom: 35px&#8230;","protected":false},"author":1,"featured_media":0,"parent":0,"menu_order":0,"comment_status":"closed","ping_status":"closed","template":"","meta":{"inline_featured_image":false,"_monsterinsights_skip_tracking":false,"_monsterinsights_sitenote_active":false,"_monsterinsights_sitenote_note":"","_monsterinsights_sitenote_category":0,"footnotes":""},"class_list":["post-16202","page","type-page","status-publish","hentry"],"yoast_head":"<!-- This site is optimized with the Yoast SEO plugin v26.8 - https:\/\/yoast.com\/product\/yoast-seo-wordpress\/ -->\n<title>Caledonia Spa, Ermittlungen<\/title>\n<meta name=\"description\" content=\"Untersuchungen in den Bereichen Wirtschaft, Versicherungen, Wirtschaft und Finanzen sowie private Untersuchungen zum Schutz des...\" \/>\n<meta name=\"robots\" content=\"index, follow, max-snippet:-1, max-image-preview:large, max-video-preview:-1\" \/>\n<link rel=\"canonical\" href=\"https:\/\/www.caledoniaspa.com\/de\/ermittlungen\/\" \/>\n<meta property=\"og:locale\" content=\"de_DE\" \/>\n<meta property=\"og:type\" content=\"article\" \/>\n<meta property=\"og:title\" content=\"Caledonia Spa, Ermittlungen\" \/>\n<meta property=\"og:description\" content=\"Untersuchungen in den Bereichen Wirtschaft, Versicherungen, Wirtschaft und Finanzen sowie private Untersuchungen zum Schutz des...\" \/>\n<meta property=\"og:url\" content=\"https:\/\/www.caledoniaspa.com\/de\/ermittlungen\/\" \/>\n<meta property=\"og:site_name\" content=\"Caledonia Spa\" \/>\n<meta property=\"article:modified_time\" content=\"2024-03-19T15:36:13+00:00\" \/>\n<meta name=\"twitter:card\" content=\"summary_large_image\" \/>\n<meta name=\"twitter:label1\" content=\"Gesch\u00e4tzte Lesezeit\" \/>\n\t<meta name=\"twitter:data1\" content=\"3\u00a0Minuten\" \/>\n<script type=\"application\/ld+json\" class=\"yoast-schema-graph\">{\"@context\":\"https:\/\/schema.org\",\"@graph\":[{\"@type\":\"WebPage\",\"@id\":\"https:\/\/www.caledoniaspa.com\/de\/ermittlungen\/\",\"url\":\"https:\/\/www.caledoniaspa.com\/de\/ermittlungen\/\",\"name\":\"Caledonia Spa, Ermittlungen\",\"isPartOf\":{\"@id\":\"https:\/\/www.caledoniaspa.com\/de\/#website\"},\"datePublished\":\"2021-01-24T15:22:31+00:00\",\"dateModified\":\"2024-03-19T15:36:13+00:00\",\"description\":\"Untersuchungen in den Bereichen Wirtschaft, Versicherungen, Wirtschaft und Finanzen sowie private Untersuchungen zum Schutz des...\",\"inLanguage\":\"de\",\"potentialAction\":[{\"@type\":\"ReadAction\",\"target\":[\"https:\/\/www.caledoniaspa.com\/de\/ermittlungen\/\"]}]},{\"@type\":\"WebSite\",\"@id\":\"https:\/\/www.caledoniaspa.com\/de\/#website\",\"url\":\"https:\/\/www.caledoniaspa.com\/de\/\",\"name\":\"Caledonia Spa\",\"description\":\"Protect Your Interests\",\"publisher\":{\"@id\":\"https:\/\/www.caledoniaspa.com\/de\/#organization\"},\"potentialAction\":[{\"@type\":\"SearchAction\",\"target\":{\"@type\":\"EntryPoint\",\"urlTemplate\":\"https:\/\/www.caledoniaspa.com\/de\/?s={search_term_string}\"},\"query-input\":{\"@type\":\"PropertyValueSpecification\",\"valueRequired\":true,\"valueName\":\"search_term_string\"}}],\"inLanguage\":\"de\"},{\"@type\":\"Organization\",\"@id\":\"https:\/\/www.caledoniaspa.com\/de\/#organization\",\"name\":\"Caledonia Spa\",\"url\":\"https:\/\/www.caledoniaspa.com\/de\/\",\"logo\":{\"@type\":\"ImageObject\",\"inLanguage\":\"de\",\"@id\":\"https:\/\/www.caledoniaspa.com\/de\/#\/schema\/logo\/image\/\",\"url\":\"https:\/\/www.caledoniaspa.com\/wp-content\/uploads\/logo.svg\",\"contentUrl\":\"https:\/\/www.caledoniaspa.com\/wp-content\/uploads\/logo.svg\",\"caption\":\"Caledonia Spa\"},\"image\":{\"@id\":\"https:\/\/www.caledoniaspa.com\/de\/#\/schema\/logo\/image\/\"},\"sameAs\":[\"https:\/\/it.linkedin.com\/company\/caledonia-s-p-a\"]}]}<\/script>\n<!-- \/ Yoast SEO plugin. -->","yoast_head_json":{"title":"Caledonia Spa, Ermittlungen","description":"Untersuchungen in den Bereichen Wirtschaft, Versicherungen, Wirtschaft und Finanzen sowie private Untersuchungen zum Schutz des...","robots":{"index":"index","follow":"follow","max-snippet":"max-snippet:-1","max-image-preview":"max-image-preview:large","max-video-preview":"max-video-preview:-1"},"canonical":"https:\/\/www.caledoniaspa.com\/de\/ermittlungen\/","og_locale":"de_DE","og_type":"article","og_title":"Caledonia Spa, Ermittlungen","og_description":"Untersuchungen in den Bereichen Wirtschaft, Versicherungen, Wirtschaft und Finanzen sowie private Untersuchungen zum Schutz des...","og_url":"https:\/\/www.caledoniaspa.com\/de\/ermittlungen\/","og_site_name":"Caledonia Spa","article_modified_time":"2024-03-19T15:36:13+00:00","twitter_card":"summary_large_image","twitter_misc":{"Gesch\u00e4tzte Lesezeit":"3\u00a0Minuten"},"schema":{"@context":"https:\/\/schema.org","@graph":[{"@type":"WebPage","@id":"https:\/\/www.caledoniaspa.com\/de\/ermittlungen\/","url":"https:\/\/www.caledoniaspa.com\/de\/ermittlungen\/","name":"Caledonia Spa, Ermittlungen","isPartOf":{"@id":"https:\/\/www.caledoniaspa.com\/de\/#website"},"datePublished":"2021-01-24T15:22:31+00:00","dateModified":"2024-03-19T15:36:13+00:00","description":"Untersuchungen in den Bereichen Wirtschaft, Versicherungen, Wirtschaft und Finanzen sowie private Untersuchungen zum Schutz des...","inLanguage":"de","potentialAction":[{"@type":"ReadAction","target":["https:\/\/www.caledoniaspa.com\/de\/ermittlungen\/"]}]},{"@type":"WebSite","@id":"https:\/\/www.caledoniaspa.com\/de\/#website","url":"https:\/\/www.caledoniaspa.com\/de\/","name":"Caledonia Spa","description":"Protect Your Interests","publisher":{"@id":"https:\/\/www.caledoniaspa.com\/de\/#organization"},"potentialAction":[{"@type":"SearchAction","target":{"@type":"EntryPoint","urlTemplate":"https:\/\/www.caledoniaspa.com\/de\/?s={search_term_string}"},"query-input":{"@type":"PropertyValueSpecification","valueRequired":true,"valueName":"search_term_string"}}],"inLanguage":"de"},{"@type":"Organization","@id":"https:\/\/www.caledoniaspa.com\/de\/#organization","name":"Caledonia Spa","url":"https:\/\/www.caledoniaspa.com\/de\/","logo":{"@type":"ImageObject","inLanguage":"de","@id":"https:\/\/www.caledoniaspa.com\/de\/#\/schema\/logo\/image\/","url":"https:\/\/www.caledoniaspa.com\/wp-content\/uploads\/logo.svg","contentUrl":"https:\/\/www.caledoniaspa.com\/wp-content\/uploads\/logo.svg","caption":"Caledonia Spa"},"image":{"@id":"https:\/\/www.caledoniaspa.com\/de\/#\/schema\/logo\/image\/"},"sameAs":["https:\/\/it.linkedin.com\/company\/caledonia-s-p-a"]}]}},"_links":{"self":[{"href":"https:\/\/www.caledoniaspa.com\/de\/wp-json\/wp\/v2\/pages\/16202","targetHints":{"allow":["GET"]}}],"collection":[{"href":"https:\/\/www.caledoniaspa.com\/de\/wp-json\/wp\/v2\/pages"}],"about":[{"href":"https:\/\/www.caledoniaspa.com\/de\/wp-json\/wp\/v2\/types\/page"}],"author":[{"embeddable":true,"href":"https:\/\/www.caledoniaspa.com\/de\/wp-json\/wp\/v2\/users\/1"}],"replies":[{"embeddable":true,"href":"https:\/\/www.caledoniaspa.com\/de\/wp-json\/wp\/v2\/comments?post=16202"}],"version-history":[{"count":5,"href":"https:\/\/www.caledoniaspa.com\/de\/wp-json\/wp\/v2\/pages\/16202\/revisions"}],"predecessor-version":[{"id":17139,"href":"https:\/\/www.caledoniaspa.com\/de\/wp-json\/wp\/v2\/pages\/16202\/revisions\/17139"}],"wp:attachment":[{"href":"https:\/\/www.caledoniaspa.com\/de\/wp-json\/wp\/v2\/media?parent=16202"}],"curies":[{"name":"wp","href":"https:\/\/api.w.org\/{rel}","templated":true}]}}