{"id":16187,"date":"2021-01-26T18:05:26","date_gmt":"2021-01-26T17:05:26","guid":{"rendered":"https:\/\/www.caledoniaspa.com\/indagini-difensive\/"},"modified":"2021-04-19T14:33:24","modified_gmt":"2021-04-19T12:33:24","slug":"untersuchungen-fuer-die-verteidigung","status":"publish","type":"page","link":"https:\/\/www.caledoniaspa.com\/de\/ermittlungen\/untersuchungen-fuer-die-verteidigung\/","title":{"rendered":"Untersuchungen f\u00fcr die Verteidigung"},"content":{"rendered":"<div class=\"wpb-content-wrapper\"><p>[vc_section full_width=&#8220;stretch_row&#8220; content_placement=&#8220;middle&#8220; fade_in_opacity=&#8220;pix-opacity-6&#8243; pix_over_visibility=&#8220;&#8220; pix_overlay_color=&#8220;black&#8220; css=&#8220;.vc_custom_1616515545376{background-color: #ffffff !important;}&#8220; pix_overlay_opacity=&#8220;1&#8243; b_custom_height=&#8220;300px&#8220; fade_in_intro=&#8220;15575&#8243;][vc_row pix_particles_check=&#8220;&#8220; responsive_css=&#8220;{&#8222;pix_res_sm_pt&#8222;:&#8222;0px&#8222;,&#8222;pix_res_md_pt&#8222;:&#8222;0px&#8222;}&#8220; css=&#8220;.vc_custom_1612279283236{padding-top: 150px !important;padding-bottom: 70px !important;}&#8220;][vc_column css=&#8220;.vc_custom_1611481106197{padding-top: 20px !important;padding-bottom: 20px !important;}&#8220;]<div id=\"H1\" class=\"pix-heading-el text-left  vc_custom_1618835458498\"><div class=\"d-inline-block\" style=\"max-width:900px;\"><h1 class=\"text-white font-weight-bold h1 animate-in heading-text el-title_custom_color mb-12\" style=\"\" data-anim-type=\"fade-in\" data-anim-delay=\"200\">Untersuchungen f\u00fcr die Verteidigung, Informationen als Verteidigungsfaktor<\/h1><\/div><\/div><div class=\"pix-el-text w-100   vc_custom_1618835465031\" ><div class=\"d-inline-block\" style=\"max-width:900px;\"><p class=\"text-24  text-white  \" ><span class=\"text-white animate-in d-inline-block\" data-anim-delay=\"400\" data-anim-type=\"fade-in-up\">Caledonia f\u00fchrt seine Ermittlungst\u00e4tigkeit durch, um Anwaltskanzleien in Strafverfahren zu unterst\u00fctzen und Informationen zu sammeln, die die Fremdheit von Tatsachen oder die Unschuld einer Partei untermauern sollen.<\/span><\/p><\/div><\/div><a  href=\"http:\/\/www.caledoniaspa.com\/de\/kontakte\/\" class=\"btn mb-2    vc_custom_1618835474438  shadow-sm shadow-hover-sm text-primary btn-white d-inline-flex align-items-center pix-hover-item       btn-md\"     ><span class=\"font-weight-bold \" >Kontaktieren Sie uns<\/span><svg class=\"pixfort-icon font-weight-bold  pix-hover-right  ml-2\" width=\"24\" height=\"24\"  data-name=\"Line\/pixfort-icon-arrow-right-2\" viewBox=\"2 2 20 20\"><polyline fill=\"none\" stroke=\"var(--pf-icon-color)\" stroke-linecap=\"round\" stroke-linejoin=\"round\" stroke-width=\"var(--pf-icon-stroke-width)\" points=\"9.5 17 14.5 12 9.5 7\"\/><\/svg><\/a>[\/vc_column][\/vc_row][\/vc_section][vc_section full_width=&#8220;stretch_row&#8220; pix_over_visibility=&#8220;&#8220; css=&#8220;.vc_custom_1611481625985{background-color: #f8f9fa !important;}&#8220; fade_in_intro=&#8220;14052&#8243;][vc_row full_width=&#8220;stretch_row&#8220; gap=&#8220;35&#8243; content_placement=&#8220;top&#8220; pix_particles_check=&#8220;&#8220; css=&#8220;.vc_custom_1611481444397{padding-top: 70px !important;padding-bottom: 75px !important;}&#8220;][vc_column width=&#8220;1\/2&#8243;][vc_column_text]<\/p><h2><strong>M\u00fcssen Sie Ihre Unschuld beweisen?<\/strong><\/h2><p>[\/vc_column_text][vc_separator color=&#8220;custom&#8220; border_width=&#8220;3&#8243; accent_color=&#8220;#3dc4f2&#8243;][\/vc_column][vc_column width=&#8220;1\/2&#8243;][vc_column_text]<\/p><p><strong>Caledonia begleitet und unterst\u00fctzt Anwaltskanzleien bei allen Ermittlungst\u00e4tigkeiten im Rahmen eines Strafverfahrens.<\/strong><br \/><strong>Die Ermittlungsabteilung von Caledonia ist mit den wichtigsten nationalen und internationalen Handelsverb\u00e4nden f\u00fcr die Durchf\u00fchrung von T\u00e4tigkeiten im In- und Ausland verbunden.<\/strong><\/p><p>[\/vc_column_text][\/vc_column][\/vc_row][\/vc_section][vc_section full_width=&#8220;stretch_row&#8220; pix_over_visibility=&#8220;&#8220; css=&#8220;.vc_custom_1611481992104{padding-bottom: 100px !important;background-color: #ffffff !important;}&#8220;][vc_row full_width=&#8220;stretch_row&#8220; gap=&#8220;35&#8243; content_placement=&#8220;top&#8220; pix_particles_check=&#8220;&#8220; css=&#8220;.vc_custom_1611481821667{padding-top: 80px !important;padding-bottom: 35px !important;}&#8220;][vc_column width=&#8220;1\/6&#8243; content_align=&#8220;text-center&#8220;]<div id=\"duo-icon-33534962\" class=\"pix-icon text-left  vc_custom_1611680925706\"><div class=\"pix-icon-bg rounded-circle feature_img position-relative d-inline-flex align-items-center justify-content-center bg-secondary shadow-sm\"   style=\" width:153px;height:153px;position:relative;line-height:153px;text-align:center;\"><span style=\"font-size:85px;line-height:85px;\" class=\"text-white d-inline-flex align-middle\"><svg class=\"pixfort-icon \" width=\"85\" height=\"85\"  data-name=\"Line\/pixfort-icon-person-hat-2\" viewBox=\"2 2 20 20\"><path fill=\"none\" stroke=\"var(--pf-icon-color)\" stroke-linecap=\"round\" stroke-linejoin=\"round\" stroke-width=\"var(--pf-icon-stroke-width)\" d=\"M4,21 C6,18 8.75,17 12,17 C15.25,17 18,18 20,21 M9.31081639,8.03883119 C8.50556501,8.77055399 8,9.82623648 8,11 C8,13.209139 9.790861,15 12,15 C14.209139,15 16,13.209139 16,11 C16,9.83153718 15.4989909,8.7800913 14.7000748,8.04876435 M11.0206906,3 L12.4188612,3 C13.3631019,3 14.2014049,3.60421456 14.5,4.5 L14.7380283,5.21408502 C14.905766,5.71729793 15.2665341,6.13326703 15.7409677,6.37048387 L19,8 L19,8 L5,8 L8.08907136,6.45546432 C8.66139132,6.16930434 9.06223751,5.62657492 9.16743201,4.99540791 L9.25,4.5 C9.39426382,3.63441709 10.1431681,3 11.0206906,3 Z M8.5,17.5 L12,21 L15.5,17.5\"\/><\/svg><\/span><\/div><\/div>[\/vc_column][vc_column width=&#8220;5\/6&#8243; css=&#8220;.vc_custom_1611482334859{padding-left: 50px !important;}&#8220;]<div id=\"H2\" class=\"pix-heading-el text-left  vc_custom_1618835516425\"><h2 class=\"text-primary font-weight-bold h2 heading-text el-title_custom_color mb-12\" style=\"\" data-anim-type=\"\" data-anim-delay=\"0\">Untersuchungen f\u00fcr die Verteidigung<\/h2><\/div><div id=\"H3\" class=\"pix-heading-el text-left  vc_custom_1618835523051\"><h3 class=\"text-secondary font-weight-bold h3 heading-text el-title_custom_color mb-12\" style=\"\" data-anim-type=\"\" data-anim-delay=\"0\">Die Grundlage f\u00fcr den Aufbau einer soliden Verteidigung<\/h3><\/div>[vc_column_text]Bei Strafverfahren k\u00f6nnen hochqualifizierte und professionelle Personen neben der Anwaltskanzlei als begleitende Berater fungieren. Caledonia bietet privaten Ermittlern daher solide Rechtsgrundlagen und nachgewiesene technische F\u00e4higkeiten, um Ermittlungst\u00e4tigkeiten durchzuf\u00fchren und ein vollst\u00e4ndigeres Bild der jeweiligen Situation zu erhalten.<br \/>Diese Personen arbeiten mit maximaler Zur\u00fcckhaltung und Professionalit\u00e4t f\u00fcr die Erstellung einer soliden Verteidigungsstrategie.[\/vc_column_text][\/vc_column][\/vc_row][\/vc_section]<\/p><\/div>","protected":false},"excerpt":{"rendered":"[vc_section full_width=&#8220;stretch_row&#8220; content_placement=&#8220;middle&#8220; fade_in_opacity=&#8220;pix-opacity-6&#8243; pix_over_visibility=&#8220;&#8220; pix_overlay_color=&#8220;black&#8220; css=&#8220;.vc_custom_1616515545376{background-color: #ffffff !important;}&#8220; pix_overlay_opacity=&#8220;1&#8243; b_custom_height=&#8220;300px&#8220; fade_in_intro=&#8220;15575&#8243;][vc_row pix_particles_check=&#8220;&#8220; responsive_css=&#8220;{&#8222;pix_res_sm_pt&#8222;:&#8222;0px&#8222;,&#8222;pix_res_md_pt&#8222;:&#8222;0px&#8222;}&#8220; css=&#8220;.vc_custom_1612279283236{padding-top: 150px !important;padding-bottom: 70px !important;}&#8220;][vc_column css=&#8220;.vc_custom_1611481106197{padding-top: 20px !important;padding-bottom: 20px !important;}&#8220;][\/vc_column][\/vc_row][\/vc_section][vc_section full_width=&#8220;stretch_row&#8220; pix_over_visibility=&#8220;&#8220; css=&#8220;.vc_custom_1611481625985{background-color: #f8f9fa !important;}&#8220; fade_in_intro=&#8220;14052&#8243;][vc_row full_width=&#8220;stretch_row&#8220; gap=&#8220;35&#8243; content_placement=&#8220;top&#8220; pix_particles_check=&#8220;&#8220; css=&#8220;.vc_custom_1611481444397{padding-top: 70px !important;padding-bottom: 75px !important;}&#8220;][vc_column width=&#8220;1\/2&#8243;][vc_column_text]M\u00fcssen&#8230;","protected":false},"author":1,"featured_media":0,"parent":16202,"menu_order":0,"comment_status":"closed","ping_status":"closed","template":"","meta":{"inline_featured_image":false,"_monsterinsights_skip_tracking":false,"_monsterinsights_sitenote_active":false,"_monsterinsights_sitenote_note":"","_monsterinsights_sitenote_category":0,"footnotes":""},"class_list":["post-16187","page","type-page","status-publish","hentry"],"yoast_head":"<!-- This site is optimized with the Yoast SEO plugin v26.8 - https:\/\/yoast.com\/product\/yoast-seo-wordpress\/ -->\n<title>Caledonia Spa, Untersuchungen f\u00fcr die Verteidigung f\u00fcr Anwaltskanzleien<\/title>\n<meta name=\"description\" content=\"Die von Caledonia Spa durchgef\u00fchrten Verteidigungsuntersuchungen bieten Anwaltskanzleien die M\u00f6glichkeit, Informationen abzurufen...\" \/>\n<meta name=\"robots\" content=\"index, follow, max-snippet:-1, max-image-preview:large, max-video-preview:-1\" \/>\n<link rel=\"canonical\" href=\"https:\/\/www.caledoniaspa.com\/de\/ermittlungen\/untersuchungen-fuer-die-verteidigung\/\" \/>\n<meta property=\"og:locale\" content=\"de_DE\" \/>\n<meta property=\"og:type\" content=\"article\" \/>\n<meta property=\"og:title\" content=\"Caledonia Spa, Untersuchungen f\u00fcr die Verteidigung f\u00fcr Anwaltskanzleien\" \/>\n<meta property=\"og:description\" content=\"Die von Caledonia Spa durchgef\u00fchrten Verteidigungsuntersuchungen bieten Anwaltskanzleien die M\u00f6glichkeit, Informationen abzurufen...\" \/>\n<meta property=\"og:url\" content=\"https:\/\/www.caledoniaspa.com\/de\/ermittlungen\/untersuchungen-fuer-die-verteidigung\/\" \/>\n<meta property=\"og:site_name\" content=\"Caledonia Spa\" \/>\n<meta property=\"article:modified_time\" content=\"2021-04-19T12:33:24+00:00\" \/>\n<meta name=\"twitter:card\" content=\"summary_large_image\" \/>\n<meta name=\"twitter:label1\" content=\"Gesch\u00e4tzte Lesezeit\" \/>\n\t<meta name=\"twitter:data1\" content=\"2\u00a0Minuten\" \/>\n<script type=\"application\/ld+json\" class=\"yoast-schema-graph\">{\"@context\":\"https:\/\/schema.org\",\"@graph\":[{\"@type\":\"WebPage\",\"@id\":\"https:\/\/www.caledoniaspa.com\/de\/ermittlungen\/untersuchungen-fuer-die-verteidigung\/\",\"url\":\"https:\/\/www.caledoniaspa.com\/de\/ermittlungen\/untersuchungen-fuer-die-verteidigung\/\",\"name\":\"Caledonia Spa, Untersuchungen f\u00fcr die Verteidigung f\u00fcr Anwaltskanzleien\",\"isPartOf\":{\"@id\":\"https:\/\/www.caledoniaspa.com\/de\/#website\"},\"datePublished\":\"2021-01-26T17:05:26+00:00\",\"dateModified\":\"2021-04-19T12:33:24+00:00\",\"description\":\"Die von Caledonia Spa durchgef\u00fchrten Verteidigungsuntersuchungen bieten Anwaltskanzleien die M\u00f6glichkeit, Informationen abzurufen...\",\"breadcrumb\":{\"@id\":\"https:\/\/www.caledoniaspa.com\/de\/ermittlungen\/untersuchungen-fuer-die-verteidigung\/#breadcrumb\"},\"inLanguage\":\"de\",\"potentialAction\":[{\"@type\":\"ReadAction\",\"target\":[\"https:\/\/www.caledoniaspa.com\/de\/ermittlungen\/untersuchungen-fuer-die-verteidigung\/\"]}]},{\"@type\":\"BreadcrumbList\",\"@id\":\"https:\/\/www.caledoniaspa.com\/de\/ermittlungen\/untersuchungen-fuer-die-verteidigung\/#breadcrumb\",\"itemListElement\":[{\"@type\":\"ListItem\",\"position\":1,\"name\":\"Ermittlungen\",\"item\":\"https:\/\/www.caledoniaspa.com\/de\/ermittlungen\/\"},{\"@type\":\"ListItem\",\"position\":2,\"name\":\"Untersuchungen f\u00fcr die Verteidigung\"}]},{\"@type\":\"WebSite\",\"@id\":\"https:\/\/www.caledoniaspa.com\/de\/#website\",\"url\":\"https:\/\/www.caledoniaspa.com\/de\/\",\"name\":\"Caledonia Spa\",\"description\":\"Protect Your Interests\",\"publisher\":{\"@id\":\"https:\/\/www.caledoniaspa.com\/de\/#organization\"},\"potentialAction\":[{\"@type\":\"SearchAction\",\"target\":{\"@type\":\"EntryPoint\",\"urlTemplate\":\"https:\/\/www.caledoniaspa.com\/de\/?s={search_term_string}\"},\"query-input\":{\"@type\":\"PropertyValueSpecification\",\"valueRequired\":true,\"valueName\":\"search_term_string\"}}],\"inLanguage\":\"de\"},{\"@type\":\"Organization\",\"@id\":\"https:\/\/www.caledoniaspa.com\/de\/#organization\",\"name\":\"Caledonia Spa\",\"url\":\"https:\/\/www.caledoniaspa.com\/de\/\",\"logo\":{\"@type\":\"ImageObject\",\"inLanguage\":\"de\",\"@id\":\"https:\/\/www.caledoniaspa.com\/de\/#\/schema\/logo\/image\/\",\"url\":\"https:\/\/www.caledoniaspa.com\/wp-content\/uploads\/logo.svg\",\"contentUrl\":\"https:\/\/www.caledoniaspa.com\/wp-content\/uploads\/logo.svg\",\"caption\":\"Caledonia Spa\"},\"image\":{\"@id\":\"https:\/\/www.caledoniaspa.com\/de\/#\/schema\/logo\/image\/\"},\"sameAs\":[\"https:\/\/it.linkedin.com\/company\/caledonia-s-p-a\"]}]}<\/script>\n<!-- \/ Yoast SEO plugin. -->","yoast_head_json":{"title":"Caledonia Spa, Untersuchungen f\u00fcr die Verteidigung f\u00fcr Anwaltskanzleien","description":"Die von Caledonia Spa durchgef\u00fchrten Verteidigungsuntersuchungen bieten Anwaltskanzleien die M\u00f6glichkeit, Informationen abzurufen...","robots":{"index":"index","follow":"follow","max-snippet":"max-snippet:-1","max-image-preview":"max-image-preview:large","max-video-preview":"max-video-preview:-1"},"canonical":"https:\/\/www.caledoniaspa.com\/de\/ermittlungen\/untersuchungen-fuer-die-verteidigung\/","og_locale":"de_DE","og_type":"article","og_title":"Caledonia Spa, Untersuchungen f\u00fcr die Verteidigung f\u00fcr Anwaltskanzleien","og_description":"Die von Caledonia Spa durchgef\u00fchrten Verteidigungsuntersuchungen bieten Anwaltskanzleien die M\u00f6glichkeit, Informationen abzurufen...","og_url":"https:\/\/www.caledoniaspa.com\/de\/ermittlungen\/untersuchungen-fuer-die-verteidigung\/","og_site_name":"Caledonia Spa","article_modified_time":"2021-04-19T12:33:24+00:00","twitter_card":"summary_large_image","twitter_misc":{"Gesch\u00e4tzte Lesezeit":"2\u00a0Minuten"},"schema":{"@context":"https:\/\/schema.org","@graph":[{"@type":"WebPage","@id":"https:\/\/www.caledoniaspa.com\/de\/ermittlungen\/untersuchungen-fuer-die-verteidigung\/","url":"https:\/\/www.caledoniaspa.com\/de\/ermittlungen\/untersuchungen-fuer-die-verteidigung\/","name":"Caledonia Spa, Untersuchungen f\u00fcr die Verteidigung f\u00fcr Anwaltskanzleien","isPartOf":{"@id":"https:\/\/www.caledoniaspa.com\/de\/#website"},"datePublished":"2021-01-26T17:05:26+00:00","dateModified":"2021-04-19T12:33:24+00:00","description":"Die von Caledonia Spa durchgef\u00fchrten Verteidigungsuntersuchungen bieten Anwaltskanzleien die M\u00f6glichkeit, Informationen abzurufen...","breadcrumb":{"@id":"https:\/\/www.caledoniaspa.com\/de\/ermittlungen\/untersuchungen-fuer-die-verteidigung\/#breadcrumb"},"inLanguage":"de","potentialAction":[{"@type":"ReadAction","target":["https:\/\/www.caledoniaspa.com\/de\/ermittlungen\/untersuchungen-fuer-die-verteidigung\/"]}]},{"@type":"BreadcrumbList","@id":"https:\/\/www.caledoniaspa.com\/de\/ermittlungen\/untersuchungen-fuer-die-verteidigung\/#breadcrumb","itemListElement":[{"@type":"ListItem","position":1,"name":"Ermittlungen","item":"https:\/\/www.caledoniaspa.com\/de\/ermittlungen\/"},{"@type":"ListItem","position":2,"name":"Untersuchungen f\u00fcr die Verteidigung"}]},{"@type":"WebSite","@id":"https:\/\/www.caledoniaspa.com\/de\/#website","url":"https:\/\/www.caledoniaspa.com\/de\/","name":"Caledonia Spa","description":"Protect Your Interests","publisher":{"@id":"https:\/\/www.caledoniaspa.com\/de\/#organization"},"potentialAction":[{"@type":"SearchAction","target":{"@type":"EntryPoint","urlTemplate":"https:\/\/www.caledoniaspa.com\/de\/?s={search_term_string}"},"query-input":{"@type":"PropertyValueSpecification","valueRequired":true,"valueName":"search_term_string"}}],"inLanguage":"de"},{"@type":"Organization","@id":"https:\/\/www.caledoniaspa.com\/de\/#organization","name":"Caledonia Spa","url":"https:\/\/www.caledoniaspa.com\/de\/","logo":{"@type":"ImageObject","inLanguage":"de","@id":"https:\/\/www.caledoniaspa.com\/de\/#\/schema\/logo\/image\/","url":"https:\/\/www.caledoniaspa.com\/wp-content\/uploads\/logo.svg","contentUrl":"https:\/\/www.caledoniaspa.com\/wp-content\/uploads\/logo.svg","caption":"Caledonia Spa"},"image":{"@id":"https:\/\/www.caledoniaspa.com\/de\/#\/schema\/logo\/image\/"},"sameAs":["https:\/\/it.linkedin.com\/company\/caledonia-s-p-a"]}]}},"_links":{"self":[{"href":"https:\/\/www.caledoniaspa.com\/de\/wp-json\/wp\/v2\/pages\/16187","targetHints":{"allow":["GET"]}}],"collection":[{"href":"https:\/\/www.caledoniaspa.com\/de\/wp-json\/wp\/v2\/pages"}],"about":[{"href":"https:\/\/www.caledoniaspa.com\/de\/wp-json\/wp\/v2\/types\/page"}],"author":[{"embeddable":true,"href":"https:\/\/www.caledoniaspa.com\/de\/wp-json\/wp\/v2\/users\/1"}],"replies":[{"embeddable":true,"href":"https:\/\/www.caledoniaspa.com\/de\/wp-json\/wp\/v2\/comments?post=16187"}],"version-history":[{"count":2,"href":"https:\/\/www.caledoniaspa.com\/de\/wp-json\/wp\/v2\/pages\/16187\/revisions"}],"predecessor-version":[{"id":16190,"href":"https:\/\/www.caledoniaspa.com\/de\/wp-json\/wp\/v2\/pages\/16187\/revisions\/16190"}],"up":[{"embeddable":true,"href":"https:\/\/www.caledoniaspa.com\/de\/wp-json\/wp\/v2\/pages\/16202"}],"wp:attachment":[{"href":"https:\/\/www.caledoniaspa.com\/de\/wp-json\/wp\/v2\/media?parent=16187"}],"curies":[{"name":"wp","href":"https:\/\/api.w.org\/{rel}","templated":true}]}}